{"id":1586,"date":"2019-07-07T17:26:35","date_gmt":"2019-07-07T15:26:35","guid":{"rendered":"https:\/\/www.hopshop.eu\/dodavka\/"},"modified":"2019-07-17T21:15:18","modified_gmt":"2019-07-17T19:15:18","slug":"doprava","status":"publish","type":"page","link":"https:\/\/www.hopshop.eu\/cs\/doprava\/","title":{"rendered":"Doprava"},"content":{"rendered":"<p><strong>GLS odpov\u00edd\u00e1 za doru\u010dov\u00e1n\u00ed na\u0161ich bal\u00ed\u010dk\u016f.<\/strong><\/p>\n<p>V\u0161echny objedn\u00e1vky zadan\u00e9 do 15. dne jsou odesl\u00e1ny ve stejn\u00fd den a ve v\u011bt\u0161in\u011b p\u0159\u00edpad\u016f doru\u010deny n\u00e1sleduj\u00edc\u00ed pracovn\u00ed den.<\/p>\n<p>Kdy\u017e je va\u0161e objedn\u00e1vka zabalena a p\u0159ipravena se vzd\u00e1t GLS, budeme v\u00e1s informovat e-mailem.<\/p>\n<p>Pokud adresu nedostanete v dob\u011b doru\u010den\u00ed, obdr\u017e\u00edte v po\u0161tovn\u00ed schr\u00e1nce ozn\u00e1men\u00ed se v\u0161emi informacemi pro vyzvednut\u00ed bal\u00edku na nejbli\u017e\u0161\u00ed GLS, kde bude bal\u00ed\u010dek trvat 15 dn\u00ed.<\/p>\n<p>&nbsp;<\/p>\n<p><strong>Cena za doru\u010den\u00ed:<\/strong><\/p>\n<p>Dodac\u00ed n\u00e1klady jsou 75 CZK, a kdy\u017e zakoup\u00edte v\u00edce ne\u017e 765 CZK, schov\u00e1v\u00e1me va\u0161i dod\u00e1vku a je zdarma.<\/p>\n","protected":false},"excerpt":{"rendered":"<p>GLS odpov\u00edd\u00e1 za doru\u010dov\u00e1n\u00ed na\u0161ich bal\u00ed\u010dk\u016f. V\u0161echny objedn\u00e1vky zadan\u00e9 do 15. dne jsou odesl\u00e1ny ve stejn\u00fd den a ve v\u011bt\u0161in\u011b p\u0159\u00edpad\u016f doru\u010deny n\u00e1sleduj\u00edc\u00ed pracovn\u00ed den. Kdy\u017e je va\u0161e objedn\u00e1vka zabalena a p\u0159ipravena se vzd\u00e1t GLS, budeme v\u00e1s informovat e-mailem. Pokud adresu nedostanete v dob\u011b doru\u010den\u00ed, obdr\u017e\u00edte v po\u0161tovn\u00ed schr\u00e1nce ozn\u00e1men\u00ed se v\u0161emi informacemi pro vyzvednut\u00ed [&#8230;]\n","protected":false},"author":1,"featured_media":0,"parent":0,"menu_order":0,"comment_status":"closed","ping_status":"closed","template":"","meta":{"footnotes":""},"class_list":["post-1586","page","type-page","status-publish","hentry"],"yoast_head":"<!-- This site is optimized with the Yoast SEO plugin v26.9 - https:\/\/yoast.com\/product\/yoast-seo-wordpress\/ -->\n<title>Doprava - Hopshop.eu<\/title>\n<meta name=\"robots\" content=\"index, follow, max-snippet:-1, max-image-preview:large, max-video-preview:-1\" \/>\n<link rel=\"canonical\" href=\"https:\/\/www.hopshop.eu\/cs\/doprava\/\" \/>\n<meta property=\"og:locale\" content=\"cs_CZ\" \/>\n<meta property=\"og:type\" content=\"article\" \/>\n<meta property=\"og:title\" content=\"Doprava - Hopshop.eu\" \/>\n<meta property=\"og:description\" content=\"GLS odpov\u00edd\u00e1 za doru\u010dov\u00e1n\u00ed na\u0161ich bal\u00ed\u010dk\u016f. V\u0161echny objedn\u00e1vky zadan\u00e9 do 15. dne jsou odesl\u00e1ny ve stejn\u00fd den a ve v\u011bt\u0161in\u011b p\u0159\u00edpad\u016f doru\u010deny n\u00e1sleduj\u00edc\u00ed pracovn\u00ed den. Kdy\u017e je va\u0161e objedn\u00e1vka zabalena a p\u0159ipravena se vzd\u00e1t GLS, budeme v\u00e1s informovat e-mailem. Pokud adresu nedostanete v dob\u011b doru\u010den\u00ed, obdr\u017e\u00edte v po\u0161tovn\u00ed schr\u00e1nce ozn\u00e1men\u00ed se v\u0161emi informacemi pro vyzvednut\u00ed [...]\" \/>\n<meta property=\"og:url\" content=\"https:\/\/www.hopshop.eu\/cs\/doprava\/\" \/>\n<meta property=\"og:site_name\" content=\"Hopshop.eu\" \/>\n<meta property=\"article:modified_time\" content=\"2019-07-17T19:15:18+00:00\" \/>\n<meta name=\"twitter:card\" content=\"summary_large_image\" \/>\n<meta name=\"twitter:label1\" content=\"Odhadovan\u00e1 doba \u010dten\u00ed\" \/>\n\t<meta name=\"twitter:data1\" content=\"1 minuta\" \/>\n<script type=\"application\/ld+json\" class=\"yoast-schema-graph\">{\"@context\":\"https:\/\/schema.org\",\"@graph\":[{\"@type\":\"WebPage\",\"@id\":\"https:\/\/www.hopshop.eu\/cs\/doprava\/\",\"url\":\"https:\/\/www.hopshop.eu\/cs\/doprava\/\",\"name\":\"Doprava - Hopshop.eu\",\"isPartOf\":{\"@id\":\"https:\/\/www.hopshop.eu\/cs\/#website\"},\"datePublished\":\"2019-07-07T15:26:35+00:00\",\"dateModified\":\"2019-07-17T19:15:18+00:00\",\"breadcrumb\":{\"@id\":\"https:\/\/www.hopshop.eu\/cs\/doprava\/#breadcrumb\"},\"inLanguage\":\"cs\",\"potentialAction\":[{\"@type\":\"ReadAction\",\"target\":[\"https:\/\/www.hopshop.eu\/cs\/doprava\/\"]}]},{\"@type\":\"BreadcrumbList\",\"@id\":\"https:\/\/www.hopshop.eu\/cs\/doprava\/#breadcrumb\",\"itemListElement\":[{\"@type\":\"ListItem\",\"position\":1,\"name\":\"Home\",\"item\":\"https:\/\/www.hopshop.eu\/cs\/\"},{\"@type\":\"ListItem\",\"position\":2,\"name\":\"Doprava\"}]},{\"@type\":\"WebSite\",\"@id\":\"https:\/\/www.hopshop.eu\/cs\/#website\",\"url\":\"https:\/\/www.hopshop.eu\/cs\/\",\"name\":\"Hopshop.eu\",\"description\":\"Spletni center ugodnih nakupov\",\"potentialAction\":[{\"@type\":\"SearchAction\",\"target\":{\"@type\":\"EntryPoint\",\"urlTemplate\":\"https:\/\/www.hopshop.eu\/cs\/?s={search_term_string}\"},\"query-input\":{\"@type\":\"PropertyValueSpecification\",\"valueRequired\":true,\"valueName\":\"search_term_string\"}}],\"inLanguage\":\"cs\"}]}<\/script>\n<!-- \/ Yoast SEO plugin. -->","yoast_head_json":{"title":"Doprava - Hopshop.eu","robots":{"index":"index","follow":"follow","max-snippet":"max-snippet:-1","max-image-preview":"max-image-preview:large","max-video-preview":"max-video-preview:-1"},"canonical":"https:\/\/www.hopshop.eu\/cs\/doprava\/","og_locale":"cs_CZ","og_type":"article","og_title":"Doprava - Hopshop.eu","og_description":"GLS odpov\u00edd\u00e1 za doru\u010dov\u00e1n\u00ed na\u0161ich bal\u00ed\u010dk\u016f. V\u0161echny objedn\u00e1vky zadan\u00e9 do 15. dne jsou odesl\u00e1ny ve stejn\u00fd den a ve v\u011bt\u0161in\u011b p\u0159\u00edpad\u016f doru\u010deny n\u00e1sleduj\u00edc\u00ed pracovn\u00ed den. Kdy\u017e je va\u0161e objedn\u00e1vka zabalena a p\u0159ipravena se vzd\u00e1t GLS, budeme v\u00e1s informovat e-mailem. Pokud adresu nedostanete v dob\u011b doru\u010den\u00ed, obdr\u017e\u00edte v po\u0161tovn\u00ed schr\u00e1nce ozn\u00e1men\u00ed se v\u0161emi informacemi pro vyzvednut\u00ed [...]","og_url":"https:\/\/www.hopshop.eu\/cs\/doprava\/","og_site_name":"Hopshop.eu","article_modified_time":"2019-07-17T19:15:18+00:00","twitter_card":"summary_large_image","twitter_misc":{"Odhadovan\u00e1 doba \u010dten\u00ed":"1 minuta"},"schema":{"@context":"https:\/\/schema.org","@graph":[{"@type":"WebPage","@id":"https:\/\/www.hopshop.eu\/cs\/doprava\/","url":"https:\/\/www.hopshop.eu\/cs\/doprava\/","name":"Doprava - Hopshop.eu","isPartOf":{"@id":"https:\/\/www.hopshop.eu\/cs\/#website"},"datePublished":"2019-07-07T15:26:35+00:00","dateModified":"2019-07-17T19:15:18+00:00","breadcrumb":{"@id":"https:\/\/www.hopshop.eu\/cs\/doprava\/#breadcrumb"},"inLanguage":"cs","potentialAction":[{"@type":"ReadAction","target":["https:\/\/www.hopshop.eu\/cs\/doprava\/"]}]},{"@type":"BreadcrumbList","@id":"https:\/\/www.hopshop.eu\/cs\/doprava\/#breadcrumb","itemListElement":[{"@type":"ListItem","position":1,"name":"Home","item":"https:\/\/www.hopshop.eu\/cs\/"},{"@type":"ListItem","position":2,"name":"Doprava"}]},{"@type":"WebSite","@id":"https:\/\/www.hopshop.eu\/cs\/#website","url":"https:\/\/www.hopshop.eu\/cs\/","name":"Hopshop.eu","description":"Spletni center ugodnih nakupov","potentialAction":[{"@type":"SearchAction","target":{"@type":"EntryPoint","urlTemplate":"https:\/\/www.hopshop.eu\/cs\/?s={search_term_string}"},"query-input":{"@type":"PropertyValueSpecification","valueRequired":true,"valueName":"search_term_string"}}],"inLanguage":"cs"}]}},"_links":{"self":[{"href":"https:\/\/www.hopshop.eu\/cs\/wp-json\/wp\/v2\/pages\/1586","targetHints":{"allow":["GET"]}}],"collection":[{"href":"https:\/\/www.hopshop.eu\/cs\/wp-json\/wp\/v2\/pages"}],"about":[{"href":"https:\/\/www.hopshop.eu\/cs\/wp-json\/wp\/v2\/types\/page"}],"author":[{"embeddable":true,"href":"https:\/\/www.hopshop.eu\/cs\/wp-json\/wp\/v2\/users\/1"}],"replies":[{"embeddable":true,"href":"https:\/\/www.hopshop.eu\/cs\/wp-json\/wp\/v2\/comments?post=1586"}],"version-history":[{"count":0,"href":"https:\/\/www.hopshop.eu\/cs\/wp-json\/wp\/v2\/pages\/1586\/revisions"}],"wp:attachment":[{"href":"https:\/\/www.hopshop.eu\/cs\/wp-json\/wp\/v2\/media?parent=1586"}],"curies":[{"name":"wp","href":"https:\/\/api.w.org\/{rel}","templated":true}]}}