{"id":1604,"date":"2019-07-07T19:10:38","date_gmt":"2019-07-07T17:10:38","guid":{"rendered":"https:\/\/www.hopshop.eu\/?page_id=1604"},"modified":"2019-07-09T23:56:18","modified_gmt":"2019-07-09T21:56:18","slug":"o-nas","status":"publish","type":"page","link":"https:\/\/www.hopshop.eu\/cs\/o-nas\/","title":{"rendered":"O n\u00e1s"},"content":{"rendered":"<div id=\"content\" class=\"content-area page-wrapper\" role=\"main\">\n<div class=\"row row-main\">\n<div class=\"large-12 col\">\n<div class=\"col-inner\">\n<p><strong>Informace o spole\u010dnosti<\/strong><\/p>\n<p>MSBIT d.o.o.<br \/>\nPodpe\u010d 8b<br \/>\n1352 Preserje<br \/>\nSlovenija<\/p>\n<p>Identifika\u010dn\u00ed \u010d\u00edslo DPH: SI44903499<br \/>\nRegistra\u010dn\u00ed \u010d\u00edslo: 8092478000<\/p>\n<h3>Kontakt:<\/h3>\n<p>E-mail: info@hopshop.eu<\/p>\n<\/div>\n<\/div>\n<\/div>\n<\/div>\n<p>&nbsp;<\/p>\n","protected":false},"excerpt":{"rendered":"<p>Informace o spole\u010dnosti MSBIT d.o.o. Podpe\u010d 8b 1352 Preserje Slovenija Identifika\u010dn\u00ed \u010d\u00edslo DPH: SI44903499 Registra\u010dn\u00ed \u010d\u00edslo: 8092478000 Kontakt: E-mail: info@hopshop.eu &nbsp;<\/p>\n","protected":false},"author":1,"featured_media":0,"parent":0,"menu_order":0,"comment_status":"closed","ping_status":"closed","template":"","meta":{"footnotes":""},"class_list":["post-1604","page","type-page","status-publish","hentry"],"yoast_head":"<!-- This site is optimized with the Yoast SEO plugin v26.9 - https:\/\/yoast.com\/product\/yoast-seo-wordpress\/ -->\n<title>O n\u00e1s - Hopshop.eu<\/title>\n<meta name=\"robots\" content=\"index, follow, max-snippet:-1, max-image-preview:large, max-video-preview:-1\" \/>\n<link rel=\"canonical\" href=\"https:\/\/www.hopshop.eu\/cs\/o-nas\/\" \/>\n<meta property=\"og:locale\" content=\"cs_CZ\" \/>\n<meta property=\"og:type\" content=\"article\" \/>\n<meta property=\"og:title\" content=\"O n\u00e1s - Hopshop.eu\" \/>\n<meta property=\"og:description\" content=\"Informace o spole\u010dnosti MSBIT d.o.o. Podpe\u010d 8b 1352 Preserje Slovenija Identifika\u010dn\u00ed \u010d\u00edslo DPH: SI44903499 Registra\u010dn\u00ed \u010d\u00edslo: 8092478000 Kontakt: E-mail: info@hopshop.eu &nbsp;\" \/>\n<meta property=\"og:url\" content=\"https:\/\/www.hopshop.eu\/cs\/o-nas\/\" \/>\n<meta property=\"og:site_name\" content=\"Hopshop.eu\" \/>\n<meta property=\"article:modified_time\" content=\"2019-07-09T21:56:18+00:00\" \/>\n<meta name=\"twitter:card\" content=\"summary_large_image\" \/>\n<script type=\"application\/ld+json\" class=\"yoast-schema-graph\">{\"@context\":\"https:\/\/schema.org\",\"@graph\":[{\"@type\":\"WebPage\",\"@id\":\"https:\/\/www.hopshop.eu\/cs\/o-nas\/\",\"url\":\"https:\/\/www.hopshop.eu\/cs\/o-nas\/\",\"name\":\"O n\u00e1s - Hopshop.eu\",\"isPartOf\":{\"@id\":\"https:\/\/www.hopshop.eu\/cs\/#website\"},\"datePublished\":\"2019-07-07T17:10:38+00:00\",\"dateModified\":\"2019-07-09T21:56:18+00:00\",\"breadcrumb\":{\"@id\":\"https:\/\/www.hopshop.eu\/cs\/o-nas\/#breadcrumb\"},\"inLanguage\":\"cs\",\"potentialAction\":[{\"@type\":\"ReadAction\",\"target\":[\"https:\/\/www.hopshop.eu\/cs\/o-nas\/\"]}]},{\"@type\":\"BreadcrumbList\",\"@id\":\"https:\/\/www.hopshop.eu\/cs\/o-nas\/#breadcrumb\",\"itemListElement\":[{\"@type\":\"ListItem\",\"position\":1,\"name\":\"Home\",\"item\":\"https:\/\/www.hopshop.eu\/cs\/\"},{\"@type\":\"ListItem\",\"position\":2,\"name\":\"O n\u00e1s\"}]},{\"@type\":\"WebSite\",\"@id\":\"https:\/\/www.hopshop.eu\/cs\/#website\",\"url\":\"https:\/\/www.hopshop.eu\/cs\/\",\"name\":\"Hopshop.eu\",\"description\":\"Spletni center ugodnih nakupov\",\"potentialAction\":[{\"@type\":\"SearchAction\",\"target\":{\"@type\":\"EntryPoint\",\"urlTemplate\":\"https:\/\/www.hopshop.eu\/cs\/?s={search_term_string}\"},\"query-input\":{\"@type\":\"PropertyValueSpecification\",\"valueRequired\":true,\"valueName\":\"search_term_string\"}}],\"inLanguage\":\"cs\"}]}<\/script>\n<!-- \/ Yoast SEO plugin. -->","yoast_head_json":{"title":"O n\u00e1s - Hopshop.eu","robots":{"index":"index","follow":"follow","max-snippet":"max-snippet:-1","max-image-preview":"max-image-preview:large","max-video-preview":"max-video-preview:-1"},"canonical":"https:\/\/www.hopshop.eu\/cs\/o-nas\/","og_locale":"cs_CZ","og_type":"article","og_title":"O n\u00e1s - Hopshop.eu","og_description":"Informace o spole\u010dnosti MSBIT d.o.o. Podpe\u010d 8b 1352 Preserje Slovenija Identifika\u010dn\u00ed \u010d\u00edslo DPH: SI44903499 Registra\u010dn\u00ed \u010d\u00edslo: 8092478000 Kontakt: E-mail: info@hopshop.eu &nbsp;","og_url":"https:\/\/www.hopshop.eu\/cs\/o-nas\/","og_site_name":"Hopshop.eu","article_modified_time":"2019-07-09T21:56:18+00:00","twitter_card":"summary_large_image","schema":{"@context":"https:\/\/schema.org","@graph":[{"@type":"WebPage","@id":"https:\/\/www.hopshop.eu\/cs\/o-nas\/","url":"https:\/\/www.hopshop.eu\/cs\/o-nas\/","name":"O n\u00e1s - Hopshop.eu","isPartOf":{"@id":"https:\/\/www.hopshop.eu\/cs\/#website"},"datePublished":"2019-07-07T17:10:38+00:00","dateModified":"2019-07-09T21:56:18+00:00","breadcrumb":{"@id":"https:\/\/www.hopshop.eu\/cs\/o-nas\/#breadcrumb"},"inLanguage":"cs","potentialAction":[{"@type":"ReadAction","target":["https:\/\/www.hopshop.eu\/cs\/o-nas\/"]}]},{"@type":"BreadcrumbList","@id":"https:\/\/www.hopshop.eu\/cs\/o-nas\/#breadcrumb","itemListElement":[{"@type":"ListItem","position":1,"name":"Home","item":"https:\/\/www.hopshop.eu\/cs\/"},{"@type":"ListItem","position":2,"name":"O n\u00e1s"}]},{"@type":"WebSite","@id":"https:\/\/www.hopshop.eu\/cs\/#website","url":"https:\/\/www.hopshop.eu\/cs\/","name":"Hopshop.eu","description":"Spletni center ugodnih nakupov","potentialAction":[{"@type":"SearchAction","target":{"@type":"EntryPoint","urlTemplate":"https:\/\/www.hopshop.eu\/cs\/?s={search_term_string}"},"query-input":{"@type":"PropertyValueSpecification","valueRequired":true,"valueName":"search_term_string"}}],"inLanguage":"cs"}]}},"_links":{"self":[{"href":"https:\/\/www.hopshop.eu\/cs\/wp-json\/wp\/v2\/pages\/1604","targetHints":{"allow":["GET"]}}],"collection":[{"href":"https:\/\/www.hopshop.eu\/cs\/wp-json\/wp\/v2\/pages"}],"about":[{"href":"https:\/\/www.hopshop.eu\/cs\/wp-json\/wp\/v2\/types\/page"}],"author":[{"embeddable":true,"href":"https:\/\/www.hopshop.eu\/cs\/wp-json\/wp\/v2\/users\/1"}],"replies":[{"embeddable":true,"href":"https:\/\/www.hopshop.eu\/cs\/wp-json\/wp\/v2\/comments?post=1604"}],"version-history":[{"count":0,"href":"https:\/\/www.hopshop.eu\/cs\/wp-json\/wp\/v2\/pages\/1604\/revisions"}],"wp:attachment":[{"href":"https:\/\/www.hopshop.eu\/cs\/wp-json\/wp\/v2\/media?parent=1604"}],"curies":[{"name":"wp","href":"https:\/\/api.w.org\/{rel}","templated":true}]}}