{"id":1606,"date":"2019-07-07T19:12:54","date_gmt":"2019-07-07T17:12:54","guid":{"rendered":"https:\/\/www.hopshop.eu\/?page_id=1606"},"modified":"2019-07-11T22:17:47","modified_gmt":"2019-07-11T20:17:47","slug":"platebni-metody","status":"publish","type":"page","link":"https:\/\/www.hopshop.eu\/cs\/platebni-metody\/","title":{"rendered":"Platebn\u00ed metody"},"content":{"rendered":"<div id=\"content\" class=\"content-area page-wrapper\" role=\"main\">\n<div class=\"row row-main\">\n<div class=\"large-12 col\">\n<div class=\"col-inner\">\n<h3>V online obchod\u011b HopShop si m\u016f\u017eete vybrat z n\u00e1sleduj\u00edc\u00edch platebn\u00edch metod:<\/h3>\n<ul>\n<li>Platba kreditn\u00ed kartou.<\/li>\n<li>Platba v hotovosti. Kup\u00f3n zaplat\u00edte kur\u00fdrovi GLS.<\/li>\n<li>Platba p\u0159es PayPal (Pokud nem\u00e1te PayPal \u00fa\u010det, m\u016f\u017eete tak\u00e9 zaplatit kreditn\u00ed kartou prost\u0159ednictv\u00edm tohoto syst\u00e9mu.)<\/li>\n<\/ul>\n<p>&nbsp;<\/p>\n<p><strong>Platba p\u0159i dod\u00e1n\u00ed:<\/strong><\/p>\n<p>P\u0159i platb\u011b za dod\u00e1vku se objednan\u00e9 zbo\u017e\u00ed plat\u00ed v hotovosti kur\u00fdrovi doru\u010dovac\u00ed slu\u017eby GLS.<\/p>\n<p>&nbsp;<\/p>\n<p><strong>Platba p\u0159es PayPal:<\/strong><\/p>\n<p>Pokud se rozhodnete zaplatit p\u0159es Paypal, syst\u00e9m v\u00e1s automaticky p\u0159esm\u011bruje na str\u00e1nku PayPal, kde se zaregistrujete a zaplat\u00edte za objednan\u00e9 produkty. Pokud nem\u00e1te \u00fa\u010det PayPal, m\u016f\u017eete snadno platit kreditn\u00ed nebo debetn\u00ed kartou.<\/p>\n<\/div>\n<\/div>\n<\/div>\n<\/div>\n<p>&nbsp;<\/p>\n","protected":false},"excerpt":{"rendered":"<p>V online obchod\u011b HopShop si m\u016f\u017eete vybrat z n\u00e1sleduj\u00edc\u00edch platebn\u00edch metod: Platba kreditn\u00ed kartou. Platba v hotovosti. Kup\u00f3n zaplat\u00edte kur\u00fdrovi GLS. Platba p\u0159es PayPal (Pokud nem\u00e1te PayPal \u00fa\u010det, m\u016f\u017eete tak\u00e9 zaplatit kreditn\u00ed kartou prost\u0159ednictv\u00edm tohoto syst\u00e9mu.) &nbsp; Platba p\u0159i dod\u00e1n\u00ed: P\u0159i platb\u011b za dod\u00e1vku se objednan\u00e9 zbo\u017e\u00ed plat\u00ed v hotovosti kur\u00fdrovi doru\u010dovac\u00ed slu\u017eby GLS. &nbsp; [&#8230;]\n","protected":false},"author":1,"featured_media":0,"parent":0,"menu_order":0,"comment_status":"closed","ping_status":"closed","template":"","meta":{"footnotes":""},"class_list":["post-1606","page","type-page","status-publish","hentry"],"yoast_head":"<!-- This site is optimized with the Yoast SEO plugin v26.9 - https:\/\/yoast.com\/product\/yoast-seo-wordpress\/ -->\n<title>Platebn\u00ed metody - Hopshop.eu<\/title>\n<meta name=\"robots\" content=\"index, follow, max-snippet:-1, max-image-preview:large, max-video-preview:-1\" \/>\n<link rel=\"canonical\" href=\"https:\/\/www.hopshop.eu\/cs\/platebni-metody\/\" \/>\n<meta property=\"og:locale\" content=\"cs_CZ\" \/>\n<meta property=\"og:type\" content=\"article\" \/>\n<meta property=\"og:title\" content=\"Platebn\u00ed metody - Hopshop.eu\" \/>\n<meta property=\"og:description\" content=\"V online obchod\u011b HopShop si m\u016f\u017eete vybrat z n\u00e1sleduj\u00edc\u00edch platebn\u00edch metod: Platba kreditn\u00ed kartou. Platba v hotovosti. Kup\u00f3n zaplat\u00edte kur\u00fdrovi GLS. Platba p\u0159es PayPal (Pokud nem\u00e1te PayPal \u00fa\u010det, m\u016f\u017eete tak\u00e9 zaplatit kreditn\u00ed kartou prost\u0159ednictv\u00edm tohoto syst\u00e9mu.) &nbsp; Platba p\u0159i dod\u00e1n\u00ed: P\u0159i platb\u011b za dod\u00e1vku se objednan\u00e9 zbo\u017e\u00ed plat\u00ed v hotovosti kur\u00fdrovi doru\u010dovac\u00ed slu\u017eby GLS. &nbsp; [...]\" \/>\n<meta property=\"og:url\" content=\"https:\/\/www.hopshop.eu\/cs\/platebni-metody\/\" \/>\n<meta property=\"og:site_name\" content=\"Hopshop.eu\" \/>\n<meta property=\"article:modified_time\" content=\"2019-07-11T20:17:47+00:00\" \/>\n<meta name=\"twitter:card\" content=\"summary_large_image\" \/>\n<meta name=\"twitter:label1\" content=\"Odhadovan\u00e1 doba \u010dten\u00ed\" \/>\n\t<meta name=\"twitter:data1\" content=\"1 minuta\" \/>\n<script type=\"application\/ld+json\" class=\"yoast-schema-graph\">{\"@context\":\"https:\/\/schema.org\",\"@graph\":[{\"@type\":\"WebPage\",\"@id\":\"https:\/\/www.hopshop.eu\/cs\/platebni-metody\/\",\"url\":\"https:\/\/www.hopshop.eu\/cs\/platebni-metody\/\",\"name\":\"Platebn\u00ed metody - Hopshop.eu\",\"isPartOf\":{\"@id\":\"https:\/\/www.hopshop.eu\/cs\/#website\"},\"datePublished\":\"2019-07-07T17:12:54+00:00\",\"dateModified\":\"2019-07-11T20:17:47+00:00\",\"breadcrumb\":{\"@id\":\"https:\/\/www.hopshop.eu\/cs\/platebni-metody\/#breadcrumb\"},\"inLanguage\":\"cs\",\"potentialAction\":[{\"@type\":\"ReadAction\",\"target\":[\"https:\/\/www.hopshop.eu\/cs\/platebni-metody\/\"]}]},{\"@type\":\"BreadcrumbList\",\"@id\":\"https:\/\/www.hopshop.eu\/cs\/platebni-metody\/#breadcrumb\",\"itemListElement\":[{\"@type\":\"ListItem\",\"position\":1,\"name\":\"Home\",\"item\":\"https:\/\/www.hopshop.eu\/cs\/\"},{\"@type\":\"ListItem\",\"position\":2,\"name\":\"Platebn\u00ed metody\"}]},{\"@type\":\"WebSite\",\"@id\":\"https:\/\/www.hopshop.eu\/cs\/#website\",\"url\":\"https:\/\/www.hopshop.eu\/cs\/\",\"name\":\"Hopshop.eu\",\"description\":\"Spletni center ugodnih nakupov\",\"potentialAction\":[{\"@type\":\"SearchAction\",\"target\":{\"@type\":\"EntryPoint\",\"urlTemplate\":\"https:\/\/www.hopshop.eu\/cs\/?s={search_term_string}\"},\"query-input\":{\"@type\":\"PropertyValueSpecification\",\"valueRequired\":true,\"valueName\":\"search_term_string\"}}],\"inLanguage\":\"cs\"}]}<\/script>\n<!-- \/ Yoast SEO plugin. -->","yoast_head_json":{"title":"Platebn\u00ed metody - Hopshop.eu","robots":{"index":"index","follow":"follow","max-snippet":"max-snippet:-1","max-image-preview":"max-image-preview:large","max-video-preview":"max-video-preview:-1"},"canonical":"https:\/\/www.hopshop.eu\/cs\/platebni-metody\/","og_locale":"cs_CZ","og_type":"article","og_title":"Platebn\u00ed metody - Hopshop.eu","og_description":"V online obchod\u011b HopShop si m\u016f\u017eete vybrat z n\u00e1sleduj\u00edc\u00edch platebn\u00edch metod: Platba kreditn\u00ed kartou. Platba v hotovosti. Kup\u00f3n zaplat\u00edte kur\u00fdrovi GLS. Platba p\u0159es PayPal (Pokud nem\u00e1te PayPal \u00fa\u010det, m\u016f\u017eete tak\u00e9 zaplatit kreditn\u00ed kartou prost\u0159ednictv\u00edm tohoto syst\u00e9mu.) &nbsp; Platba p\u0159i dod\u00e1n\u00ed: P\u0159i platb\u011b za dod\u00e1vku se objednan\u00e9 zbo\u017e\u00ed plat\u00ed v hotovosti kur\u00fdrovi doru\u010dovac\u00ed slu\u017eby GLS. &nbsp; [...]","og_url":"https:\/\/www.hopshop.eu\/cs\/platebni-metody\/","og_site_name":"Hopshop.eu","article_modified_time":"2019-07-11T20:17:47+00:00","twitter_card":"summary_large_image","twitter_misc":{"Odhadovan\u00e1 doba \u010dten\u00ed":"1 minuta"},"schema":{"@context":"https:\/\/schema.org","@graph":[{"@type":"WebPage","@id":"https:\/\/www.hopshop.eu\/cs\/platebni-metody\/","url":"https:\/\/www.hopshop.eu\/cs\/platebni-metody\/","name":"Platebn\u00ed metody - Hopshop.eu","isPartOf":{"@id":"https:\/\/www.hopshop.eu\/cs\/#website"},"datePublished":"2019-07-07T17:12:54+00:00","dateModified":"2019-07-11T20:17:47+00:00","breadcrumb":{"@id":"https:\/\/www.hopshop.eu\/cs\/platebni-metody\/#breadcrumb"},"inLanguage":"cs","potentialAction":[{"@type":"ReadAction","target":["https:\/\/www.hopshop.eu\/cs\/platebni-metody\/"]}]},{"@type":"BreadcrumbList","@id":"https:\/\/www.hopshop.eu\/cs\/platebni-metody\/#breadcrumb","itemListElement":[{"@type":"ListItem","position":1,"name":"Home","item":"https:\/\/www.hopshop.eu\/cs\/"},{"@type":"ListItem","position":2,"name":"Platebn\u00ed metody"}]},{"@type":"WebSite","@id":"https:\/\/www.hopshop.eu\/cs\/#website","url":"https:\/\/www.hopshop.eu\/cs\/","name":"Hopshop.eu","description":"Spletni center ugodnih nakupov","potentialAction":[{"@type":"SearchAction","target":{"@type":"EntryPoint","urlTemplate":"https:\/\/www.hopshop.eu\/cs\/?s={search_term_string}"},"query-input":{"@type":"PropertyValueSpecification","valueRequired":true,"valueName":"search_term_string"}}],"inLanguage":"cs"}]}},"_links":{"self":[{"href":"https:\/\/www.hopshop.eu\/cs\/wp-json\/wp\/v2\/pages\/1606","targetHints":{"allow":["GET"]}}],"collection":[{"href":"https:\/\/www.hopshop.eu\/cs\/wp-json\/wp\/v2\/pages"}],"about":[{"href":"https:\/\/www.hopshop.eu\/cs\/wp-json\/wp\/v2\/types\/page"}],"author":[{"embeddable":true,"href":"https:\/\/www.hopshop.eu\/cs\/wp-json\/wp\/v2\/users\/1"}],"replies":[{"embeddable":true,"href":"https:\/\/www.hopshop.eu\/cs\/wp-json\/wp\/v2\/comments?post=1606"}],"version-history":[{"count":0,"href":"https:\/\/www.hopshop.eu\/cs\/wp-json\/wp\/v2\/pages\/1606\/revisions"}],"wp:attachment":[{"href":"https:\/\/www.hopshop.eu\/cs\/wp-json\/wp\/v2\/media?parent=1606"}],"curies":[{"name":"wp","href":"https:\/\/api.w.org\/{rel}","templated":true}]}}