{"id":1548,"date":"2019-07-06T20:21:34","date_gmt":"2019-07-06T18:21:34","guid":{"rendered":"https:\/\/www.hopshop.eu\/product\/zlozljiva-sonca-ocala-sunfold\/"},"modified":"2023-02-26T21:34:02","modified_gmt":"2023-02-26T20:34:02","slug":"skladaci-slunecni-bryle-sunfold","status":"publish","type":"product","link":"https:\/\/www.hopshop.eu\/cs\/produkt\/skladaci-slunecni-bryle-sunfold\/","title":{"rendered":"Skl\u00e1dac\u00ed slune\u010dn\u00ed br\u00fdle Sunfold"},"content":{"rendered":"<h3><span style=\"color: #000000;\"><b>Trendov\u00e9 a praktick\u00e9 <strong>skl\u00e1dac\u00ed slune\u010dn\u00ed br\u00fdle Sunfold<\/strong>, <\/b>vyroben\u00e9 z odoln\u00e9ho polykarbon\u00e1tu. Br\u00fdle,kter\u00e9 p\u0159it\u00e1hnou spoustu pozornosti.<\/span><\/h3>\n<div><span style=\"color: #000000;\">Celodenn\u00ed piknik se prot\u00e1hl do no\u010dn\u00edch hodin. Z\u00e1bava je v pln\u00e9m proudu, ale v\u00e1m jdou na nervy br\u00fdle nasazen\u00e9 na hlavu? \u017d\u00e1dn\u00fd probl\u00e9m! Na\u0161e skl\u00e1dac\u00ed slune\u010dn\u00ed br\u00fdle si jednodu\u0161e nasad\u00edte na ruku jako n\u00e1ramek!<\/span><\/div>\n<div><span style=\"color: #000000;\">K dispozici ve v\u00edce barevn\u00fdch proveden\u00edch. Sta\u0148te se hv\u011bzdou leto\u0161n\u00edho l\u00e9ta! Sunfold br\u00fdle jsou t\u00edm prav\u00fdm \u0159e\u0161en\u00edm!<\/span><\/div>\n<ul>\n<li><span style=\"color: #000000;\">Kolekce: Accent<\/span><\/li>\n<li><span style=\"color: #000000;\">Polariza\u010dn\u00ed slune\u010dn\u00ed br\u00fdle<\/span><\/li>\n<li><span style=\"color: #000000;\">R\u00e1me\u010dek: Velmi kvalitn\u00ed polykarbon\u00e1t<\/span><\/li>\n<li><span style=\"color: #000000;\">Stranice:<\/span><br \/>\n<span style=\"color: #000000;\">Silikonov\u00e9<\/span><br \/>\n<span style=\"color: #000000;\">Pru\u017en\u00e1 ocel<\/span><\/li>\n<li><span style=\"color: #000000;\">\u010co\u010dky: Syntetick\u00e1 prysky\u0159ice<\/span><\/li>\n<li><span style=\"color: #000000;\">Sol\u00e1rn\u00ed filtr: Kategorie 3<\/span><\/li>\n<li><span style=\"color: #000000;\">Propustnost sv\u011btla: 8 % a\u017e 18 %<\/span><\/li>\n<li><span style=\"color: #000000;\">Pohlcen\u00ed sv\u011btla: 82 % a\u017e 92 %<\/span><\/li>\n<li><span style=\"color: #000000;\">100% ochrana proti UV z\u00e1\u0159en\u00ed (UV400)<\/span><\/li>\n<li><span style=\"color: #000000;\">Rozm\u011bry (p\u0159edn\u00ed x v\u00fd\u0161ka x stranice): 14,5 x 4,5 x 15,5 cm<\/span><\/li>\n<li><span style=\"color: #000000;\">Obsahuje: Mikrovl\u00e1knov\u00e9 pouzdro a krabi\u010dka<\/span><\/li>\n<\/ul>\n<p>&nbsp;<\/p>\n<p><img decoding=\"async\" class=\"alignnone wp-image-1444 size-full\" src=\"https:\/\/www.hopshop.eu\/wp-content\/uploads\/2019\/07\/roll-up-sunglasses-sunfold-es3-4.jpg\" alt=\"\" width=\"600\" height=\"600\" srcset=\"https:\/\/www.hopshop.eu\/wp-content\/uploads\/2019\/07\/roll-up-sunglasses-sunfold-es3-4.jpg 600w, https:\/\/www.hopshop.eu\/wp-content\/uploads\/2019\/07\/roll-up-sunglasses-sunfold-es3-4-150x150.jpg 150w, https:\/\/www.hopshop.eu\/wp-content\/uploads\/2019\/07\/roll-up-sunglasses-sunfold-es3-4-300x300.jpg 300w, https:\/\/www.hopshop.eu\/wp-content\/uploads\/2019\/07\/roll-up-sunglasses-sunfold-es3-4-510x510.jpg 510w, https:\/\/www.hopshop.eu\/wp-content\/uploads\/2019\/07\/roll-up-sunglasses-sunfold-es3-4-100x100.jpg 100w\" sizes=\"(max-width: 600px) 100vw, 600px\" \/><\/p>\n<p>&nbsp;<\/p>\n<p><iframe title=\"Skl\u00e1dac\u00ed slune\u010dn\u00ed br\u00fdle Sunfold\" width=\"1020\" height=\"765\" src=\"https:\/\/www.youtube.com\/embed\/SrVxPP3rqMY?feature=oembed\" frameborder=\"0\" allow=\"accelerometer; autoplay; encrypted-media; gyroscope; picture-in-picture\" allowfullscreen><\/iframe><\/p>\n","protected":false},"excerpt":{"rendered":"<p>Trendov\u00e9 a praktick\u00e9 skl\u00e1dac\u00ed slune\u010dn\u00ed br\u00fdle Sunfold, vyroben\u00e9 z odoln\u00e9ho polykarbon\u00e1tu. Br\u00fdle,kter\u00e9 p\u0159it\u00e1hnou spoustu pozornosti. Celodenn\u00ed piknik se prot\u00e1hl do no\u010dn\u00edch hodin. Z\u00e1bava je v pln\u00e9m proudu, ale v\u00e1m jdou na nervy br\u00fdle nasazen\u00e9 na hlavu? \u017d\u00e1dn\u00fd probl\u00e9m! Na\u0161e skl\u00e1dac\u00ed slune\u010dn\u00ed br\u00fdle si jednodu\u0161e nasad\u00edte na ruku jako n\u00e1ramek! K dispozici ve v\u00edce barevn\u00fdch proveden\u00edch. [&#8230;]\n","protected":false},"featured_media":1464,"comment_status":"open","ping_status":"closed","template":"","meta":[],"product_brand":[],"product_cat":[45],"product_tag":[],"class_list":{"0":"post-1548","1":"product","2":"type-product","3":"status-publish","4":"has-post-thumbnail","6":"product_cat-sport-a-volny-cas-cs","7":"product_shipping_class-doprava-zdarma","9":"first","10":"instock","11":"sale","12":"taxable","13":"shipping-taxable","14":"product-type-variable"},"yoast_head":"<!-- This site is optimized with the Yoast SEO plugin v26.9 - https:\/\/yoast.com\/product\/yoast-seo-wordpress\/ -->\n<title>Skl\u00e1dac\u00ed slune\u010dn\u00ed br\u00fdle Sunfold - Hopshop.eu<\/title>\n<meta name=\"robots\" content=\"index, follow, max-snippet:-1, max-image-preview:large, max-video-preview:-1\" \/>\n<link rel=\"canonical\" href=\"https:\/\/www.hopshop.eu\/cs\/produkt\/skladaci-slunecni-bryle-sunfold\/\" \/>\n<meta property=\"og:locale\" content=\"cs_CZ\" \/>\n<meta property=\"og:type\" content=\"article\" \/>\n<meta property=\"og:title\" content=\"Skl\u00e1dac\u00ed slune\u010dn\u00ed br\u00fdle Sunfold - Hopshop.eu\" \/>\n<meta property=\"og:description\" content=\"Trendov\u00e9 a praktick\u00e9 skl\u00e1dac\u00ed slune\u010dn\u00ed br\u00fdle Sunfold, vyroben\u00e9 z odoln\u00e9ho polykarbon\u00e1tu. Br\u00fdle,kter\u00e9 p\u0159it\u00e1hnou spoustu pozornosti. Celodenn\u00ed piknik se prot\u00e1hl do no\u010dn\u00edch hodin. Z\u00e1bava je v pln\u00e9m proudu, ale v\u00e1m jdou na nervy br\u00fdle nasazen\u00e9 na hlavu? \u017d\u00e1dn\u00fd probl\u00e9m! Na\u0161e skl\u00e1dac\u00ed slune\u010dn\u00ed br\u00fdle si jednodu\u0161e nasad\u00edte na ruku jako n\u00e1ramek! K dispozici ve v\u00edce barevn\u00fdch proveden\u00edch. [...]\" \/>\n<meta property=\"og:url\" content=\"https:\/\/www.hopshop.eu\/cs\/produkt\/skladaci-slunecni-bryle-sunfold\/\" \/>\n<meta property=\"og:site_name\" content=\"Hopshop.eu\" \/>\n<meta property=\"article:modified_time\" content=\"2023-02-26T20:34:02+00:00\" \/>\n<meta property=\"og:image\" content=\"https:\/\/www.hopshop.eu\/wp-content\/uploads\/2019\/07\/roll-up-sunglasses-sunfold-st2.jpg\" \/>\n\t<meta property=\"og:image:width\" content=\"600\" \/>\n\t<meta property=\"og:image:height\" content=\"600\" \/>\n\t<meta property=\"og:image:type\" content=\"image\/jpeg\" \/>\n<meta name=\"twitter:card\" content=\"summary_large_image\" \/>\n<meta name=\"twitter:label1\" content=\"Odhadovan\u00e1 doba \u010dten\u00ed\" \/>\n\t<meta name=\"twitter:data1\" content=\"1 minuta\" \/>\n<script type=\"application\/ld+json\" class=\"yoast-schema-graph\">{\"@context\":\"https:\/\/schema.org\",\"@graph\":[{\"@type\":\"WebPage\",\"@id\":\"https:\/\/www.hopshop.eu\/cs\/produkt\/skladaci-slunecni-bryle-sunfold\/\",\"url\":\"https:\/\/www.hopshop.eu\/cs\/produkt\/skladaci-slunecni-bryle-sunfold\/\",\"name\":\"Skl\u00e1dac\u00ed slune\u010dn\u00ed br\u00fdle Sunfold - Hopshop.eu\",\"isPartOf\":{\"@id\":\"https:\/\/www.hopshop.eu\/cs\/#website\"},\"primaryImageOfPage\":{\"@id\":\"https:\/\/www.hopshop.eu\/cs\/produkt\/skladaci-slunecni-bryle-sunfold\/#primaryimage\"},\"image\":{\"@id\":\"https:\/\/www.hopshop.eu\/cs\/produkt\/skladaci-slunecni-bryle-sunfold\/#primaryimage\"},\"thumbnailUrl\":\"https:\/\/www.hopshop.eu\/wp-content\/uploads\/2019\/07\/roll-up-sunglasses-sunfold-st2.jpg\",\"datePublished\":\"2019-07-06T18:21:34+00:00\",\"dateModified\":\"2023-02-26T20:34:02+00:00\",\"breadcrumb\":{\"@id\":\"https:\/\/www.hopshop.eu\/cs\/produkt\/skladaci-slunecni-bryle-sunfold\/#breadcrumb\"},\"inLanguage\":\"cs\",\"potentialAction\":[{\"@type\":\"ReadAction\",\"target\":[\"https:\/\/www.hopshop.eu\/cs\/produkt\/skladaci-slunecni-bryle-sunfold\/\"]}]},{\"@type\":\"ImageObject\",\"inLanguage\":\"cs\",\"@id\":\"https:\/\/www.hopshop.eu\/cs\/produkt\/skladaci-slunecni-bryle-sunfold\/#primaryimage\",\"url\":\"https:\/\/www.hopshop.eu\/wp-content\/uploads\/2019\/07\/roll-up-sunglasses-sunfold-st2.jpg\",\"contentUrl\":\"https:\/\/www.hopshop.eu\/wp-content\/uploads\/2019\/07\/roll-up-sunglasses-sunfold-st2.jpg\",\"width\":600,\"height\":600},{\"@type\":\"BreadcrumbList\",\"@id\":\"https:\/\/www.hopshop.eu\/cs\/produkt\/skladaci-slunecni-bryle-sunfold\/#breadcrumb\",\"itemListElement\":[{\"@type\":\"ListItem\",\"position\":1,\"name\":\"Home\",\"item\":\"https:\/\/www.hopshop.eu\/cs\/\"},{\"@type\":\"ListItem\",\"position\":2,\"name\":\"Obchod\",\"item\":\"https:\/\/www.hopshop.eu\/cs\/obchod\/\"},{\"@type\":\"ListItem\",\"position\":3,\"name\":\"Skl\u00e1dac\u00ed slune\u010dn\u00ed br\u00fdle Sunfold\"}]},{\"@type\":\"WebSite\",\"@id\":\"https:\/\/www.hopshop.eu\/cs\/#website\",\"url\":\"https:\/\/www.hopshop.eu\/cs\/\",\"name\":\"Hopshop.eu\",\"description\":\"Spletni center ugodnih nakupov\",\"potentialAction\":[{\"@type\":\"SearchAction\",\"target\":{\"@type\":\"EntryPoint\",\"urlTemplate\":\"https:\/\/www.hopshop.eu\/cs\/?s={search_term_string}\"},\"query-input\":{\"@type\":\"PropertyValueSpecification\",\"valueRequired\":true,\"valueName\":\"search_term_string\"}}],\"inLanguage\":\"cs\"}]}<\/script>\n<!-- \/ Yoast SEO plugin. -->","yoast_head_json":{"title":"Skl\u00e1dac\u00ed slune\u010dn\u00ed br\u00fdle Sunfold - Hopshop.eu","robots":{"index":"index","follow":"follow","max-snippet":"max-snippet:-1","max-image-preview":"max-image-preview:large","max-video-preview":"max-video-preview:-1"},"canonical":"https:\/\/www.hopshop.eu\/cs\/produkt\/skladaci-slunecni-bryle-sunfold\/","og_locale":"cs_CZ","og_type":"article","og_title":"Skl\u00e1dac\u00ed slune\u010dn\u00ed br\u00fdle Sunfold - Hopshop.eu","og_description":"Trendov\u00e9 a praktick\u00e9 skl\u00e1dac\u00ed slune\u010dn\u00ed br\u00fdle Sunfold, vyroben\u00e9 z odoln\u00e9ho polykarbon\u00e1tu. Br\u00fdle,kter\u00e9 p\u0159it\u00e1hnou spoustu pozornosti. Celodenn\u00ed piknik se prot\u00e1hl do no\u010dn\u00edch hodin. Z\u00e1bava je v pln\u00e9m proudu, ale v\u00e1m jdou na nervy br\u00fdle nasazen\u00e9 na hlavu? \u017d\u00e1dn\u00fd probl\u00e9m! Na\u0161e skl\u00e1dac\u00ed slune\u010dn\u00ed br\u00fdle si jednodu\u0161e nasad\u00edte na ruku jako n\u00e1ramek! K dispozici ve v\u00edce barevn\u00fdch proveden\u00edch. [...]","og_url":"https:\/\/www.hopshop.eu\/cs\/produkt\/skladaci-slunecni-bryle-sunfold\/","og_site_name":"Hopshop.eu","article_modified_time":"2023-02-26T20:34:02+00:00","og_image":[{"width":600,"height":600,"url":"https:\/\/www.hopshop.eu\/wp-content\/uploads\/2019\/07\/roll-up-sunglasses-sunfold-st2.jpg","type":"image\/jpeg"}],"twitter_card":"summary_large_image","twitter_misc":{"Odhadovan\u00e1 doba \u010dten\u00ed":"1 minuta"},"schema":{"@context":"https:\/\/schema.org","@graph":[{"@type":"WebPage","@id":"https:\/\/www.hopshop.eu\/cs\/produkt\/skladaci-slunecni-bryle-sunfold\/","url":"https:\/\/www.hopshop.eu\/cs\/produkt\/skladaci-slunecni-bryle-sunfold\/","name":"Skl\u00e1dac\u00ed slune\u010dn\u00ed br\u00fdle Sunfold - Hopshop.eu","isPartOf":{"@id":"https:\/\/www.hopshop.eu\/cs\/#website"},"primaryImageOfPage":{"@id":"https:\/\/www.hopshop.eu\/cs\/produkt\/skladaci-slunecni-bryle-sunfold\/#primaryimage"},"image":{"@id":"https:\/\/www.hopshop.eu\/cs\/produkt\/skladaci-slunecni-bryle-sunfold\/#primaryimage"},"thumbnailUrl":"https:\/\/www.hopshop.eu\/wp-content\/uploads\/2019\/07\/roll-up-sunglasses-sunfold-st2.jpg","datePublished":"2019-07-06T18:21:34+00:00","dateModified":"2023-02-26T20:34:02+00:00","breadcrumb":{"@id":"https:\/\/www.hopshop.eu\/cs\/produkt\/skladaci-slunecni-bryle-sunfold\/#breadcrumb"},"inLanguage":"cs","potentialAction":[{"@type":"ReadAction","target":["https:\/\/www.hopshop.eu\/cs\/produkt\/skladaci-slunecni-bryle-sunfold\/"]}]},{"@type":"ImageObject","inLanguage":"cs","@id":"https:\/\/www.hopshop.eu\/cs\/produkt\/skladaci-slunecni-bryle-sunfold\/#primaryimage","url":"https:\/\/www.hopshop.eu\/wp-content\/uploads\/2019\/07\/roll-up-sunglasses-sunfold-st2.jpg","contentUrl":"https:\/\/www.hopshop.eu\/wp-content\/uploads\/2019\/07\/roll-up-sunglasses-sunfold-st2.jpg","width":600,"height":600},{"@type":"BreadcrumbList","@id":"https:\/\/www.hopshop.eu\/cs\/produkt\/skladaci-slunecni-bryle-sunfold\/#breadcrumb","itemListElement":[{"@type":"ListItem","position":1,"name":"Home","item":"https:\/\/www.hopshop.eu\/cs\/"},{"@type":"ListItem","position":2,"name":"Obchod","item":"https:\/\/www.hopshop.eu\/cs\/obchod\/"},{"@type":"ListItem","position":3,"name":"Skl\u00e1dac\u00ed slune\u010dn\u00ed br\u00fdle Sunfold"}]},{"@type":"WebSite","@id":"https:\/\/www.hopshop.eu\/cs\/#website","url":"https:\/\/www.hopshop.eu\/cs\/","name":"Hopshop.eu","description":"Spletni center ugodnih nakupov","potentialAction":[{"@type":"SearchAction","target":{"@type":"EntryPoint","urlTemplate":"https:\/\/www.hopshop.eu\/cs\/?s={search_term_string}"},"query-input":{"@type":"PropertyValueSpecification","valueRequired":true,"valueName":"search_term_string"}}],"inLanguage":"cs"}]}},"_links":{"self":[{"href":"https:\/\/www.hopshop.eu\/cs\/wp-json\/wp\/v2\/product\/1548","targetHints":{"allow":["GET"]}}],"collection":[{"href":"https:\/\/www.hopshop.eu\/cs\/wp-json\/wp\/v2\/product"}],"about":[{"href":"https:\/\/www.hopshop.eu\/cs\/wp-json\/wp\/v2\/types\/product"}],"replies":[{"embeddable":true,"href":"https:\/\/www.hopshop.eu\/cs\/wp-json\/wp\/v2\/comments?post=1548"}],"wp:featuredmedia":[{"embeddable":true,"href":"https:\/\/www.hopshop.eu\/cs\/wp-json\/wp\/v2\/media\/1464"}],"wp:attachment":[{"href":"https:\/\/www.hopshop.eu\/cs\/wp-json\/wp\/v2\/media?parent=1548"}],"wp:term":[{"taxonomy":"product_brand","embeddable":true,"href":"https:\/\/www.hopshop.eu\/cs\/wp-json\/wp\/v2\/product_brand?post=1548"},{"taxonomy":"product_cat","embeddable":true,"href":"https:\/\/www.hopshop.eu\/cs\/wp-json\/wp\/v2\/product_cat?post=1548"},{"taxonomy":"product_tag","embeddable":true,"href":"https:\/\/www.hopshop.eu\/cs\/wp-json\/wp\/v2\/product_tag?post=1548"}],"curies":[{"name":"wp","href":"https:\/\/api.w.org\/{rel}","templated":true}]}}