{"id":1585,"date":"2019-07-06T20:18:07","date_gmt":"2019-07-06T18:18:07","guid":{"rendered":"https:\/\/www.hopshop.eu\/product\/elektricky-kartac-na-vlasy-3v1\/"},"modified":"2024-07-05T12:55:22","modified_gmt":"2024-07-05T10:55:22","slug":"elektricky-kartac-na-vlasy-3v1","status":"publish","type":"product","link":"https:\/\/www.hopshop.eu\/cs\/produkt\/elektricky-kartac-na-vlasy-3v1\/","title":{"rendered":"Elektrick\u00fd kart\u00e1\u010d na vlasy 3v1"},"content":{"rendered":"<h3><span style=\"color: #000000;\"><strong>Elektrick\u00fd kart\u00e1\u010d na vlasy 3v1<\/strong> vyvinut\u00fd spole\u010dnost\u00ed Innova Goods byl navr\u017een speci\u00e1ln\u011b pro d\u00e1my kter\u00e9 pot\u0159ebuj\u00ed u\u0161et\u0159it \u010das.<\/span><\/h3>\n<p><span style=\"color: #000000;\">Kart\u00e1\u010d m\u00e1 t\u0159i funkce:<\/span><\/p>\n<ol>\n<li><strong><span style=\"color: #000000;\">\u010cES\u00c1N\u00cd<\/span><\/strong><\/li>\n<li><strong><span style=\"color: #000000;\">SU\u0160EN\u00cd<\/span><\/strong><\/li>\n<li><strong><span style=\"color: #000000;\">A ROVN\u00c1N\u00cd VLAS\u016e<\/span><\/strong><\/li>\n<\/ol>\n<p><span style=\"color: #000000;\">M\u00e1 zaoblen\u00e9 ostny, tak\u017ee v\u00e1s u \u010des\u00e1n\u00ed nebude p\u00edchat nebo \u0161kr\u00e1bat po povrchu hlavy. <\/span><span style=\"color: #000000;\">Nab\u00edz\u00ed v\u00e1m t\u0159i funkce:<\/span><\/p>\n<ul>\n<li><span style=\"color: #000000;\">\u00faprava tenk\u00fdch vlas\u016f<\/span><\/li>\n<li><span style=\"color: #000000;\">\u00faprava hrub\u0161\u00edch vlas\u016f<\/span><\/li>\n<li><span style=\"color: #000000;\">praktickou funkci proti zelektrizov\u00e1n\u00ed vlas\u016f<\/span><\/li>\n<\/ul>\n<p><span style=\"color: #000000;\">Na rukoj\u011bti je oto\u010dn\u00fd kabel, tak\u017ee se v\u00e1m p\u0159i upravov\u00e1n\u00ed \u00fa\u010desu nebude propl\u00e9tat mezi rukama.<\/span><\/p>\n<p>&nbsp;<\/p>\n<p><img decoding=\"async\" class=\"alignnone wp-image-836 size-medium\" src=\"https:\/\/www.hopshop.eu\/wp-content\/uploads\/2019\/07\/innovagoods-electric-styling-dryer-brush-1000w-black-gold-2-300x300.jpg\" alt=\"\" width=\"300\" height=\"300\" srcset=\"https:\/\/www.hopshop.eu\/wp-content\/uploads\/2019\/07\/innovagoods-electric-styling-dryer-brush-1000w-black-gold-2-300x300.jpg 300w, https:\/\/www.hopshop.eu\/wp-content\/uploads\/2019\/07\/innovagoods-electric-styling-dryer-brush-1000w-black-gold-2-150x150.jpg 150w, https:\/\/www.hopshop.eu\/wp-content\/uploads\/2019\/07\/innovagoods-electric-styling-dryer-brush-1000w-black-gold-2-510x510.jpg 510w, https:\/\/www.hopshop.eu\/wp-content\/uploads\/2019\/07\/innovagoods-electric-styling-dryer-brush-1000w-black-gold-2-100x100.jpg 100w, https:\/\/www.hopshop.eu\/wp-content\/uploads\/2019\/07\/innovagoods-electric-styling-dryer-brush-1000w-black-gold-2.jpg 600w\" sizes=\"(max-width: 300px) 100vw, 300px\" \/><\/p>\n<p>&nbsp;<\/p>\n<p><iframe title=\"Elektrick\u00fd kart\u00e1\u010d na vlasy 3v1\" width=\"1020\" height=\"765\" src=\"https:\/\/www.youtube.com\/embed\/7fBbPfVPbio?feature=oembed\" frameborder=\"0\" allow=\"accelerometer; autoplay; encrypted-media; gyroscope; picture-in-picture\" allowfullscreen><\/iframe><\/p>\n","protected":false},"excerpt":{"rendered":"<p>Elektrick\u00fd kart\u00e1\u010d na vlasy 3v1 vyvinut\u00fd spole\u010dnost\u00ed Innova Goods byl navr\u017een speci\u00e1ln\u011b pro d\u00e1my kter\u00e9 pot\u0159ebuj\u00ed u\u0161et\u0159it \u010das. Kart\u00e1\u010d m\u00e1 t\u0159i funkce: \u010cES\u00c1N\u00cd SU\u0160EN\u00cd A ROVN\u00c1N\u00cd VLAS\u016e M\u00e1 zaoblen\u00e9 ostny, tak\u017ee v\u00e1s u \u010des\u00e1n\u00ed nebude p\u00edchat nebo \u0161kr\u00e1bat po povrchu hlavy. Nab\u00edz\u00ed v\u00e1m t\u0159i funkce: \u00faprava tenk\u00fdch vlas\u016f \u00faprava hrub\u0161\u00edch vlas\u016f praktickou funkci proti zelektrizov\u00e1n\u00ed [&#8230;]\n","protected":false},"featured_media":826,"comment_status":"open","ping_status":"closed","template":"","meta":[],"product_brand":[],"product_cat":[44],"product_tag":[],"class_list":{"0":"post-1585","1":"product","2":"type-product","3":"status-publish","4":"has-post-thumbnail","6":"product_cat-zdravi-a-krasa","8":"first","9":"instock","10":"sale","11":"taxable","12":"shipping-taxable","13":"purchasable","14":"product-type-simple"},"yoast_head":"<!-- This site is optimized with the Yoast SEO plugin v26.9 - https:\/\/yoast.com\/product\/yoast-seo-wordpress\/ -->\n<title>Elektrick\u00fd kart\u00e1\u010d na vlasy 3v1 - Hopshop.eu<\/title>\n<meta name=\"robots\" content=\"index, follow, max-snippet:-1, max-image-preview:large, max-video-preview:-1\" \/>\n<link rel=\"canonical\" href=\"https:\/\/www.hopshop.eu\/cs\/produkt\/elektricky-kartac-na-vlasy-3v1\/\" \/>\n<meta property=\"og:locale\" content=\"cs_CZ\" \/>\n<meta property=\"og:type\" content=\"article\" \/>\n<meta property=\"og:title\" content=\"Elektrick\u00fd kart\u00e1\u010d na vlasy 3v1 - Hopshop.eu\" \/>\n<meta property=\"og:description\" content=\"Elektrick\u00fd kart\u00e1\u010d na vlasy 3v1 vyvinut\u00fd spole\u010dnost\u00ed Innova Goods byl navr\u017een speci\u00e1ln\u011b pro d\u00e1my kter\u00e9 pot\u0159ebuj\u00ed u\u0161et\u0159it \u010das. Kart\u00e1\u010d m\u00e1 t\u0159i funkce: \u010cES\u00c1N\u00cd SU\u0160EN\u00cd A ROVN\u00c1N\u00cd VLAS\u016e M\u00e1 zaoblen\u00e9 ostny, tak\u017ee v\u00e1s u \u010des\u00e1n\u00ed nebude p\u00edchat nebo \u0161kr\u00e1bat po povrchu hlavy. Nab\u00edz\u00ed v\u00e1m t\u0159i funkce: \u00faprava tenk\u00fdch vlas\u016f \u00faprava hrub\u0161\u00edch vlas\u016f praktickou funkci proti zelektrizov\u00e1n\u00ed [...]\" \/>\n<meta property=\"og:url\" content=\"https:\/\/www.hopshop.eu\/cs\/produkt\/elektricky-kartac-na-vlasy-3v1\/\" \/>\n<meta property=\"og:site_name\" content=\"Hopshop.eu\" \/>\n<meta property=\"article:modified_time\" content=\"2024-07-05T10:55:22+00:00\" \/>\n<meta property=\"og:image\" content=\"https:\/\/www.hopshop.eu\/wp-content\/uploads\/2019\/07\/innovagoods-electric-styling-dryer-brush-1000w-black-gold.jpg\" \/>\n\t<meta property=\"og:image:width\" content=\"600\" \/>\n\t<meta property=\"og:image:height\" content=\"600\" \/>\n\t<meta property=\"og:image:type\" content=\"image\/jpeg\" \/>\n<meta name=\"twitter:card\" content=\"summary_large_image\" \/>\n<meta name=\"twitter:label1\" content=\"Odhadovan\u00e1 doba \u010dten\u00ed\" \/>\n\t<meta name=\"twitter:data1\" content=\"1 minuta\" \/>\n<script type=\"application\/ld+json\" class=\"yoast-schema-graph\">{\"@context\":\"https:\/\/schema.org\",\"@graph\":[{\"@type\":\"WebPage\",\"@id\":\"https:\/\/www.hopshop.eu\/cs\/produkt\/elektricky-kartac-na-vlasy-3v1\/\",\"url\":\"https:\/\/www.hopshop.eu\/cs\/produkt\/elektricky-kartac-na-vlasy-3v1\/\",\"name\":\"Elektrick\u00fd kart\u00e1\u010d na vlasy 3v1 - Hopshop.eu\",\"isPartOf\":{\"@id\":\"https:\/\/www.hopshop.eu\/cs\/#website\"},\"primaryImageOfPage\":{\"@id\":\"https:\/\/www.hopshop.eu\/cs\/produkt\/elektricky-kartac-na-vlasy-3v1\/#primaryimage\"},\"image\":{\"@id\":\"https:\/\/www.hopshop.eu\/cs\/produkt\/elektricky-kartac-na-vlasy-3v1\/#primaryimage\"},\"thumbnailUrl\":\"https:\/\/www.hopshop.eu\/wp-content\/uploads\/2019\/07\/innovagoods-electric-styling-dryer-brush-1000w-black-gold.jpg\",\"datePublished\":\"2019-07-06T18:18:07+00:00\",\"dateModified\":\"2024-07-05T10:55:22+00:00\",\"breadcrumb\":{\"@id\":\"https:\/\/www.hopshop.eu\/cs\/produkt\/elektricky-kartac-na-vlasy-3v1\/#breadcrumb\"},\"inLanguage\":\"cs\",\"potentialAction\":[{\"@type\":\"ReadAction\",\"target\":[\"https:\/\/www.hopshop.eu\/cs\/produkt\/elektricky-kartac-na-vlasy-3v1\/\"]}]},{\"@type\":\"ImageObject\",\"inLanguage\":\"cs\",\"@id\":\"https:\/\/www.hopshop.eu\/cs\/produkt\/elektricky-kartac-na-vlasy-3v1\/#primaryimage\",\"url\":\"https:\/\/www.hopshop.eu\/wp-content\/uploads\/2019\/07\/innovagoods-electric-styling-dryer-brush-1000w-black-gold.jpg\",\"contentUrl\":\"https:\/\/www.hopshop.eu\/wp-content\/uploads\/2019\/07\/innovagoods-electric-styling-dryer-brush-1000w-black-gold.jpg\",\"width\":600,\"height\":600},{\"@type\":\"BreadcrumbList\",\"@id\":\"https:\/\/www.hopshop.eu\/cs\/produkt\/elektricky-kartac-na-vlasy-3v1\/#breadcrumb\",\"itemListElement\":[{\"@type\":\"ListItem\",\"position\":1,\"name\":\"Home\",\"item\":\"https:\/\/www.hopshop.eu\/cs\/\"},{\"@type\":\"ListItem\",\"position\":2,\"name\":\"Obchod\",\"item\":\"https:\/\/www.hopshop.eu\/cs\/obchod\/\"},{\"@type\":\"ListItem\",\"position\":3,\"name\":\"Elektrick\u00fd kart\u00e1\u010d na vlasy 3v1\"}]},{\"@type\":\"WebSite\",\"@id\":\"https:\/\/www.hopshop.eu\/cs\/#website\",\"url\":\"https:\/\/www.hopshop.eu\/cs\/\",\"name\":\"Hopshop.eu\",\"description\":\"Spletni center ugodnih nakupov\",\"potentialAction\":[{\"@type\":\"SearchAction\",\"target\":{\"@type\":\"EntryPoint\",\"urlTemplate\":\"https:\/\/www.hopshop.eu\/cs\/?s={search_term_string}\"},\"query-input\":{\"@type\":\"PropertyValueSpecification\",\"valueRequired\":true,\"valueName\":\"search_term_string\"}}],\"inLanguage\":\"cs\"}]}<\/script>\n<!-- \/ Yoast SEO plugin. -->","yoast_head_json":{"title":"Elektrick\u00fd kart\u00e1\u010d na vlasy 3v1 - Hopshop.eu","robots":{"index":"index","follow":"follow","max-snippet":"max-snippet:-1","max-image-preview":"max-image-preview:large","max-video-preview":"max-video-preview:-1"},"canonical":"https:\/\/www.hopshop.eu\/cs\/produkt\/elektricky-kartac-na-vlasy-3v1\/","og_locale":"cs_CZ","og_type":"article","og_title":"Elektrick\u00fd kart\u00e1\u010d na vlasy 3v1 - Hopshop.eu","og_description":"Elektrick\u00fd kart\u00e1\u010d na vlasy 3v1 vyvinut\u00fd spole\u010dnost\u00ed Innova Goods byl navr\u017een speci\u00e1ln\u011b pro d\u00e1my kter\u00e9 pot\u0159ebuj\u00ed u\u0161et\u0159it \u010das. Kart\u00e1\u010d m\u00e1 t\u0159i funkce: \u010cES\u00c1N\u00cd SU\u0160EN\u00cd A ROVN\u00c1N\u00cd VLAS\u016e M\u00e1 zaoblen\u00e9 ostny, tak\u017ee v\u00e1s u \u010des\u00e1n\u00ed nebude p\u00edchat nebo \u0161kr\u00e1bat po povrchu hlavy. Nab\u00edz\u00ed v\u00e1m t\u0159i funkce: \u00faprava tenk\u00fdch vlas\u016f \u00faprava hrub\u0161\u00edch vlas\u016f praktickou funkci proti zelektrizov\u00e1n\u00ed [...]","og_url":"https:\/\/www.hopshop.eu\/cs\/produkt\/elektricky-kartac-na-vlasy-3v1\/","og_site_name":"Hopshop.eu","article_modified_time":"2024-07-05T10:55:22+00:00","og_image":[{"width":600,"height":600,"url":"https:\/\/www.hopshop.eu\/wp-content\/uploads\/2019\/07\/innovagoods-electric-styling-dryer-brush-1000w-black-gold.jpg","type":"image\/jpeg"}],"twitter_card":"summary_large_image","twitter_misc":{"Odhadovan\u00e1 doba \u010dten\u00ed":"1 minuta"},"schema":{"@context":"https:\/\/schema.org","@graph":[{"@type":"WebPage","@id":"https:\/\/www.hopshop.eu\/cs\/produkt\/elektricky-kartac-na-vlasy-3v1\/","url":"https:\/\/www.hopshop.eu\/cs\/produkt\/elektricky-kartac-na-vlasy-3v1\/","name":"Elektrick\u00fd kart\u00e1\u010d na vlasy 3v1 - Hopshop.eu","isPartOf":{"@id":"https:\/\/www.hopshop.eu\/cs\/#website"},"primaryImageOfPage":{"@id":"https:\/\/www.hopshop.eu\/cs\/produkt\/elektricky-kartac-na-vlasy-3v1\/#primaryimage"},"image":{"@id":"https:\/\/www.hopshop.eu\/cs\/produkt\/elektricky-kartac-na-vlasy-3v1\/#primaryimage"},"thumbnailUrl":"https:\/\/www.hopshop.eu\/wp-content\/uploads\/2019\/07\/innovagoods-electric-styling-dryer-brush-1000w-black-gold.jpg","datePublished":"2019-07-06T18:18:07+00:00","dateModified":"2024-07-05T10:55:22+00:00","breadcrumb":{"@id":"https:\/\/www.hopshop.eu\/cs\/produkt\/elektricky-kartac-na-vlasy-3v1\/#breadcrumb"},"inLanguage":"cs","potentialAction":[{"@type":"ReadAction","target":["https:\/\/www.hopshop.eu\/cs\/produkt\/elektricky-kartac-na-vlasy-3v1\/"]}]},{"@type":"ImageObject","inLanguage":"cs","@id":"https:\/\/www.hopshop.eu\/cs\/produkt\/elektricky-kartac-na-vlasy-3v1\/#primaryimage","url":"https:\/\/www.hopshop.eu\/wp-content\/uploads\/2019\/07\/innovagoods-electric-styling-dryer-brush-1000w-black-gold.jpg","contentUrl":"https:\/\/www.hopshop.eu\/wp-content\/uploads\/2019\/07\/innovagoods-electric-styling-dryer-brush-1000w-black-gold.jpg","width":600,"height":600},{"@type":"BreadcrumbList","@id":"https:\/\/www.hopshop.eu\/cs\/produkt\/elektricky-kartac-na-vlasy-3v1\/#breadcrumb","itemListElement":[{"@type":"ListItem","position":1,"name":"Home","item":"https:\/\/www.hopshop.eu\/cs\/"},{"@type":"ListItem","position":2,"name":"Obchod","item":"https:\/\/www.hopshop.eu\/cs\/obchod\/"},{"@type":"ListItem","position":3,"name":"Elektrick\u00fd kart\u00e1\u010d na vlasy 3v1"}]},{"@type":"WebSite","@id":"https:\/\/www.hopshop.eu\/cs\/#website","url":"https:\/\/www.hopshop.eu\/cs\/","name":"Hopshop.eu","description":"Spletni center ugodnih nakupov","potentialAction":[{"@type":"SearchAction","target":{"@type":"EntryPoint","urlTemplate":"https:\/\/www.hopshop.eu\/cs\/?s={search_term_string}"},"query-input":{"@type":"PropertyValueSpecification","valueRequired":true,"valueName":"search_term_string"}}],"inLanguage":"cs"}]}},"_links":{"self":[{"href":"https:\/\/www.hopshop.eu\/cs\/wp-json\/wp\/v2\/product\/1585","targetHints":{"allow":["GET"]}}],"collection":[{"href":"https:\/\/www.hopshop.eu\/cs\/wp-json\/wp\/v2\/product"}],"about":[{"href":"https:\/\/www.hopshop.eu\/cs\/wp-json\/wp\/v2\/types\/product"}],"replies":[{"embeddable":true,"href":"https:\/\/www.hopshop.eu\/cs\/wp-json\/wp\/v2\/comments?post=1585"}],"wp:featuredmedia":[{"embeddable":true,"href":"https:\/\/www.hopshop.eu\/cs\/wp-json\/wp\/v2\/media\/826"}],"wp:attachment":[{"href":"https:\/\/www.hopshop.eu\/cs\/wp-json\/wp\/v2\/media?parent=1585"}],"wp:term":[{"taxonomy":"product_brand","embeddable":true,"href":"https:\/\/www.hopshop.eu\/cs\/wp-json\/wp\/v2\/product_brand?post=1585"},{"taxonomy":"product_cat","embeddable":true,"href":"https:\/\/www.hopshop.eu\/cs\/wp-json\/wp\/v2\/product_cat?post=1585"},{"taxonomy":"product_tag","embeddable":true,"href":"https:\/\/www.hopshop.eu\/cs\/wp-json\/wp\/v2\/product_tag?post=1585"}],"curies":[{"name":"wp","href":"https:\/\/api.w.org\/{rel}","templated":true}]}}