{"id":1590,"date":"2019-07-06T20:18:53","date_gmt":"2019-07-06T18:18:53","guid":{"rendered":"https:\/\/www.hopshop.eu\/product\/bidon-pro-pejska\/"},"modified":"2023-02-26T21:37:10","modified_gmt":"2023-02-26T20:37:10","slug":"bidon-pro-pejska","status":"publish","type":"product","link":"https:\/\/www.hopshop.eu\/cs\/produkt\/bidon-pro-pejska\/","title":{"rendered":"Bidon pro pejska"},"content":{"rendered":"<p><strong>V hork\u00fdch dnech se postarejte o spr\u00e1vn\u00fd pitn\u00fd re\u017eim nejenom pro sebe, ale tak\u00e9 pro va\u0161eho mazl\u00ed\u010dka.<\/strong><\/p>\n<p>Tento bidon je skv\u011blou pom\u016fckou jak u\u017e doma nebo na cest\u00e1ch, del\u0161\u00edch poch\u016fzk\u00e1ch a na dovolen\u00e9.<br \/>\nPou\u017eit\u00ed je jednoduch\u00e9, bidon jebom oto\u010d\u00edte, ten pomoc\u00ed kan\u00e1lku napln\u00ed horn\u00ed \u010d\u00e1st bidonu a v\u00e1\u0161 pejsek se m\u016f\u017ee nap\u00edt.<\/p>\n<p>Vyroben z PA, bez BPA materi\u00e1l\u016f<br \/>\nObjem cca 550ml<br \/>\nModern\u00ed a funk\u010dn\u00ed dizajn<br \/>\nSyst\u00e9m proti odkap\u00e1v\u00e1n\u00ed<br \/>\nKovov\u00e1 sponka umo\u017e\u0148uje zav\u011b\u0161en\u00ed za opasek nebo ou\u0161ko od kalhot tak\u017ee m\u00e1te voln\u00e9 ruce<br \/>\nP\u00e1s z gumy uprost\u0159ed pro lep\u0161\u00ed p\u0159ilnut\u00ed k ruce<br \/>\nVnit\u0159n\u00ed kan\u00e1l (kan\u00e1l kde se nach\u00e1z\u00ed voda)<br \/>\n\u0160roubovac\u00ed uz\u00e1v\u011br umo\u017e\u0148uje dobr\u00e9 t\u011bsn\u011bn\u00ed aby voda neodkap\u00e1vala<br \/>\nRu\u010dn\u00ed funkce \u00b4\u00b4Auto pump\u00b4\u00b4 (stisknut\u00edm bidonu se kan\u00e1lek napln\u00ed vodou)<br \/>\nVelikost v\u00fdrobku: 10x22cm<\/p>\n<p>&nbsp;<\/p>\n<p>&nbsp;<\/p>\n<p>&nbsp;<\/p>\n<p><iframe title=\"InnovaGoods Home Pet Dog Water Bottle Dispenser\" width=\"1020\" height=\"574\" src=\"https:\/\/www.youtube.com\/embed\/Q2UTmdcog3E?feature=oembed\" frameborder=\"0\" allow=\"accelerometer; autoplay; encrypted-media; gyroscope; picture-in-picture\" allowfullscreen><\/iframe><\/p>\n","protected":false},"excerpt":{"rendered":"<p>V hork\u00fdch dnech se postarejte o spr\u00e1vn\u00fd pitn\u00fd re\u017eim nejenom pro sebe, ale tak\u00e9 pro va\u0161eho mazl\u00ed\u010dka. Tento bidon je skv\u011blou pom\u016fckou jak u\u017e doma nebo na cest\u00e1ch, del\u0161\u00edch poch\u016fzk\u00e1ch a na dovolen\u00e9. Pou\u017eit\u00ed je jednoduch\u00e9, bidon jebom oto\u010d\u00edte, ten pomoc\u00ed kan\u00e1lku napln\u00ed horn\u00ed \u010d\u00e1st bidonu a v\u00e1\u0161 pejsek se m\u016f\u017ee nap\u00edt. Vyroben z PA, [&#8230;]\n","protected":false},"featured_media":1024,"comment_status":"open","ping_status":"closed","template":"","meta":[],"product_brand":[],"product_cat":[42],"product_tag":[46],"class_list":{"0":"post-1590","1":"product","2":"type-product","3":"status-publish","4":"has-post-thumbnail","6":"product_cat-domaci-mazlicci","7":"product_tag-top-cs","9":"first","10":"instock","11":"sale","12":"taxable","13":"shipping-taxable","14":"purchasable","15":"product-type-simple"},"yoast_head":"<!-- This site is optimized with the Yoast SEO plugin v26.9 - https:\/\/yoast.com\/product\/yoast-seo-wordpress\/ -->\n<title>Bidon pro pejska - Hopshop.eu<\/title>\n<meta name=\"robots\" content=\"index, follow, max-snippet:-1, max-image-preview:large, max-video-preview:-1\" \/>\n<link rel=\"canonical\" href=\"https:\/\/www.hopshop.eu\/cs\/produkt\/bidon-pro-pejska\/\" \/>\n<meta property=\"og:locale\" content=\"cs_CZ\" \/>\n<meta property=\"og:type\" content=\"article\" \/>\n<meta property=\"og:title\" content=\"Bidon pro pejska - Hopshop.eu\" \/>\n<meta property=\"og:description\" content=\"V hork\u00fdch dnech se postarejte o spr\u00e1vn\u00fd pitn\u00fd re\u017eim nejenom pro sebe, ale tak\u00e9 pro va\u0161eho mazl\u00ed\u010dka. Tento bidon je skv\u011blou pom\u016fckou jak u\u017e doma nebo na cest\u00e1ch, del\u0161\u00edch poch\u016fzk\u00e1ch a na dovolen\u00e9. Pou\u017eit\u00ed je jednoduch\u00e9, bidon jebom oto\u010d\u00edte, ten pomoc\u00ed kan\u00e1lku napln\u00ed horn\u00ed \u010d\u00e1st bidonu a v\u00e1\u0161 pejsek se m\u016f\u017ee nap\u00edt. Vyroben z PA, [...]\" \/>\n<meta property=\"og:url\" content=\"https:\/\/www.hopshop.eu\/cs\/produkt\/bidon-pro-pejska\/\" \/>\n<meta property=\"og:site_name\" content=\"Hopshop.eu\" \/>\n<meta property=\"article:modified_time\" content=\"2023-02-26T20:37:10+00:00\" \/>\n<meta property=\"og:image\" content=\"https:\/\/www.hopshop.eu\/wp-content\/uploads\/2019\/07\/steklenica-za-pitje-za-pse.jpg\" \/>\n\t<meta property=\"og:image:width\" content=\"600\" \/>\n\t<meta property=\"og:image:height\" content=\"600\" \/>\n\t<meta property=\"og:image:type\" content=\"image\/jpeg\" \/>\n<meta name=\"twitter:card\" content=\"summary_large_image\" \/>\n<meta name=\"twitter:label1\" content=\"Odhadovan\u00e1 doba \u010dten\u00ed\" \/>\n\t<meta name=\"twitter:data1\" content=\"1 minuta\" \/>\n<script type=\"application\/ld+json\" class=\"yoast-schema-graph\">{\"@context\":\"https:\/\/schema.org\",\"@graph\":[{\"@type\":\"WebPage\",\"@id\":\"https:\/\/www.hopshop.eu\/cs\/produkt\/bidon-pro-pejska\/\",\"url\":\"https:\/\/www.hopshop.eu\/cs\/produkt\/bidon-pro-pejska\/\",\"name\":\"Bidon pro pejska - Hopshop.eu\",\"isPartOf\":{\"@id\":\"https:\/\/www.hopshop.eu\/cs\/#website\"},\"primaryImageOfPage\":{\"@id\":\"https:\/\/www.hopshop.eu\/cs\/produkt\/bidon-pro-pejska\/#primaryimage\"},\"image\":{\"@id\":\"https:\/\/www.hopshop.eu\/cs\/produkt\/bidon-pro-pejska\/#primaryimage\"},\"thumbnailUrl\":\"https:\/\/www.hopshop.eu\/wp-content\/uploads\/2019\/07\/steklenica-za-pitje-za-pse.jpg\",\"datePublished\":\"2019-07-06T18:18:53+00:00\",\"dateModified\":\"2023-02-26T20:37:10+00:00\",\"breadcrumb\":{\"@id\":\"https:\/\/www.hopshop.eu\/cs\/produkt\/bidon-pro-pejska\/#breadcrumb\"},\"inLanguage\":\"cs\",\"potentialAction\":[{\"@type\":\"ReadAction\",\"target\":[\"https:\/\/www.hopshop.eu\/cs\/produkt\/bidon-pro-pejska\/\"]}]},{\"@type\":\"ImageObject\",\"inLanguage\":\"cs\",\"@id\":\"https:\/\/www.hopshop.eu\/cs\/produkt\/bidon-pro-pejska\/#primaryimage\",\"url\":\"https:\/\/www.hopshop.eu\/wp-content\/uploads\/2019\/07\/steklenica-za-pitje-za-pse.jpg\",\"contentUrl\":\"https:\/\/www.hopshop.eu\/wp-content\/uploads\/2019\/07\/steklenica-za-pitje-za-pse.jpg\",\"width\":600,\"height\":600},{\"@type\":\"BreadcrumbList\",\"@id\":\"https:\/\/www.hopshop.eu\/cs\/produkt\/bidon-pro-pejska\/#breadcrumb\",\"itemListElement\":[{\"@type\":\"ListItem\",\"position\":1,\"name\":\"Home\",\"item\":\"https:\/\/www.hopshop.eu\/cs\/\"},{\"@type\":\"ListItem\",\"position\":2,\"name\":\"Obchod\",\"item\":\"https:\/\/www.hopshop.eu\/cs\/obchod\/\"},{\"@type\":\"ListItem\",\"position\":3,\"name\":\"Bidon pro pejska\"}]},{\"@type\":\"WebSite\",\"@id\":\"https:\/\/www.hopshop.eu\/cs\/#website\",\"url\":\"https:\/\/www.hopshop.eu\/cs\/\",\"name\":\"Hopshop.eu\",\"description\":\"Spletni center ugodnih nakupov\",\"potentialAction\":[{\"@type\":\"SearchAction\",\"target\":{\"@type\":\"EntryPoint\",\"urlTemplate\":\"https:\/\/www.hopshop.eu\/cs\/?s={search_term_string}\"},\"query-input\":{\"@type\":\"PropertyValueSpecification\",\"valueRequired\":true,\"valueName\":\"search_term_string\"}}],\"inLanguage\":\"cs\"}]}<\/script>\n<!-- \/ Yoast SEO plugin. -->","yoast_head_json":{"title":"Bidon pro pejska - Hopshop.eu","robots":{"index":"index","follow":"follow","max-snippet":"max-snippet:-1","max-image-preview":"max-image-preview:large","max-video-preview":"max-video-preview:-1"},"canonical":"https:\/\/www.hopshop.eu\/cs\/produkt\/bidon-pro-pejska\/","og_locale":"cs_CZ","og_type":"article","og_title":"Bidon pro pejska - Hopshop.eu","og_description":"V hork\u00fdch dnech se postarejte o spr\u00e1vn\u00fd pitn\u00fd re\u017eim nejenom pro sebe, ale tak\u00e9 pro va\u0161eho mazl\u00ed\u010dka. Tento bidon je skv\u011blou pom\u016fckou jak u\u017e doma nebo na cest\u00e1ch, del\u0161\u00edch poch\u016fzk\u00e1ch a na dovolen\u00e9. Pou\u017eit\u00ed je jednoduch\u00e9, bidon jebom oto\u010d\u00edte, ten pomoc\u00ed kan\u00e1lku napln\u00ed horn\u00ed \u010d\u00e1st bidonu a v\u00e1\u0161 pejsek se m\u016f\u017ee nap\u00edt. Vyroben z PA, [...]","og_url":"https:\/\/www.hopshop.eu\/cs\/produkt\/bidon-pro-pejska\/","og_site_name":"Hopshop.eu","article_modified_time":"2023-02-26T20:37:10+00:00","og_image":[{"width":600,"height":600,"url":"https:\/\/www.hopshop.eu\/wp-content\/uploads\/2019\/07\/steklenica-za-pitje-za-pse.jpg","type":"image\/jpeg"}],"twitter_card":"summary_large_image","twitter_misc":{"Odhadovan\u00e1 doba \u010dten\u00ed":"1 minuta"},"schema":{"@context":"https:\/\/schema.org","@graph":[{"@type":"WebPage","@id":"https:\/\/www.hopshop.eu\/cs\/produkt\/bidon-pro-pejska\/","url":"https:\/\/www.hopshop.eu\/cs\/produkt\/bidon-pro-pejska\/","name":"Bidon pro pejska - Hopshop.eu","isPartOf":{"@id":"https:\/\/www.hopshop.eu\/cs\/#website"},"primaryImageOfPage":{"@id":"https:\/\/www.hopshop.eu\/cs\/produkt\/bidon-pro-pejska\/#primaryimage"},"image":{"@id":"https:\/\/www.hopshop.eu\/cs\/produkt\/bidon-pro-pejska\/#primaryimage"},"thumbnailUrl":"https:\/\/www.hopshop.eu\/wp-content\/uploads\/2019\/07\/steklenica-za-pitje-za-pse.jpg","datePublished":"2019-07-06T18:18:53+00:00","dateModified":"2023-02-26T20:37:10+00:00","breadcrumb":{"@id":"https:\/\/www.hopshop.eu\/cs\/produkt\/bidon-pro-pejska\/#breadcrumb"},"inLanguage":"cs","potentialAction":[{"@type":"ReadAction","target":["https:\/\/www.hopshop.eu\/cs\/produkt\/bidon-pro-pejska\/"]}]},{"@type":"ImageObject","inLanguage":"cs","@id":"https:\/\/www.hopshop.eu\/cs\/produkt\/bidon-pro-pejska\/#primaryimage","url":"https:\/\/www.hopshop.eu\/wp-content\/uploads\/2019\/07\/steklenica-za-pitje-za-pse.jpg","contentUrl":"https:\/\/www.hopshop.eu\/wp-content\/uploads\/2019\/07\/steklenica-za-pitje-za-pse.jpg","width":600,"height":600},{"@type":"BreadcrumbList","@id":"https:\/\/www.hopshop.eu\/cs\/produkt\/bidon-pro-pejska\/#breadcrumb","itemListElement":[{"@type":"ListItem","position":1,"name":"Home","item":"https:\/\/www.hopshop.eu\/cs\/"},{"@type":"ListItem","position":2,"name":"Obchod","item":"https:\/\/www.hopshop.eu\/cs\/obchod\/"},{"@type":"ListItem","position":3,"name":"Bidon pro pejska"}]},{"@type":"WebSite","@id":"https:\/\/www.hopshop.eu\/cs\/#website","url":"https:\/\/www.hopshop.eu\/cs\/","name":"Hopshop.eu","description":"Spletni center ugodnih nakupov","potentialAction":[{"@type":"SearchAction","target":{"@type":"EntryPoint","urlTemplate":"https:\/\/www.hopshop.eu\/cs\/?s={search_term_string}"},"query-input":{"@type":"PropertyValueSpecification","valueRequired":true,"valueName":"search_term_string"}}],"inLanguage":"cs"}]}},"_links":{"self":[{"href":"https:\/\/www.hopshop.eu\/cs\/wp-json\/wp\/v2\/product\/1590","targetHints":{"allow":["GET"]}}],"collection":[{"href":"https:\/\/www.hopshop.eu\/cs\/wp-json\/wp\/v2\/product"}],"about":[{"href":"https:\/\/www.hopshop.eu\/cs\/wp-json\/wp\/v2\/types\/product"}],"replies":[{"embeddable":true,"href":"https:\/\/www.hopshop.eu\/cs\/wp-json\/wp\/v2\/comments?post=1590"}],"wp:featuredmedia":[{"embeddable":true,"href":"https:\/\/www.hopshop.eu\/cs\/wp-json\/wp\/v2\/media\/1024"}],"wp:attachment":[{"href":"https:\/\/www.hopshop.eu\/cs\/wp-json\/wp\/v2\/media?parent=1590"}],"wp:term":[{"taxonomy":"product_brand","embeddable":true,"href":"https:\/\/www.hopshop.eu\/cs\/wp-json\/wp\/v2\/product_brand?post=1590"},{"taxonomy":"product_cat","embeddable":true,"href":"https:\/\/www.hopshop.eu\/cs\/wp-json\/wp\/v2\/product_cat?post=1590"},{"taxonomy":"product_tag","embeddable":true,"href":"https:\/\/www.hopshop.eu\/cs\/wp-json\/wp\/v2\/product_tag?post=1590"}],"curies":[{"name":"wp","href":"https:\/\/api.w.org\/{rel}","templated":true}]}}