{"id":1591,"date":"2019-07-06T20:18:54","date_gmt":"2019-07-06T18:18:54","guid":{"rendered":"https:\/\/www.hopshop.eu\/product\/nabijecka-3-v-1-pro-mobilni-zarizeni\/"},"modified":"2019-07-13T17:37:06","modified_gmt":"2019-07-13T15:37:06","slug":"nabijecka-3-v-1-pro-mobilni-zarizeni","status":"publish","type":"product","link":"https:\/\/www.hopshop.eu\/cs\/produkt\/nabijecka-3-v-1-pro-mobilni-zarizeni\/","title":{"rendered":"Nab\u00edje\u010dka 3v1 pro mobiln\u00ed za\u0159\u00edzen\u00ed"},"content":{"rendered":"<p><strong>Taky m\u00e1te probl\u00e9m s hled\u00e1n\u00edm r\u016fzn\u00fdch nab\u00edje\u010dek pro v\u00e1\u0161 telefon nebo tablet?<\/strong><\/p>\n<p>M\u00e1me pro v\u00e1s praktick\u00e9 a kvalitn\u00ed \u0159e\u0161en\u00ed. Adapt\u00e9r se t\u0159emi r\u016fzn\u00fdmi p\u0159\u00edpojkami se kter\u00fdmi dobijete ka\u017ed\u00e9 p\u0159enosn\u00e9 za\u0159\u00edzen\u00ed!<br \/>\nP\u0159\u00edpojky : Micro USB (star\u0161\u00ed Android)<br \/>\nUSB-C (nov\u011bj\u0161\u00ed Android)<br \/>\nLightning (pro za\u0159\u00edzen\u00ed Apple)<\/p>\n<p>Autonab\u00edje\u010dka podporuje dob\u00edjen\u00ed v\u0161ech za\u0159\u00edzen\u00ed Android Micro USB, USB-C a IOS jako jsou mobiln\u00ed telefony, tablety, bluetooth reproduktory nebo p\u0159enosn\u00e9 power banky. Kabel je velice odoln\u00fd proto\u017ee je vyroben z pleten\u00e9ho nylonu a hlin\u00edku. Podporuje tak\u00e9 p\u0159enos dat pro Apple za\u0159\u00edzen\u00ed.<\/p>\n<p>Opis v\u00fdrobku:<br \/>\nV\u00fdrobce: Baseus<br \/>\nRychl\u00e9 dob\u00edjen\u00ed do 3,5A<br \/>\nD\u00e9lka kabel\u016f: 120cm<br \/>\nP\u0159\u00edpojky: Micro USB, USB-C a Lightning p\u0159\u00edpojka z druh\u00e9 strany<br \/>\nMateri\u00e1l: Hlin\u00edk a nylon<\/p>\n<p>&nbsp;<\/p>\n<p>&nbsp;<\/p>\n","protected":false},"excerpt":{"rendered":"<p>Taky m\u00e1te probl\u00e9m s hled\u00e1n\u00edm r\u016fzn\u00fdch nab\u00edje\u010dek pro v\u00e1\u0161 telefon nebo tablet? M\u00e1me pro v\u00e1s praktick\u00e9 a kvalitn\u00ed \u0159e\u0161en\u00ed. Adapt\u00e9r se t\u0159emi r\u016fzn\u00fdmi p\u0159\u00edpojkami se kter\u00fdmi dobijete ka\u017ed\u00e9 p\u0159enosn\u00e9 za\u0159\u00edzen\u00ed! P\u0159\u00edpojky : Micro USB (star\u0161\u00ed Android) USB-C (nov\u011bj\u0161\u00ed Android) Lightning (pro za\u0159\u00edzen\u00ed Apple) Autonab\u00edje\u010dka podporuje dob\u00edjen\u00ed v\u0161ech za\u0159\u00edzen\u00ed Android Micro USB, USB-C a IOS jako [&#8230;]\n","protected":false},"featured_media":1062,"comment_status":"open","ping_status":"closed","template":"","meta":[],"product_brand":[],"product_cat":[43],"product_tag":[46],"class_list":{"0":"post-1591","1":"product","2":"type-product","3":"status-publish","4":"has-post-thumbnail","6":"product_cat-dum-a-zahrada","7":"product_tag-top-cs","9":"first","10":"instock","11":"sale","12":"taxable","13":"shipping-taxable","14":"purchasable","15":"product-type-simple"},"yoast_head":"<!-- This site is optimized with the Yoast SEO plugin v26.9 - https:\/\/yoast.com\/product\/yoast-seo-wordpress\/ -->\n<title>Nab\u00edje\u010dka 3v1 pro mobiln\u00ed za\u0159\u00edzen\u00ed - Hopshop.eu<\/title>\n<meta name=\"robots\" content=\"index, follow, max-snippet:-1, max-image-preview:large, max-video-preview:-1\" \/>\n<link rel=\"canonical\" href=\"https:\/\/www.hopshop.eu\/cs\/produkt\/nabijecka-3-v-1-pro-mobilni-zarizeni\/\" \/>\n<meta property=\"og:locale\" content=\"cs_CZ\" \/>\n<meta property=\"og:type\" content=\"article\" \/>\n<meta property=\"og:title\" content=\"Nab\u00edje\u010dka 3v1 pro mobiln\u00ed za\u0159\u00edzen\u00ed - Hopshop.eu\" \/>\n<meta property=\"og:description\" content=\"Taky m\u00e1te probl\u00e9m s hled\u00e1n\u00edm r\u016fzn\u00fdch nab\u00edje\u010dek pro v\u00e1\u0161 telefon nebo tablet? M\u00e1me pro v\u00e1s praktick\u00e9 a kvalitn\u00ed \u0159e\u0161en\u00ed. Adapt\u00e9r se t\u0159emi r\u016fzn\u00fdmi p\u0159\u00edpojkami se kter\u00fdmi dobijete ka\u017ed\u00e9 p\u0159enosn\u00e9 za\u0159\u00edzen\u00ed! P\u0159\u00edpojky : Micro USB (star\u0161\u00ed Android) USB-C (nov\u011bj\u0161\u00ed Android) Lightning (pro za\u0159\u00edzen\u00ed Apple) Autonab\u00edje\u010dka podporuje dob\u00edjen\u00ed v\u0161ech za\u0159\u00edzen\u00ed Android Micro USB, USB-C a IOS jako [...]\" \/>\n<meta property=\"og:url\" content=\"https:\/\/www.hopshop.eu\/cs\/produkt\/nabijecka-3-v-1-pro-mobilni-zarizeni\/\" \/>\n<meta property=\"og:site_name\" content=\"Hopshop.eu\" \/>\n<meta property=\"article:modified_time\" content=\"2019-07-13T15:37:06+00:00\" \/>\n<meta property=\"og:image\" content=\"https:\/\/www.hopshop.eu\/wp-content\/uploads\/2019\/07\/Baseus-USB-3in1-1.jpg\" \/>\n\t<meta property=\"og:image:width\" content=\"640\" \/>\n\t<meta property=\"og:image:height\" content=\"640\" \/>\n\t<meta property=\"og:image:type\" content=\"image\/jpeg\" \/>\n<meta name=\"twitter:card\" content=\"summary_large_image\" \/>\n<meta name=\"twitter:label1\" content=\"Odhadovan\u00e1 doba \u010dten\u00ed\" \/>\n\t<meta name=\"twitter:data1\" content=\"1 minuta\" \/>\n<script type=\"application\/ld+json\" class=\"yoast-schema-graph\">{\"@context\":\"https:\/\/schema.org\",\"@graph\":[{\"@type\":\"WebPage\",\"@id\":\"https:\/\/www.hopshop.eu\/cs\/produkt\/nabijecka-3-v-1-pro-mobilni-zarizeni\/\",\"url\":\"https:\/\/www.hopshop.eu\/cs\/produkt\/nabijecka-3-v-1-pro-mobilni-zarizeni\/\",\"name\":\"Nab\u00edje\u010dka 3v1 pro mobiln\u00ed za\u0159\u00edzen\u00ed - Hopshop.eu\",\"isPartOf\":{\"@id\":\"https:\/\/www.hopshop.eu\/cs\/#website\"},\"primaryImageOfPage\":{\"@id\":\"https:\/\/www.hopshop.eu\/cs\/produkt\/nabijecka-3-v-1-pro-mobilni-zarizeni\/#primaryimage\"},\"image\":{\"@id\":\"https:\/\/www.hopshop.eu\/cs\/produkt\/nabijecka-3-v-1-pro-mobilni-zarizeni\/#primaryimage\"},\"thumbnailUrl\":\"https:\/\/www.hopshop.eu\/wp-content\/uploads\/2019\/07\/Baseus-USB-3in1-1.jpg\",\"datePublished\":\"2019-07-06T18:18:54+00:00\",\"dateModified\":\"2019-07-13T15:37:06+00:00\",\"breadcrumb\":{\"@id\":\"https:\/\/www.hopshop.eu\/cs\/produkt\/nabijecka-3-v-1-pro-mobilni-zarizeni\/#breadcrumb\"},\"inLanguage\":\"cs\",\"potentialAction\":[{\"@type\":\"ReadAction\",\"target\":[\"https:\/\/www.hopshop.eu\/cs\/produkt\/nabijecka-3-v-1-pro-mobilni-zarizeni\/\"]}]},{\"@type\":\"ImageObject\",\"inLanguage\":\"cs\",\"@id\":\"https:\/\/www.hopshop.eu\/cs\/produkt\/nabijecka-3-v-1-pro-mobilni-zarizeni\/#primaryimage\",\"url\":\"https:\/\/www.hopshop.eu\/wp-content\/uploads\/2019\/07\/Baseus-USB-3in1-1.jpg\",\"contentUrl\":\"https:\/\/www.hopshop.eu\/wp-content\/uploads\/2019\/07\/Baseus-USB-3in1-1.jpg\",\"width\":640,\"height\":640},{\"@type\":\"BreadcrumbList\",\"@id\":\"https:\/\/www.hopshop.eu\/cs\/produkt\/nabijecka-3-v-1-pro-mobilni-zarizeni\/#breadcrumb\",\"itemListElement\":[{\"@type\":\"ListItem\",\"position\":1,\"name\":\"Home\",\"item\":\"https:\/\/www.hopshop.eu\/cs\/\"},{\"@type\":\"ListItem\",\"position\":2,\"name\":\"Obchod\",\"item\":\"https:\/\/www.hopshop.eu\/cs\/obchod\/\"},{\"@type\":\"ListItem\",\"position\":3,\"name\":\"Nab\u00edje\u010dka 3v1 pro mobiln\u00ed za\u0159\u00edzen\u00ed\"}]},{\"@type\":\"WebSite\",\"@id\":\"https:\/\/www.hopshop.eu\/cs\/#website\",\"url\":\"https:\/\/www.hopshop.eu\/cs\/\",\"name\":\"Hopshop.eu\",\"description\":\"Spletni center ugodnih nakupov\",\"potentialAction\":[{\"@type\":\"SearchAction\",\"target\":{\"@type\":\"EntryPoint\",\"urlTemplate\":\"https:\/\/www.hopshop.eu\/cs\/?s={search_term_string}\"},\"query-input\":{\"@type\":\"PropertyValueSpecification\",\"valueRequired\":true,\"valueName\":\"search_term_string\"}}],\"inLanguage\":\"cs\"}]}<\/script>\n<!-- \/ Yoast SEO plugin. -->","yoast_head_json":{"title":"Nab\u00edje\u010dka 3v1 pro mobiln\u00ed za\u0159\u00edzen\u00ed - Hopshop.eu","robots":{"index":"index","follow":"follow","max-snippet":"max-snippet:-1","max-image-preview":"max-image-preview:large","max-video-preview":"max-video-preview:-1"},"canonical":"https:\/\/www.hopshop.eu\/cs\/produkt\/nabijecka-3-v-1-pro-mobilni-zarizeni\/","og_locale":"cs_CZ","og_type":"article","og_title":"Nab\u00edje\u010dka 3v1 pro mobiln\u00ed za\u0159\u00edzen\u00ed - Hopshop.eu","og_description":"Taky m\u00e1te probl\u00e9m s hled\u00e1n\u00edm r\u016fzn\u00fdch nab\u00edje\u010dek pro v\u00e1\u0161 telefon nebo tablet? M\u00e1me pro v\u00e1s praktick\u00e9 a kvalitn\u00ed \u0159e\u0161en\u00ed. Adapt\u00e9r se t\u0159emi r\u016fzn\u00fdmi p\u0159\u00edpojkami se kter\u00fdmi dobijete ka\u017ed\u00e9 p\u0159enosn\u00e9 za\u0159\u00edzen\u00ed! P\u0159\u00edpojky : Micro USB (star\u0161\u00ed Android) USB-C (nov\u011bj\u0161\u00ed Android) Lightning (pro za\u0159\u00edzen\u00ed Apple) Autonab\u00edje\u010dka podporuje dob\u00edjen\u00ed v\u0161ech za\u0159\u00edzen\u00ed Android Micro USB, USB-C a IOS jako [...]","og_url":"https:\/\/www.hopshop.eu\/cs\/produkt\/nabijecka-3-v-1-pro-mobilni-zarizeni\/","og_site_name":"Hopshop.eu","article_modified_time":"2019-07-13T15:37:06+00:00","og_image":[{"width":640,"height":640,"url":"https:\/\/www.hopshop.eu\/wp-content\/uploads\/2019\/07\/Baseus-USB-3in1-1.jpg","type":"image\/jpeg"}],"twitter_card":"summary_large_image","twitter_misc":{"Odhadovan\u00e1 doba \u010dten\u00ed":"1 minuta"},"schema":{"@context":"https:\/\/schema.org","@graph":[{"@type":"WebPage","@id":"https:\/\/www.hopshop.eu\/cs\/produkt\/nabijecka-3-v-1-pro-mobilni-zarizeni\/","url":"https:\/\/www.hopshop.eu\/cs\/produkt\/nabijecka-3-v-1-pro-mobilni-zarizeni\/","name":"Nab\u00edje\u010dka 3v1 pro mobiln\u00ed za\u0159\u00edzen\u00ed - Hopshop.eu","isPartOf":{"@id":"https:\/\/www.hopshop.eu\/cs\/#website"},"primaryImageOfPage":{"@id":"https:\/\/www.hopshop.eu\/cs\/produkt\/nabijecka-3-v-1-pro-mobilni-zarizeni\/#primaryimage"},"image":{"@id":"https:\/\/www.hopshop.eu\/cs\/produkt\/nabijecka-3-v-1-pro-mobilni-zarizeni\/#primaryimage"},"thumbnailUrl":"https:\/\/www.hopshop.eu\/wp-content\/uploads\/2019\/07\/Baseus-USB-3in1-1.jpg","datePublished":"2019-07-06T18:18:54+00:00","dateModified":"2019-07-13T15:37:06+00:00","breadcrumb":{"@id":"https:\/\/www.hopshop.eu\/cs\/produkt\/nabijecka-3-v-1-pro-mobilni-zarizeni\/#breadcrumb"},"inLanguage":"cs","potentialAction":[{"@type":"ReadAction","target":["https:\/\/www.hopshop.eu\/cs\/produkt\/nabijecka-3-v-1-pro-mobilni-zarizeni\/"]}]},{"@type":"ImageObject","inLanguage":"cs","@id":"https:\/\/www.hopshop.eu\/cs\/produkt\/nabijecka-3-v-1-pro-mobilni-zarizeni\/#primaryimage","url":"https:\/\/www.hopshop.eu\/wp-content\/uploads\/2019\/07\/Baseus-USB-3in1-1.jpg","contentUrl":"https:\/\/www.hopshop.eu\/wp-content\/uploads\/2019\/07\/Baseus-USB-3in1-1.jpg","width":640,"height":640},{"@type":"BreadcrumbList","@id":"https:\/\/www.hopshop.eu\/cs\/produkt\/nabijecka-3-v-1-pro-mobilni-zarizeni\/#breadcrumb","itemListElement":[{"@type":"ListItem","position":1,"name":"Home","item":"https:\/\/www.hopshop.eu\/cs\/"},{"@type":"ListItem","position":2,"name":"Obchod","item":"https:\/\/www.hopshop.eu\/cs\/obchod\/"},{"@type":"ListItem","position":3,"name":"Nab\u00edje\u010dka 3v1 pro mobiln\u00ed za\u0159\u00edzen\u00ed"}]},{"@type":"WebSite","@id":"https:\/\/www.hopshop.eu\/cs\/#website","url":"https:\/\/www.hopshop.eu\/cs\/","name":"Hopshop.eu","description":"Spletni center ugodnih nakupov","potentialAction":[{"@type":"SearchAction","target":{"@type":"EntryPoint","urlTemplate":"https:\/\/www.hopshop.eu\/cs\/?s={search_term_string}"},"query-input":{"@type":"PropertyValueSpecification","valueRequired":true,"valueName":"search_term_string"}}],"inLanguage":"cs"}]}},"_links":{"self":[{"href":"https:\/\/www.hopshop.eu\/cs\/wp-json\/wp\/v2\/product\/1591","targetHints":{"allow":["GET"]}}],"collection":[{"href":"https:\/\/www.hopshop.eu\/cs\/wp-json\/wp\/v2\/product"}],"about":[{"href":"https:\/\/www.hopshop.eu\/cs\/wp-json\/wp\/v2\/types\/product"}],"replies":[{"embeddable":true,"href":"https:\/\/www.hopshop.eu\/cs\/wp-json\/wp\/v2\/comments?post=1591"}],"wp:featuredmedia":[{"embeddable":true,"href":"https:\/\/www.hopshop.eu\/cs\/wp-json\/wp\/v2\/media\/1062"}],"wp:attachment":[{"href":"https:\/\/www.hopshop.eu\/cs\/wp-json\/wp\/v2\/media?parent=1591"}],"wp:term":[{"taxonomy":"product_brand","embeddable":true,"href":"https:\/\/www.hopshop.eu\/cs\/wp-json\/wp\/v2\/product_brand?post=1591"},{"taxonomy":"product_cat","embeddable":true,"href":"https:\/\/www.hopshop.eu\/cs\/wp-json\/wp\/v2\/product_cat?post=1591"},{"taxonomy":"product_tag","embeddable":true,"href":"https:\/\/www.hopshop.eu\/cs\/wp-json\/wp\/v2\/product_tag?post=1591"}],"curies":[{"name":"wp","href":"https:\/\/api.w.org\/{rel}","templated":true}]}}