{"id":1670,"date":"2019-07-09T11:17:44","date_gmt":"2019-07-09T09:20:26","guid":{"rendered":"https:\/\/www.hopshop.eu\/?post_type=product&#038;p=1670"},"modified":"2019-12-04T22:01:02","modified_gmt":"2019-12-04T21:01:02","slug":"socialni-hra-monopoly-fortnite","status":"publish","type":"product","link":"https:\/\/www.hopshop.eu\/cs\/produkt\/socialni-hra-monopoly-fortnite\/","title":{"rendered":"Soci\u00e1ln\u00ed hra Monopoly FORTNITE"},"content":{"rendered":"<h3><strong>Fanou\u0161ci Fortune, toto vyd\u00e1n\u00ed hry Monopoly inspiroval popul\u00e1rn\u00ed videohru Fortnite!<\/strong><\/h3>\n<p>Nen\u00ed to o tom, kolik pol\u00ed m\u00e1te, ale jak dlouho m\u016f\u017eete p\u0159e\u017e\u00edt.<\/p>\n<ul>\n<li>Od 2 do 7 hr\u00e1\u010d\u016f<\/li>\n<li>Vyhr\u00e1v\u00e1 pole, bojuje proti soupe\u0159\u016fm a vyh\u00fdb\u00e1 se bou\u0159k\u00e1m &#8211; posledn\u00ed p\u0159e\u017eiv\u0161\u00ed hr\u00e1\u010d vyhr\u00e1v\u00e1<\/li>\n<li>Monopoly hra: Fortnite vyd\u00e1n\u00ed m\u00e1 zn\u00e1m\u00e9 um\u00edst\u011bn\u00ed od hry jako pole a hr\u00e1\u010di cht\u011bj\u00ed vyd\u011blat body zdrav\u00ed m\u00edsto Monopoly pen\u011bz z\u016fstat ve h\u0159e \\ t<\/li>\n<li>Pou\u017eijte objekty z hrudn\u00edku k boji proti soupe\u0159\u016fm v t\u00e9to z\u00e1bavn\u00e9 h\u0159e pro nad\u0161ence Monopoly a milovn\u00edky hry Fortnite<\/li>\n<li>Hra p\u0159ich\u00e1z\u00ed s 27 obleky Fortnite a hr\u00e1\u010di se mohou rozhodnout pro sv\u00e9 obl\u00edben\u00e9<\/li>\n<li>Vhodn\u00e9 pro d\u011bti od 13 let<\/li>\n<\/ul>\n<p>&nbsp;<\/p>\n<p><img decoding=\"async\" class=\"alignnone size-full wp-image-1665\" src=\"https:\/\/www.hopshop.eu\/wp-content\/uploads\/2019\/07\/fortnite-monopoly-hasbro.jpg\" alt=\"\" width=\"600\" height=\"600\" srcset=\"https:\/\/www.hopshop.eu\/wp-content\/uploads\/2019\/07\/fortnite-monopoly-hasbro.jpg 600w, https:\/\/www.hopshop.eu\/wp-content\/uploads\/2019\/07\/fortnite-monopoly-hasbro-150x150.jpg 150w, https:\/\/www.hopshop.eu\/wp-content\/uploads\/2019\/07\/fortnite-monopoly-hasbro-300x300.jpg 300w, https:\/\/www.hopshop.eu\/wp-content\/uploads\/2019\/07\/fortnite-monopoly-hasbro-510x510.jpg 510w, https:\/\/www.hopshop.eu\/wp-content\/uploads\/2019\/07\/fortnite-monopoly-hasbro-100x100.jpg 100w\" sizes=\"(max-width: 600px) 100vw, 600px\" \/><\/p>\n","protected":false},"excerpt":{"rendered":"<p>Fanou\u0161ci Fortune, toto vyd\u00e1n\u00ed hry Monopoly inspiroval popul\u00e1rn\u00ed videohru Fortnite! Nen\u00ed to o tom, kolik pol\u00ed m\u00e1te, ale jak dlouho m\u016f\u017eete p\u0159e\u017e\u00edt. Od 2 do 7 hr\u00e1\u010d\u016f Vyhr\u00e1v\u00e1 pole, bojuje proti soupe\u0159\u016fm a vyh\u00fdb\u00e1 se bou\u0159k\u00e1m &#8211; posledn\u00ed p\u0159e\u017eiv\u0161\u00ed hr\u00e1\u010d vyhr\u00e1v\u00e1 Monopoly hra: Fortnite vyd\u00e1n\u00ed m\u00e1 zn\u00e1m\u00e9 um\u00edst\u011bn\u00ed od hry jako pole a hr\u00e1\u010di cht\u011bj\u00ed [&#8230;]\n","protected":false},"featured_media":1668,"comment_status":"open","ping_status":"closed","template":"","meta":[],"product_brand":[],"product_cat":[51],"product_tag":[],"class_list":{"0":"post-1670","1":"product","2":"type-product","3":"status-publish","4":"has-post-thumbnail","6":"product_cat-hracky","8":"first","9":"outofstock","10":"sale","11":"taxable","12":"shipping-taxable","13":"purchasable","14":"product-type-simple"},"yoast_head":"<!-- This site is optimized with the Yoast SEO plugin v26.9 - https:\/\/yoast.com\/product\/yoast-seo-wordpress\/ -->\n<title>Soci\u00e1ln\u00ed hra Monopoly FORTNITE - Hopshop.eu<\/title>\n<meta name=\"robots\" content=\"index, follow, max-snippet:-1, max-image-preview:large, max-video-preview:-1\" \/>\n<link rel=\"canonical\" href=\"https:\/\/www.hopshop.eu\/cs\/produkt\/socialni-hra-monopoly-fortnite\/\" \/>\n<meta property=\"og:locale\" content=\"cs_CZ\" \/>\n<meta property=\"og:type\" content=\"article\" \/>\n<meta property=\"og:title\" content=\"Soci\u00e1ln\u00ed hra Monopoly FORTNITE - Hopshop.eu\" \/>\n<meta property=\"og:description\" content=\"Fanou\u0161ci Fortune, toto vyd\u00e1n\u00ed hry Monopoly inspiroval popul\u00e1rn\u00ed videohru Fortnite! Nen\u00ed to o tom, kolik pol\u00ed m\u00e1te, ale jak dlouho m\u016f\u017eete p\u0159e\u017e\u00edt. Od 2 do 7 hr\u00e1\u010d\u016f Vyhr\u00e1v\u00e1 pole, bojuje proti soupe\u0159\u016fm a vyh\u00fdb\u00e1 se bou\u0159k\u00e1m &#8211; posledn\u00ed p\u0159e\u017eiv\u0161\u00ed hr\u00e1\u010d vyhr\u00e1v\u00e1 Monopoly hra: Fortnite vyd\u00e1n\u00ed m\u00e1 zn\u00e1m\u00e9 um\u00edst\u011bn\u00ed od hry jako pole a hr\u00e1\u010di cht\u011bj\u00ed [...]\" \/>\n<meta property=\"og:url\" content=\"https:\/\/www.hopshop.eu\/cs\/produkt\/socialni-hra-monopoly-fortnite\/\" \/>\n<meta property=\"og:site_name\" content=\"Hopshop.eu\" \/>\n<meta property=\"article:modified_time\" content=\"2019-12-04T21:01:02+00:00\" \/>\n<meta property=\"og:image\" content=\"https:\/\/www.hopshop.eu\/wp-content\/uploads\/2019\/07\/fortnite-monopoly-hasbro-1.jpg\" \/>\n\t<meta property=\"og:image:width\" content=\"600\" \/>\n\t<meta property=\"og:image:height\" content=\"600\" \/>\n\t<meta property=\"og:image:type\" content=\"image\/jpeg\" \/>\n<meta name=\"twitter:card\" content=\"summary_large_image\" \/>\n<meta name=\"twitter:label1\" content=\"Odhadovan\u00e1 doba \u010dten\u00ed\" \/>\n\t<meta name=\"twitter:data1\" content=\"1 minuta\" \/>\n<script type=\"application\/ld+json\" class=\"yoast-schema-graph\">{\"@context\":\"https:\/\/schema.org\",\"@graph\":[{\"@type\":\"WebPage\",\"@id\":\"https:\/\/www.hopshop.eu\/cs\/produkt\/socialni-hra-monopoly-fortnite\/\",\"url\":\"https:\/\/www.hopshop.eu\/cs\/produkt\/socialni-hra-monopoly-fortnite\/\",\"name\":\"Soci\u00e1ln\u00ed hra Monopoly FORTNITE - Hopshop.eu\",\"isPartOf\":{\"@id\":\"https:\/\/www.hopshop.eu\/cs\/#website\"},\"primaryImageOfPage\":{\"@id\":\"https:\/\/www.hopshop.eu\/cs\/produkt\/socialni-hra-monopoly-fortnite\/#primaryimage\"},\"image\":{\"@id\":\"https:\/\/www.hopshop.eu\/cs\/produkt\/socialni-hra-monopoly-fortnite\/#primaryimage\"},\"thumbnailUrl\":\"https:\/\/www.hopshop.eu\/wp-content\/uploads\/2019\/07\/fortnite-monopoly-hasbro-1.jpg\",\"datePublished\":\"2019-07-09T09:20:26+00:00\",\"dateModified\":\"2019-12-04T21:01:02+00:00\",\"breadcrumb\":{\"@id\":\"https:\/\/www.hopshop.eu\/cs\/produkt\/socialni-hra-monopoly-fortnite\/#breadcrumb\"},\"inLanguage\":\"cs\",\"potentialAction\":[{\"@type\":\"ReadAction\",\"target\":[\"https:\/\/www.hopshop.eu\/cs\/produkt\/socialni-hra-monopoly-fortnite\/\"]}]},{\"@type\":\"ImageObject\",\"inLanguage\":\"cs\",\"@id\":\"https:\/\/www.hopshop.eu\/cs\/produkt\/socialni-hra-monopoly-fortnite\/#primaryimage\",\"url\":\"https:\/\/www.hopshop.eu\/wp-content\/uploads\/2019\/07\/fortnite-monopoly-hasbro-1.jpg\",\"contentUrl\":\"https:\/\/www.hopshop.eu\/wp-content\/uploads\/2019\/07\/fortnite-monopoly-hasbro-1.jpg\",\"width\":600,\"height\":600},{\"@type\":\"BreadcrumbList\",\"@id\":\"https:\/\/www.hopshop.eu\/cs\/produkt\/socialni-hra-monopoly-fortnite\/#breadcrumb\",\"itemListElement\":[{\"@type\":\"ListItem\",\"position\":1,\"name\":\"Home\",\"item\":\"https:\/\/www.hopshop.eu\/cs\/\"},{\"@type\":\"ListItem\",\"position\":2,\"name\":\"Obchod\",\"item\":\"https:\/\/www.hopshop.eu\/cs\/obchod\/\"},{\"@type\":\"ListItem\",\"position\":3,\"name\":\"Soci\u00e1ln\u00ed hra Monopoly FORTNITE\"}]},{\"@type\":\"WebSite\",\"@id\":\"https:\/\/www.hopshop.eu\/cs\/#website\",\"url\":\"https:\/\/www.hopshop.eu\/cs\/\",\"name\":\"Hopshop.eu\",\"description\":\"Spletni center ugodnih nakupov\",\"potentialAction\":[{\"@type\":\"SearchAction\",\"target\":{\"@type\":\"EntryPoint\",\"urlTemplate\":\"https:\/\/www.hopshop.eu\/cs\/?s={search_term_string}\"},\"query-input\":{\"@type\":\"PropertyValueSpecification\",\"valueRequired\":true,\"valueName\":\"search_term_string\"}}],\"inLanguage\":\"cs\"}]}<\/script>\n<!-- \/ Yoast SEO plugin. -->","yoast_head_json":{"title":"Soci\u00e1ln\u00ed hra Monopoly FORTNITE - Hopshop.eu","robots":{"index":"index","follow":"follow","max-snippet":"max-snippet:-1","max-image-preview":"max-image-preview:large","max-video-preview":"max-video-preview:-1"},"canonical":"https:\/\/www.hopshop.eu\/cs\/produkt\/socialni-hra-monopoly-fortnite\/","og_locale":"cs_CZ","og_type":"article","og_title":"Soci\u00e1ln\u00ed hra Monopoly FORTNITE - Hopshop.eu","og_description":"Fanou\u0161ci Fortune, toto vyd\u00e1n\u00ed hry Monopoly inspiroval popul\u00e1rn\u00ed videohru Fortnite! Nen\u00ed to o tom, kolik pol\u00ed m\u00e1te, ale jak dlouho m\u016f\u017eete p\u0159e\u017e\u00edt. Od 2 do 7 hr\u00e1\u010d\u016f Vyhr\u00e1v\u00e1 pole, bojuje proti soupe\u0159\u016fm a vyh\u00fdb\u00e1 se bou\u0159k\u00e1m &#8211; posledn\u00ed p\u0159e\u017eiv\u0161\u00ed hr\u00e1\u010d vyhr\u00e1v\u00e1 Monopoly hra: Fortnite vyd\u00e1n\u00ed m\u00e1 zn\u00e1m\u00e9 um\u00edst\u011bn\u00ed od hry jako pole a hr\u00e1\u010di cht\u011bj\u00ed [...]","og_url":"https:\/\/www.hopshop.eu\/cs\/produkt\/socialni-hra-monopoly-fortnite\/","og_site_name":"Hopshop.eu","article_modified_time":"2019-12-04T21:01:02+00:00","og_image":[{"width":600,"height":600,"url":"https:\/\/www.hopshop.eu\/wp-content\/uploads\/2019\/07\/fortnite-monopoly-hasbro-1.jpg","type":"image\/jpeg"}],"twitter_card":"summary_large_image","twitter_misc":{"Odhadovan\u00e1 doba \u010dten\u00ed":"1 minuta"},"schema":{"@context":"https:\/\/schema.org","@graph":[{"@type":"WebPage","@id":"https:\/\/www.hopshop.eu\/cs\/produkt\/socialni-hra-monopoly-fortnite\/","url":"https:\/\/www.hopshop.eu\/cs\/produkt\/socialni-hra-monopoly-fortnite\/","name":"Soci\u00e1ln\u00ed hra Monopoly FORTNITE - Hopshop.eu","isPartOf":{"@id":"https:\/\/www.hopshop.eu\/cs\/#website"},"primaryImageOfPage":{"@id":"https:\/\/www.hopshop.eu\/cs\/produkt\/socialni-hra-monopoly-fortnite\/#primaryimage"},"image":{"@id":"https:\/\/www.hopshop.eu\/cs\/produkt\/socialni-hra-monopoly-fortnite\/#primaryimage"},"thumbnailUrl":"https:\/\/www.hopshop.eu\/wp-content\/uploads\/2019\/07\/fortnite-monopoly-hasbro-1.jpg","datePublished":"2019-07-09T09:20:26+00:00","dateModified":"2019-12-04T21:01:02+00:00","breadcrumb":{"@id":"https:\/\/www.hopshop.eu\/cs\/produkt\/socialni-hra-monopoly-fortnite\/#breadcrumb"},"inLanguage":"cs","potentialAction":[{"@type":"ReadAction","target":["https:\/\/www.hopshop.eu\/cs\/produkt\/socialni-hra-monopoly-fortnite\/"]}]},{"@type":"ImageObject","inLanguage":"cs","@id":"https:\/\/www.hopshop.eu\/cs\/produkt\/socialni-hra-monopoly-fortnite\/#primaryimage","url":"https:\/\/www.hopshop.eu\/wp-content\/uploads\/2019\/07\/fortnite-monopoly-hasbro-1.jpg","contentUrl":"https:\/\/www.hopshop.eu\/wp-content\/uploads\/2019\/07\/fortnite-monopoly-hasbro-1.jpg","width":600,"height":600},{"@type":"BreadcrumbList","@id":"https:\/\/www.hopshop.eu\/cs\/produkt\/socialni-hra-monopoly-fortnite\/#breadcrumb","itemListElement":[{"@type":"ListItem","position":1,"name":"Home","item":"https:\/\/www.hopshop.eu\/cs\/"},{"@type":"ListItem","position":2,"name":"Obchod","item":"https:\/\/www.hopshop.eu\/cs\/obchod\/"},{"@type":"ListItem","position":3,"name":"Soci\u00e1ln\u00ed hra Monopoly FORTNITE"}]},{"@type":"WebSite","@id":"https:\/\/www.hopshop.eu\/cs\/#website","url":"https:\/\/www.hopshop.eu\/cs\/","name":"Hopshop.eu","description":"Spletni center ugodnih nakupov","potentialAction":[{"@type":"SearchAction","target":{"@type":"EntryPoint","urlTemplate":"https:\/\/www.hopshop.eu\/cs\/?s={search_term_string}"},"query-input":{"@type":"PropertyValueSpecification","valueRequired":true,"valueName":"search_term_string"}}],"inLanguage":"cs"}]}},"_links":{"self":[{"href":"https:\/\/www.hopshop.eu\/cs\/wp-json\/wp\/v2\/product\/1670","targetHints":{"allow":["GET"]}}],"collection":[{"href":"https:\/\/www.hopshop.eu\/cs\/wp-json\/wp\/v2\/product"}],"about":[{"href":"https:\/\/www.hopshop.eu\/cs\/wp-json\/wp\/v2\/types\/product"}],"replies":[{"embeddable":true,"href":"https:\/\/www.hopshop.eu\/cs\/wp-json\/wp\/v2\/comments?post=1670"}],"wp:featuredmedia":[{"embeddable":true,"href":"https:\/\/www.hopshop.eu\/cs\/wp-json\/wp\/v2\/media\/1668"}],"wp:attachment":[{"href":"https:\/\/www.hopshop.eu\/cs\/wp-json\/wp\/v2\/media?parent=1670"}],"wp:term":[{"taxonomy":"product_brand","embeddable":true,"href":"https:\/\/www.hopshop.eu\/cs\/wp-json\/wp\/v2\/product_brand?post=1670"},{"taxonomy":"product_cat","embeddable":true,"href":"https:\/\/www.hopshop.eu\/cs\/wp-json\/wp\/v2\/product_cat?post=1670"},{"taxonomy":"product_tag","embeddable":true,"href":"https:\/\/www.hopshop.eu\/cs\/wp-json\/wp\/v2\/product_tag?post=1670"}],"curies":[{"name":"wp","href":"https:\/\/api.w.org\/{rel}","templated":true}]}}