{"id":1719,"date":"2019-07-12T15:53:47","date_gmt":"2019-07-12T14:02:16","guid":{"rendered":"https:\/\/www.hopshop.eu\/?post_type=product&#038;p=1719"},"modified":"2023-02-26T21:37:10","modified_gmt":"2023-02-26T20:37:10","slug":"razitko-na-stipance","status":"publish","type":"product","link":"https:\/\/www.hopshop.eu\/cs\/produkt\/razitko-na-stipance\/","title":{"rendered":"Raz\u00edtko na \u0161t\u00edpance"},"content":{"rendered":"<h3><strong>?\ufe0f Raz\u00edtko na \u0161t\u00edpance InnovaGoods ?\ufe0f, kter\u00e9 rychle ulev\u00ed od sv\u011bd\u011bn\u00ed a podr\u00e1\u017ed\u011bn\u00ed p\u0159i \u0161t\u00edpnut\u00ed kom\u00e1rem!<\/strong><\/h3>\n<p>Nav\u00edc je tak mal\u00e9, \u017ee v\u00e1m nic nebr\u00e1n\u00ed nosit ho st\u00e1le p\u0159i sob\u011b v ta\u0161ce \u010di batohu, abyste ho m\u011bli v\u017edy po ruce.<\/p>\n<p>&nbsp;<\/p>\n<ul>\n<li>Vyroben\u00e9 z nylonu a k\u0159em\u00edku<\/li>\n<li>Snadn\u00e9 pou\u017eit\u00ed a aplikace<\/li>\n<li><strong>Bez chemick\u00fdch slou\u010denin<\/strong><\/li>\n<li>Mal\u00e9 a skladn\u00e9<\/li>\n<li>Ergonomick\u00fd design<\/li>\n<li>3000 pou\u017eit\u00ed<\/li>\n<li>Nevhodn\u00e9 pro d\u011bti do 3 let<\/li>\n<li>P\u0159ibli\u017en\u00e9 rozm\u011bry: 4 x 5 x 2 cm<\/li>\n<\/ul>\n","protected":false},"excerpt":{"rendered":"<p>Raz\u00edtko na \u0161t\u00edpance\u00a0?\ufe0f<\/p>\n","protected":false},"featured_media":1711,"comment_status":"open","ping_status":"closed","template":"","meta":[],"product_brand":[],"product_cat":[43],"product_tag":[],"class_list":{"0":"post-1719","1":"product","2":"type-product","3":"status-publish","4":"has-post-thumbnail","6":"product_cat-dum-a-zahrada","8":"first","9":"outofstock","10":"sale","11":"taxable","12":"shipping-taxable","13":"purchasable","14":"product-type-simple"},"yoast_head":"<!-- This site is optimized with the Yoast SEO plugin v26.9 - https:\/\/yoast.com\/product\/yoast-seo-wordpress\/ -->\n<title>Raz\u00edtko na \u0161t\u00edpance - Hopshop.eu<\/title>\n<meta name=\"robots\" content=\"index, follow, max-snippet:-1, max-image-preview:large, max-video-preview:-1\" \/>\n<link rel=\"canonical\" href=\"https:\/\/www.hopshop.eu\/cs\/produkt\/razitko-na-stipance\/\" \/>\n<meta property=\"og:locale\" content=\"cs_CZ\" \/>\n<meta property=\"og:type\" content=\"article\" \/>\n<meta property=\"og:title\" content=\"Raz\u00edtko na \u0161t\u00edpance - Hopshop.eu\" \/>\n<meta property=\"og:description\" content=\"Raz\u00edtko na \u0161t\u00edpance\u00a0?\ufe0f\" \/>\n<meta property=\"og:url\" content=\"https:\/\/www.hopshop.eu\/cs\/produkt\/razitko-na-stipance\/\" \/>\n<meta property=\"og:site_name\" content=\"Hopshop.eu\" \/>\n<meta property=\"article:modified_time\" content=\"2023-02-26T20:37:10+00:00\" \/>\n<meta property=\"og:image\" content=\"https:\/\/www.hopshop.eu\/wp-content\/uploads\/2019\/07\/mosquito-bite-soother.jpg\" \/>\n\t<meta property=\"og:image:width\" content=\"600\" \/>\n\t<meta property=\"og:image:height\" content=\"600\" \/>\n\t<meta property=\"og:image:type\" content=\"image\/jpeg\" \/>\n<meta name=\"twitter:card\" content=\"summary_large_image\" \/>\n<script type=\"application\/ld+json\" class=\"yoast-schema-graph\">{\"@context\":\"https:\/\/schema.org\",\"@graph\":[{\"@type\":\"WebPage\",\"@id\":\"https:\/\/www.hopshop.eu\/cs\/produkt\/razitko-na-stipance\/\",\"url\":\"https:\/\/www.hopshop.eu\/cs\/produkt\/razitko-na-stipance\/\",\"name\":\"Raz\u00edtko na \u0161t\u00edpance - Hopshop.eu\",\"isPartOf\":{\"@id\":\"https:\/\/www.hopshop.eu\/cs\/#website\"},\"primaryImageOfPage\":{\"@id\":\"https:\/\/www.hopshop.eu\/cs\/produkt\/razitko-na-stipance\/#primaryimage\"},\"image\":{\"@id\":\"https:\/\/www.hopshop.eu\/cs\/produkt\/razitko-na-stipance\/#primaryimage\"},\"thumbnailUrl\":\"https:\/\/www.hopshop.eu\/wp-content\/uploads\/2019\/07\/mosquito-bite-soother.jpg\",\"datePublished\":\"2019-07-12T14:02:16+00:00\",\"dateModified\":\"2023-02-26T20:37:10+00:00\",\"breadcrumb\":{\"@id\":\"https:\/\/www.hopshop.eu\/cs\/produkt\/razitko-na-stipance\/#breadcrumb\"},\"inLanguage\":\"cs\",\"potentialAction\":[{\"@type\":\"ReadAction\",\"target\":[\"https:\/\/www.hopshop.eu\/cs\/produkt\/razitko-na-stipance\/\"]}]},{\"@type\":\"ImageObject\",\"inLanguage\":\"cs\",\"@id\":\"https:\/\/www.hopshop.eu\/cs\/produkt\/razitko-na-stipance\/#primaryimage\",\"url\":\"https:\/\/www.hopshop.eu\/wp-content\/uploads\/2019\/07\/mosquito-bite-soother.jpg\",\"contentUrl\":\"https:\/\/www.hopshop.eu\/wp-content\/uploads\/2019\/07\/mosquito-bite-soother.jpg\",\"width\":600,\"height\":600},{\"@type\":\"BreadcrumbList\",\"@id\":\"https:\/\/www.hopshop.eu\/cs\/produkt\/razitko-na-stipance\/#breadcrumb\",\"itemListElement\":[{\"@type\":\"ListItem\",\"position\":1,\"name\":\"Home\",\"item\":\"https:\/\/www.hopshop.eu\/cs\/\"},{\"@type\":\"ListItem\",\"position\":2,\"name\":\"Obchod\",\"item\":\"https:\/\/www.hopshop.eu\/cs\/obchod\/\"},{\"@type\":\"ListItem\",\"position\":3,\"name\":\"Raz\u00edtko na \u0161t\u00edpance\"}]},{\"@type\":\"WebSite\",\"@id\":\"https:\/\/www.hopshop.eu\/cs\/#website\",\"url\":\"https:\/\/www.hopshop.eu\/cs\/\",\"name\":\"Hopshop.eu\",\"description\":\"Spletni center ugodnih nakupov\",\"potentialAction\":[{\"@type\":\"SearchAction\",\"target\":{\"@type\":\"EntryPoint\",\"urlTemplate\":\"https:\/\/www.hopshop.eu\/cs\/?s={search_term_string}\"},\"query-input\":{\"@type\":\"PropertyValueSpecification\",\"valueRequired\":true,\"valueName\":\"search_term_string\"}}],\"inLanguage\":\"cs\"}]}<\/script>\n<!-- \/ Yoast SEO plugin. -->","yoast_head_json":{"title":"Raz\u00edtko na \u0161t\u00edpance - Hopshop.eu","robots":{"index":"index","follow":"follow","max-snippet":"max-snippet:-1","max-image-preview":"max-image-preview:large","max-video-preview":"max-video-preview:-1"},"canonical":"https:\/\/www.hopshop.eu\/cs\/produkt\/razitko-na-stipance\/","og_locale":"cs_CZ","og_type":"article","og_title":"Raz\u00edtko na \u0161t\u00edpance - Hopshop.eu","og_description":"Raz\u00edtko na \u0161t\u00edpance\u00a0?\ufe0f","og_url":"https:\/\/www.hopshop.eu\/cs\/produkt\/razitko-na-stipance\/","og_site_name":"Hopshop.eu","article_modified_time":"2023-02-26T20:37:10+00:00","og_image":[{"width":600,"height":600,"url":"https:\/\/www.hopshop.eu\/wp-content\/uploads\/2019\/07\/mosquito-bite-soother.jpg","type":"image\/jpeg"}],"twitter_card":"summary_large_image","schema":{"@context":"https:\/\/schema.org","@graph":[{"@type":"WebPage","@id":"https:\/\/www.hopshop.eu\/cs\/produkt\/razitko-na-stipance\/","url":"https:\/\/www.hopshop.eu\/cs\/produkt\/razitko-na-stipance\/","name":"Raz\u00edtko na \u0161t\u00edpance - Hopshop.eu","isPartOf":{"@id":"https:\/\/www.hopshop.eu\/cs\/#website"},"primaryImageOfPage":{"@id":"https:\/\/www.hopshop.eu\/cs\/produkt\/razitko-na-stipance\/#primaryimage"},"image":{"@id":"https:\/\/www.hopshop.eu\/cs\/produkt\/razitko-na-stipance\/#primaryimage"},"thumbnailUrl":"https:\/\/www.hopshop.eu\/wp-content\/uploads\/2019\/07\/mosquito-bite-soother.jpg","datePublished":"2019-07-12T14:02:16+00:00","dateModified":"2023-02-26T20:37:10+00:00","breadcrumb":{"@id":"https:\/\/www.hopshop.eu\/cs\/produkt\/razitko-na-stipance\/#breadcrumb"},"inLanguage":"cs","potentialAction":[{"@type":"ReadAction","target":["https:\/\/www.hopshop.eu\/cs\/produkt\/razitko-na-stipance\/"]}]},{"@type":"ImageObject","inLanguage":"cs","@id":"https:\/\/www.hopshop.eu\/cs\/produkt\/razitko-na-stipance\/#primaryimage","url":"https:\/\/www.hopshop.eu\/wp-content\/uploads\/2019\/07\/mosquito-bite-soother.jpg","contentUrl":"https:\/\/www.hopshop.eu\/wp-content\/uploads\/2019\/07\/mosquito-bite-soother.jpg","width":600,"height":600},{"@type":"BreadcrumbList","@id":"https:\/\/www.hopshop.eu\/cs\/produkt\/razitko-na-stipance\/#breadcrumb","itemListElement":[{"@type":"ListItem","position":1,"name":"Home","item":"https:\/\/www.hopshop.eu\/cs\/"},{"@type":"ListItem","position":2,"name":"Obchod","item":"https:\/\/www.hopshop.eu\/cs\/obchod\/"},{"@type":"ListItem","position":3,"name":"Raz\u00edtko na \u0161t\u00edpance"}]},{"@type":"WebSite","@id":"https:\/\/www.hopshop.eu\/cs\/#website","url":"https:\/\/www.hopshop.eu\/cs\/","name":"Hopshop.eu","description":"Spletni center ugodnih nakupov","potentialAction":[{"@type":"SearchAction","target":{"@type":"EntryPoint","urlTemplate":"https:\/\/www.hopshop.eu\/cs\/?s={search_term_string}"},"query-input":{"@type":"PropertyValueSpecification","valueRequired":true,"valueName":"search_term_string"}}],"inLanguage":"cs"}]}},"_links":{"self":[{"href":"https:\/\/www.hopshop.eu\/cs\/wp-json\/wp\/v2\/product\/1719","targetHints":{"allow":["GET"]}}],"collection":[{"href":"https:\/\/www.hopshop.eu\/cs\/wp-json\/wp\/v2\/product"}],"about":[{"href":"https:\/\/www.hopshop.eu\/cs\/wp-json\/wp\/v2\/types\/product"}],"replies":[{"embeddable":true,"href":"https:\/\/www.hopshop.eu\/cs\/wp-json\/wp\/v2\/comments?post=1719"}],"wp:featuredmedia":[{"embeddable":true,"href":"https:\/\/www.hopshop.eu\/cs\/wp-json\/wp\/v2\/media\/1711"}],"wp:attachment":[{"href":"https:\/\/www.hopshop.eu\/cs\/wp-json\/wp\/v2\/media?parent=1719"}],"wp:term":[{"taxonomy":"product_brand","embeddable":true,"href":"https:\/\/www.hopshop.eu\/cs\/wp-json\/wp\/v2\/product_brand?post=1719"},{"taxonomy":"product_cat","embeddable":true,"href":"https:\/\/www.hopshop.eu\/cs\/wp-json\/wp\/v2\/product_cat?post=1719"},{"taxonomy":"product_tag","embeddable":true,"href":"https:\/\/www.hopshop.eu\/cs\/wp-json\/wp\/v2\/product_tag?post=1719"}],"curies":[{"name":"wp","href":"https:\/\/api.w.org\/{rel}","templated":true}]}}