{"id":1722,"date":"2019-07-06T20:18:31","date_gmt":"2019-07-13T08:22:25","guid":{"rendered":"https:\/\/www.hopshop.eu\/?post_type=product&#038;p=1722"},"modified":"2019-09-09T16:41:48","modified_gmt":"2019-09-09T14:41:48","slug":"spiralovy-krajec-zeleniny-3v1","status":"publish","type":"product","link":"https:\/\/www.hopshop.eu\/cs\/produkt\/spiralovy-krajec-zeleniny-3v1\/","title":{"rendered":"Spir\u00e1lov\u00fd kr\u00e1je\u010d zeleniny 3v1"},"content":{"rendered":"<h3>U\u017e jste n\u011bkdy j\u00edst \u0161pagety z d\u00fdn\u011b nebo mrkve?<br \/>\nCht\u011bli byste p\u0159ipravit vynikaj\u00edc\u00ed sal\u00e1t z okurek, kter\u00fd bude o to zaj\u00edmav\u011bj\u0161\u00ed?<\/h3>\n<p><span style=\"color: #282828;\">Tento spir\u00e1lov\u00fd kr\u00e1je\u010d zeleniny 3v1 v\u00e1m usnadn\u00ed p\u0159\u00edpravu origin\u00e1ln\u00edch zeleninov\u00fdch kreac\u00ed. Dok\u00e1\u017ee zeleninu kr\u00e1jet na r\u016fzn\u00e9 tvary podle zvolen\u00e9ho n\u00e1stavce: \u0161irok\u00e9 nudle, tagliatelle nebo \u0161pagety.<\/span><\/p>\n<ul>\n<li><span style=\"color: #282828;\">Vyroben z ABS (bez BPA)<\/span><\/li>\n<li><span style=\"color: #282828;\">B\u0159ity z nerezov\u00e9 oceli<\/span><\/li>\n<li><span style=\"color: #282828;\">3 v\u00fdm\u011bnn\u00e9 n\u00e1stavce<\/span><\/li>\n<li><span style=\"color: #282828;\">3 zp\u016fsoby kr\u00e1jen\u00ed: nudle, tagliatelle nebo \u0161pagety<\/span><\/li>\n<li><span style=\"color: #282828;\">Skv\u011ble se hod\u00ed na cuketu, mrkev, \u0159epu, vodnici, okurky apod.<\/span><\/li>\n<li><span style=\"color: #282828;\">Snadn\u00e9 myt\u00ed i pou\u017e\u00edv\u00e1n\u00ed<\/span><\/li>\n<li><span style=\"color: #282828;\">Lze d\u00e1vat do my\u010dky<\/span><\/li>\n<li><span style=\"color: #282828;\">P\u0159ibli\u017en\u00fd pr\u016fm\u011br x v\u00fd\u0161ka: 9 x 21 cm<\/span><\/li>\n<\/ul>\n<p>&nbsp;<\/p>\n<p>&nbsp;<\/p>\n<p><iframe title=\"InnovaGoods Kitchen Foodies 3 in 1 Spiral Slicer\" width=\"1020\" height=\"574\" src=\"https:\/\/www.youtube.com\/embed\/hRWgPE0m2h0?feature=oembed\" frameborder=\"0\" allow=\"accelerometer; autoplay; encrypted-media; gyroscope; picture-in-picture\" allowfullscreen><\/iframe><\/p>\n<p>&nbsp;<\/p>\n<p>&#8230; a n\u011bkolik dal\u0161\u00edch u\u017eite\u010dn\u00fdch tip\u016f pro p\u0159\u00edpravu j\u00eddel &#8230;<\/p>\n<p><strong>\u0160pagety z d\u00fdn\u011b s cherry raj\u010d\u00e1tky a bazalkou<\/strong><\/p>\n<p>&nbsp;<\/p>\n<p><img decoding=\"async\" class=\"alignnone size-medium wp-image-6902\" src=\"https:\/\/www.hopshop.si\/wp-content\/uploads\/2018\/06\/unnamed-3-279x300.jpg\" alt=\"\" width=\"279\" height=\"300\" \/> <img decoding=\"async\" class=\"alignnone size-medium wp-image-6903\" src=\"https:\/\/www.hopshop.si\/wp-content\/uploads\/2018\/06\/unnamed-1-277x300.jpg\" alt=\"\" width=\"277\" height=\"300\" \/><\/p>\n<p>Ingredience pro p\u0159\u00edpravu j\u00eddel:<\/p>\n<ul>\n<li><strong>kytice \u010derstv\u00e9 bazalky<\/strong><\/li>\n<li><strong>strou\u017eky \u010desneku (na vy\u017e\u00e1d\u00e1n\u00ed m\u016f\u017ee b\u00fdt i v\u00edce)<\/strong><\/li>\n<li><strong>ovoce cherry raj\u010dat<\/strong><\/li>\n<li><strong>4 ba\u0148ky<\/strong><\/li>\n<li><strong>p\u016fl \u0161\u00e1lku strouhan\u00e9ho parmaz\u00e1nu<\/strong><\/li>\n<li><strong>l\u017e\u00edce vody<\/strong><\/li>\n<li><strong>1\/4 l\u017ei\u010dky papriky<\/strong><\/li>\n<li><strong>1 l\u017ei\u010dka soli<\/strong><\/li>\n<li><strong>3 l\u017ei\u010dky olivov\u00e9ho oleje<\/strong><\/li>\n<\/ul>\n<p>Nasa\u010fte spir\u00e1lov\u00fd \u0159eza\u010d na \u010depel \u0161pagety a od\u0159\u00edzn\u011bte ba\u0148ky. Ba\u0148ky se um\u00edst\u00ed na desku. B\u011bhem toho p\u0159ipravte om\u00e1\u010dku.<\/p>\n<p>Nalijte olej do p\u00e1nve a ud\u011blejte \u010desnek, kter\u00fd se post\u00edte pro p\u016fst. P\u0159idejte cherry raj\u010data, vodu, papriku, s\u016fl a sm\u011bs. Slo\u017eky by m\u011bly b\u00fdt dob\u0159e upraven\u00e9.<\/p>\n<p>P\u0159ebyte\u010dnou vodu posypte d\u00fd\u0148ov\u00fdmi \u0161pagetami a rychle je sma\u017ete p\u0159edem p\u0159ipravenou om\u00e1\u010dkou. Na konci p\u0159idejte parmaz\u00e1n a roztrhan\u00e9 listy bazalky.<\/p>\n<p>Toto j\u00eddlo v\u00e1m bude opravdu trochu \u010dasu na p\u0159\u00edpravu, je to super zdrav\u00e9 a bez \u0161patn\u00fdch zpr\u00e1v budete m\u00edt opakov\u00e1n\u00ed \ud83d\ude42<\/p>\n<p>&nbsp;<\/p>\n<p>&nbsp;<\/p>\n<p>&nbsp;<\/p>\n","protected":false},"excerpt":{"rendered":"<p>U\u017e jste n\u011bkdy j\u00edst \u0161pagety z d\u00fdn\u011b nebo mrkve? Cht\u011bli byste p\u0159ipravit vynikaj\u00edc\u00ed sal\u00e1t z okurek, kter\u00fd bude o to zaj\u00edmav\u011bj\u0161\u00ed? Tento spir\u00e1lov\u00fd kr\u00e1je\u010d zeleniny 3v1 v\u00e1m usnadn\u00ed p\u0159\u00edpravu origin\u00e1ln\u00edch zeleninov\u00fdch kreac\u00ed. Dok\u00e1\u017ee zeleninu kr\u00e1jet na r\u016fzn\u00e9 tvary podle zvolen\u00e9ho n\u00e1stavce: \u0161irok\u00e9 nudle, tagliatelle nebo \u0161pagety. Vyroben z ABS (bez BPA) B\u0159ity z nerezov\u00e9 oceli [&#8230;]\n","protected":false},"featured_media":994,"comment_status":"open","ping_status":"closed","template":"","meta":[],"product_brand":[],"product_cat":[50],"product_tag":[46],"class_list":{"0":"post-1722","1":"product","2":"type-product","3":"status-publish","4":"has-post-thumbnail","6":"product_cat-kuchynske-doplnky-cs","7":"product_tag-top-cs","9":"first","10":"outofstock","11":"sale","12":"featured","13":"taxable","14":"shipping-taxable","15":"purchasable","16":"product-type-simple"},"yoast_head":"<!-- This site is optimized with the Yoast SEO plugin v26.9 - https:\/\/yoast.com\/product\/yoast-seo-wordpress\/ -->\n<title>Spir\u00e1lov\u00fd kr\u00e1je\u010d zeleniny 3v1 - Hopshop.eu<\/title>\n<meta name=\"robots\" content=\"index, follow, max-snippet:-1, max-image-preview:large, max-video-preview:-1\" \/>\n<link rel=\"canonical\" href=\"https:\/\/www.hopshop.eu\/cs\/produkt\/spiralovy-krajec-zeleniny-3v1\/\" \/>\n<meta property=\"og:locale\" content=\"cs_CZ\" \/>\n<meta property=\"og:type\" content=\"article\" \/>\n<meta property=\"og:title\" content=\"Spir\u00e1lov\u00fd kr\u00e1je\u010d zeleniny 3v1 - Hopshop.eu\" \/>\n<meta property=\"og:description\" content=\"U\u017e jste n\u011bkdy j\u00edst \u0161pagety z d\u00fdn\u011b nebo mrkve? Cht\u011bli byste p\u0159ipravit vynikaj\u00edc\u00ed sal\u00e1t z okurek, kter\u00fd bude o to zaj\u00edmav\u011bj\u0161\u00ed? Tento spir\u00e1lov\u00fd kr\u00e1je\u010d zeleniny 3v1 v\u00e1m usnadn\u00ed p\u0159\u00edpravu origin\u00e1ln\u00edch zeleninov\u00fdch kreac\u00ed. Dok\u00e1\u017ee zeleninu kr\u00e1jet na r\u016fzn\u00e9 tvary podle zvolen\u00e9ho n\u00e1stavce: \u0161irok\u00e9 nudle, tagliatelle nebo \u0161pagety. Vyroben z ABS (bez BPA) B\u0159ity z nerezov\u00e9 oceli [...]\" \/>\n<meta property=\"og:url\" content=\"https:\/\/www.hopshop.eu\/cs\/produkt\/spiralovy-krajec-zeleniny-3v1\/\" \/>\n<meta property=\"og:site_name\" content=\"Hopshop.eu\" \/>\n<meta property=\"article:modified_time\" content=\"2019-09-09T14:41:48+00:00\" \/>\n<meta property=\"og:image\" content=\"https:\/\/www.hopshop.eu\/wp-content\/uploads\/2019\/07\/spiralni-rezalnik-za-zelenjavo-3-v-1-innovagoods.jpg\" \/>\n\t<meta property=\"og:image:width\" content=\"600\" \/>\n\t<meta property=\"og:image:height\" content=\"600\" \/>\n\t<meta property=\"og:image:type\" content=\"image\/jpeg\" \/>\n<meta name=\"twitter:card\" content=\"summary_large_image\" \/>\n<meta name=\"twitter:label1\" content=\"Odhadovan\u00e1 doba \u010dten\u00ed\" \/>\n\t<meta name=\"twitter:data1\" content=\"2 minuty\" \/>\n<script type=\"application\/ld+json\" class=\"yoast-schema-graph\">{\"@context\":\"https:\/\/schema.org\",\"@graph\":[{\"@type\":\"WebPage\",\"@id\":\"https:\/\/www.hopshop.eu\/cs\/produkt\/spiralovy-krajec-zeleniny-3v1\/\",\"url\":\"https:\/\/www.hopshop.eu\/cs\/produkt\/spiralovy-krajec-zeleniny-3v1\/\",\"name\":\"Spir\u00e1lov\u00fd kr\u00e1je\u010d zeleniny 3v1 - Hopshop.eu\",\"isPartOf\":{\"@id\":\"https:\/\/www.hopshop.eu\/cs\/#website\"},\"primaryImageOfPage\":{\"@id\":\"https:\/\/www.hopshop.eu\/cs\/produkt\/spiralovy-krajec-zeleniny-3v1\/#primaryimage\"},\"image\":{\"@id\":\"https:\/\/www.hopshop.eu\/cs\/produkt\/spiralovy-krajec-zeleniny-3v1\/#primaryimage\"},\"thumbnailUrl\":\"https:\/\/www.hopshop.eu\/wp-content\/uploads\/2019\/07\/spiralni-rezalnik-za-zelenjavo-3-v-1-innovagoods.jpg\",\"datePublished\":\"2019-07-13T08:22:25+00:00\",\"dateModified\":\"2019-09-09T14:41:48+00:00\",\"breadcrumb\":{\"@id\":\"https:\/\/www.hopshop.eu\/cs\/produkt\/spiralovy-krajec-zeleniny-3v1\/#breadcrumb\"},\"inLanguage\":\"cs\",\"potentialAction\":[{\"@type\":\"ReadAction\",\"target\":[\"https:\/\/www.hopshop.eu\/cs\/produkt\/spiralovy-krajec-zeleniny-3v1\/\"]}]},{\"@type\":\"ImageObject\",\"inLanguage\":\"cs\",\"@id\":\"https:\/\/www.hopshop.eu\/cs\/produkt\/spiralovy-krajec-zeleniny-3v1\/#primaryimage\",\"url\":\"https:\/\/www.hopshop.eu\/wp-content\/uploads\/2019\/07\/spiralni-rezalnik-za-zelenjavo-3-v-1-innovagoods.jpg\",\"contentUrl\":\"https:\/\/www.hopshop.eu\/wp-content\/uploads\/2019\/07\/spiralni-rezalnik-za-zelenjavo-3-v-1-innovagoods.jpg\",\"width\":600,\"height\":600},{\"@type\":\"BreadcrumbList\",\"@id\":\"https:\/\/www.hopshop.eu\/cs\/produkt\/spiralovy-krajec-zeleniny-3v1\/#breadcrumb\",\"itemListElement\":[{\"@type\":\"ListItem\",\"position\":1,\"name\":\"Home\",\"item\":\"https:\/\/www.hopshop.eu\/cs\/\"},{\"@type\":\"ListItem\",\"position\":2,\"name\":\"Obchod\",\"item\":\"https:\/\/www.hopshop.eu\/cs\/obchod\/\"},{\"@type\":\"ListItem\",\"position\":3,\"name\":\"Spir\u00e1lov\u00fd kr\u00e1je\u010d zeleniny 3v1\"}]},{\"@type\":\"WebSite\",\"@id\":\"https:\/\/www.hopshop.eu\/cs\/#website\",\"url\":\"https:\/\/www.hopshop.eu\/cs\/\",\"name\":\"Hopshop.eu\",\"description\":\"Spletni center ugodnih nakupov\",\"potentialAction\":[{\"@type\":\"SearchAction\",\"target\":{\"@type\":\"EntryPoint\",\"urlTemplate\":\"https:\/\/www.hopshop.eu\/cs\/?s={search_term_string}\"},\"query-input\":{\"@type\":\"PropertyValueSpecification\",\"valueRequired\":true,\"valueName\":\"search_term_string\"}}],\"inLanguage\":\"cs\"}]}<\/script>\n<!-- \/ Yoast SEO plugin. -->","yoast_head_json":{"title":"Spir\u00e1lov\u00fd kr\u00e1je\u010d zeleniny 3v1 - Hopshop.eu","robots":{"index":"index","follow":"follow","max-snippet":"max-snippet:-1","max-image-preview":"max-image-preview:large","max-video-preview":"max-video-preview:-1"},"canonical":"https:\/\/www.hopshop.eu\/cs\/produkt\/spiralovy-krajec-zeleniny-3v1\/","og_locale":"cs_CZ","og_type":"article","og_title":"Spir\u00e1lov\u00fd kr\u00e1je\u010d zeleniny 3v1 - Hopshop.eu","og_description":"U\u017e jste n\u011bkdy j\u00edst \u0161pagety z d\u00fdn\u011b nebo mrkve? Cht\u011bli byste p\u0159ipravit vynikaj\u00edc\u00ed sal\u00e1t z okurek, kter\u00fd bude o to zaj\u00edmav\u011bj\u0161\u00ed? Tento spir\u00e1lov\u00fd kr\u00e1je\u010d zeleniny 3v1 v\u00e1m usnadn\u00ed p\u0159\u00edpravu origin\u00e1ln\u00edch zeleninov\u00fdch kreac\u00ed. Dok\u00e1\u017ee zeleninu kr\u00e1jet na r\u016fzn\u00e9 tvary podle zvolen\u00e9ho n\u00e1stavce: \u0161irok\u00e9 nudle, tagliatelle nebo \u0161pagety. Vyroben z ABS (bez BPA) B\u0159ity z nerezov\u00e9 oceli [...]","og_url":"https:\/\/www.hopshop.eu\/cs\/produkt\/spiralovy-krajec-zeleniny-3v1\/","og_site_name":"Hopshop.eu","article_modified_time":"2019-09-09T14:41:48+00:00","og_image":[{"width":600,"height":600,"url":"https:\/\/www.hopshop.eu\/wp-content\/uploads\/2019\/07\/spiralni-rezalnik-za-zelenjavo-3-v-1-innovagoods.jpg","type":"image\/jpeg"}],"twitter_card":"summary_large_image","twitter_misc":{"Odhadovan\u00e1 doba \u010dten\u00ed":"2 minuty"},"schema":{"@context":"https:\/\/schema.org","@graph":[{"@type":"WebPage","@id":"https:\/\/www.hopshop.eu\/cs\/produkt\/spiralovy-krajec-zeleniny-3v1\/","url":"https:\/\/www.hopshop.eu\/cs\/produkt\/spiralovy-krajec-zeleniny-3v1\/","name":"Spir\u00e1lov\u00fd kr\u00e1je\u010d zeleniny 3v1 - Hopshop.eu","isPartOf":{"@id":"https:\/\/www.hopshop.eu\/cs\/#website"},"primaryImageOfPage":{"@id":"https:\/\/www.hopshop.eu\/cs\/produkt\/spiralovy-krajec-zeleniny-3v1\/#primaryimage"},"image":{"@id":"https:\/\/www.hopshop.eu\/cs\/produkt\/spiralovy-krajec-zeleniny-3v1\/#primaryimage"},"thumbnailUrl":"https:\/\/www.hopshop.eu\/wp-content\/uploads\/2019\/07\/spiralni-rezalnik-za-zelenjavo-3-v-1-innovagoods.jpg","datePublished":"2019-07-13T08:22:25+00:00","dateModified":"2019-09-09T14:41:48+00:00","breadcrumb":{"@id":"https:\/\/www.hopshop.eu\/cs\/produkt\/spiralovy-krajec-zeleniny-3v1\/#breadcrumb"},"inLanguage":"cs","potentialAction":[{"@type":"ReadAction","target":["https:\/\/www.hopshop.eu\/cs\/produkt\/spiralovy-krajec-zeleniny-3v1\/"]}]},{"@type":"ImageObject","inLanguage":"cs","@id":"https:\/\/www.hopshop.eu\/cs\/produkt\/spiralovy-krajec-zeleniny-3v1\/#primaryimage","url":"https:\/\/www.hopshop.eu\/wp-content\/uploads\/2019\/07\/spiralni-rezalnik-za-zelenjavo-3-v-1-innovagoods.jpg","contentUrl":"https:\/\/www.hopshop.eu\/wp-content\/uploads\/2019\/07\/spiralni-rezalnik-za-zelenjavo-3-v-1-innovagoods.jpg","width":600,"height":600},{"@type":"BreadcrumbList","@id":"https:\/\/www.hopshop.eu\/cs\/produkt\/spiralovy-krajec-zeleniny-3v1\/#breadcrumb","itemListElement":[{"@type":"ListItem","position":1,"name":"Home","item":"https:\/\/www.hopshop.eu\/cs\/"},{"@type":"ListItem","position":2,"name":"Obchod","item":"https:\/\/www.hopshop.eu\/cs\/obchod\/"},{"@type":"ListItem","position":3,"name":"Spir\u00e1lov\u00fd kr\u00e1je\u010d zeleniny 3v1"}]},{"@type":"WebSite","@id":"https:\/\/www.hopshop.eu\/cs\/#website","url":"https:\/\/www.hopshop.eu\/cs\/","name":"Hopshop.eu","description":"Spletni center ugodnih nakupov","potentialAction":[{"@type":"SearchAction","target":{"@type":"EntryPoint","urlTemplate":"https:\/\/www.hopshop.eu\/cs\/?s={search_term_string}"},"query-input":{"@type":"PropertyValueSpecification","valueRequired":true,"valueName":"search_term_string"}}],"inLanguage":"cs"}]}},"_links":{"self":[{"href":"https:\/\/www.hopshop.eu\/cs\/wp-json\/wp\/v2\/product\/1722","targetHints":{"allow":["GET"]}}],"collection":[{"href":"https:\/\/www.hopshop.eu\/cs\/wp-json\/wp\/v2\/product"}],"about":[{"href":"https:\/\/www.hopshop.eu\/cs\/wp-json\/wp\/v2\/types\/product"}],"replies":[{"embeddable":true,"href":"https:\/\/www.hopshop.eu\/cs\/wp-json\/wp\/v2\/comments?post=1722"}],"wp:featuredmedia":[{"embeddable":true,"href":"https:\/\/www.hopshop.eu\/cs\/wp-json\/wp\/v2\/media\/994"}],"wp:attachment":[{"href":"https:\/\/www.hopshop.eu\/cs\/wp-json\/wp\/v2\/media?parent=1722"}],"wp:term":[{"taxonomy":"product_brand","embeddable":true,"href":"https:\/\/www.hopshop.eu\/cs\/wp-json\/wp\/v2\/product_brand?post=1722"},{"taxonomy":"product_cat","embeddable":true,"href":"https:\/\/www.hopshop.eu\/cs\/wp-json\/wp\/v2\/product_cat?post=1722"},{"taxonomy":"product_tag","embeddable":true,"href":"https:\/\/www.hopshop.eu\/cs\/wp-json\/wp\/v2\/product_tag?post=1722"}],"curies":[{"name":"wp","href":"https:\/\/api.w.org\/{rel}","templated":true}]}}