{"id":1723,"date":"2019-07-06T20:18:08","date_gmt":"2019-07-13T08:42:05","guid":{"rendered":"https:\/\/www.hopshop.eu\/?post_type=product&#038;p=1723"},"modified":"2023-02-26T21:37:10","modified_gmt":"2023-02-26T20:37:10","slug":"micky-do-chladnicky-3-kusy","status":"publish","type":"product","link":"https:\/\/www.hopshop.eu\/cs\/produkt\/micky-do-chladnicky-3-kusy\/","title":{"rendered":"M\u00ed\u010dky do chladni\u010dky (3 kusy)"},"content":{"rendered":"<h3><strong><span style=\"color: #000000;\">M\u00e1te pocit, \u017ee j\u00eddlo ve va\u0161\u00ed chladni\u010dce je rychle zka\u017een\u00e9?<\/span><\/strong><\/h3>\n<p><span style=\"color: #000000;\">M\u00ed\u010dky do chladni\u010dky prodlu\u017euj\u00ed \u017eivotnost potravin ulo\u017een\u00fdch v chladni\u010dce, zvl\u00e1\u0161t\u011b ovoce a zeleniny. Sta\u010d\u00ed m\u00ed\u010dky vlo\u017eit do chladni\u010dky, kde pohlcuj\u00ed plyny, kter\u00e9 se uvol\u0148uj\u00ed z potravin a zp\u016fsobuj\u00ed jejich rychlej\u0161\u00ed ka\u017een\u00ed. <\/span><\/p>\n<p><span style=\"color: #000000;\">Nav\u00edc pohlcuj\u00ed tak\u00e9 nep\u0159\u00edjemn\u00e9 pachy v chladni\u010dce.<\/span><\/p>\n<ul>\n<li><span style=\"color: #000000;\">Vyroben\u00e9 z ABS (bez BPA)<\/span><\/li>\n<li><span style=\"color: #000000;\">S aktivn\u00edm uhl\u00edm uvnit\u0159<\/span><\/li>\n<li><span style=\"color: #000000;\">Balen\u00ed obsahuje 3 kusy<\/span><\/li>\n<li><span style=\"color: #000000;\">P\u0159ibli\u017en\u00fd pr\u016fm\u011br: 5 cm<\/span><\/li>\n<li><span style=\"color: #000000;\">Odstra\u0148uj\u00ed z\u00e1pach<\/span><\/li>\n<li><span style=\"color: #000000;\">Potraviny vydr\u017e\u00ed \u010derstv\u00e9 a\u017e 3kr\u00e1t d\u00e9le<\/span><\/li>\n<\/ul>\n<div><\/div>\n<div><span style=\"color: #000000;\">Ovoce a zelenina se po ur\u010dit\u00e9 dob\u011b tak\u00e9 za\u010dnou v chladni\u010dce <strong>rozkl\u00e1dat<\/strong> nebo <strong>hnit<\/strong>. Sou\u010dasn\u011b se sni\u017euj\u00ed plyny, co\u017e d\u00e1le urychluje rozpad potravin i <strong>nep\u0159\u00edjemn\u00e9<\/strong> pachy.<\/span><\/div>\n<div><span style=\"color: #000000;\">\u00a0<\/span><\/div>\n<div><span style=\"color: #000000;\">\u00a0<img decoding=\"async\" class=\"alignnone wp-image-880 size-medium\" src=\"https:\/\/www.hopshop.eu\/wp-content\/uploads\/2019\/07\/eko-kroglice-za-hladilnik-fresh-fridge-3-kosi_3-300x300.jpeg\" alt=\"\" width=\"300\" height=\"300\" srcset=\"https:\/\/www.hopshop.eu\/wp-content\/uploads\/2019\/07\/eko-kroglice-za-hladilnik-fresh-fridge-3-kosi_3-300x300.jpeg 300w, https:\/\/www.hopshop.eu\/wp-content\/uploads\/2019\/07\/eko-kroglice-za-hladilnik-fresh-fridge-3-kosi_3-150x150.jpeg 150w, https:\/\/www.hopshop.eu\/wp-content\/uploads\/2019\/07\/eko-kroglice-za-hladilnik-fresh-fridge-3-kosi_3-510x510.jpeg 510w, https:\/\/www.hopshop.eu\/wp-content\/uploads\/2019\/07\/eko-kroglice-za-hladilnik-fresh-fridge-3-kosi_3-100x100.jpeg 100w, https:\/\/www.hopshop.eu\/wp-content\/uploads\/2019\/07\/eko-kroglice-za-hladilnik-fresh-fridge-3-kosi_3.jpeg 600w\" sizes=\"(max-width: 300px) 100vw, 300px\" \/><\/span><\/div>\n<p>&nbsp;<\/p>\n<p><span style=\"color: #000000;\"><strong>Existuje n\u011bjak\u00e9 \u0159e\u0161en\u00ed?<\/strong><\/span><\/p>\n<p><span style=\"color: #000000;\">D\u00edky v\u017edy \u010derstv\u00fdm eko \u200b\u200bkuli\u010dk\u00e1m do chladni\u010dky vydr\u017e\u00ed va\u0161e j\u00eddlo v chladni\u010dce d\u00e9le a v chladni\u010dce nebudou \u017e\u00e1dn\u00e9 nep\u0159\u00edjemn\u00e9 pachy. V kuli\u010dk\u00e1ch je <strong>aktivn\u00ed uhl\u00ed<\/strong>, kter\u00e9 p\u016fsob\u00ed jako p\u0159\u00edrodn\u00ed filtr a absorbuje v\u0161echny extrahovan\u00e9 plyny.<\/span><\/p>\n<div><\/div>\n<div><span style=\"color: #000000;\">\u00a0<img decoding=\"async\" class=\"alignnone wp-image-878 size-medium\" src=\"https:\/\/www.hopshop.eu\/wp-content\/uploads\/2019\/07\/eko-kroglice-za-hladilnik-fresh-fridge-3-kosi_2-300x300.jpeg\" alt=\"\" width=\"300\" height=\"300\" srcset=\"https:\/\/www.hopshop.eu\/wp-content\/uploads\/2019\/07\/eko-kroglice-za-hladilnik-fresh-fridge-3-kosi_2-300x300.jpeg 300w, https:\/\/www.hopshop.eu\/wp-content\/uploads\/2019\/07\/eko-kroglice-za-hladilnik-fresh-fridge-3-kosi_2-150x150.jpeg 150w, https:\/\/www.hopshop.eu\/wp-content\/uploads\/2019\/07\/eko-kroglice-za-hladilnik-fresh-fridge-3-kosi_2-510x510.jpeg 510w, https:\/\/www.hopshop.eu\/wp-content\/uploads\/2019\/07\/eko-kroglice-za-hladilnik-fresh-fridge-3-kosi_2-100x100.jpeg 100w, https:\/\/www.hopshop.eu\/wp-content\/uploads\/2019\/07\/eko-kroglice-za-hladilnik-fresh-fridge-3-kosi_2.jpeg 600w\" sizes=\"(max-width: 300px) 100vw, 300px\" \/><\/span><\/div>\n<div><span style=\"color: #000000;\">\u00a0<\/span><\/div>\n<div><\/div>\n<p><iframe src=\"https:\/\/www.youtube.com\/embed\/c8R4e_TrRZM?rel=0&amp;showinfo=0&amp;start=0.12\" width=\"460\" height=\"315\" frameborder=\"0\" allowfullscreen=\"allowfullscreen\" data-mce-fragment=\"1\"><\/iframe><\/p>\n","protected":false},"excerpt":{"rendered":"<p>M\u00e1te pocit, \u017ee j\u00eddlo ve va\u0161\u00ed chladni\u010dce je rychle zka\u017een\u00e9? M\u00ed\u010dky do chladni\u010dky prodlu\u017euj\u00ed \u017eivotnost potravin ulo\u017een\u00fdch v chladni\u010dce, zvl\u00e1\u0161t\u011b ovoce a zeleniny. Sta\u010d\u00ed m\u00ed\u010dky vlo\u017eit do chladni\u010dky, kde pohlcuj\u00ed plyny, kter\u00e9 se uvol\u0148uj\u00ed z potravin a zp\u016fsobuj\u00ed jejich rychlej\u0161\u00ed ka\u017een\u00ed. Nav\u00edc pohlcuj\u00ed tak\u00e9 nep\u0159\u00edjemn\u00e9 pachy v chladni\u010dce. Vyroben\u00e9 z ABS (bez BPA) S aktivn\u00edm [&#8230;]\n","protected":false},"featured_media":874,"comment_status":"open","ping_status":"closed","template":"","meta":[],"product_brand":[],"product_cat":[50],"product_tag":[],"class_list":{"0":"post-1723","1":"product","2":"type-product","3":"status-publish","4":"has-post-thumbnail","6":"product_cat-kuchynske-doplnky-cs","8":"first","9":"instock","10":"sale","11":"taxable","12":"shipping-taxable","13":"purchasable","14":"product-type-simple"},"yoast_head":"<!-- This site is optimized with the Yoast SEO plugin v26.9 - https:\/\/yoast.com\/product\/yoast-seo-wordpress\/ -->\n<title>M\u00ed\u010dky do chladni\u010dky (3 kusy) - Hopshop.eu<\/title>\n<meta name=\"robots\" content=\"index, follow, max-snippet:-1, max-image-preview:large, max-video-preview:-1\" \/>\n<link rel=\"canonical\" href=\"https:\/\/www.hopshop.eu\/cs\/produkt\/micky-do-chladnicky-3-kusy\/\" \/>\n<meta property=\"og:locale\" content=\"cs_CZ\" \/>\n<meta property=\"og:type\" content=\"article\" \/>\n<meta property=\"og:title\" content=\"M\u00ed\u010dky do chladni\u010dky (3 kusy) - Hopshop.eu\" \/>\n<meta property=\"og:description\" content=\"M\u00e1te pocit, \u017ee j\u00eddlo ve va\u0161\u00ed chladni\u010dce je rychle zka\u017een\u00e9? M\u00ed\u010dky do chladni\u010dky prodlu\u017euj\u00ed \u017eivotnost potravin ulo\u017een\u00fdch v chladni\u010dce, zvl\u00e1\u0161t\u011b ovoce a zeleniny. Sta\u010d\u00ed m\u00ed\u010dky vlo\u017eit do chladni\u010dky, kde pohlcuj\u00ed plyny, kter\u00e9 se uvol\u0148uj\u00ed z potravin a zp\u016fsobuj\u00ed jejich rychlej\u0161\u00ed ka\u017een\u00ed. Nav\u00edc pohlcuj\u00ed tak\u00e9 nep\u0159\u00edjemn\u00e9 pachy v chladni\u010dce. Vyroben\u00e9 z ABS (bez BPA) S aktivn\u00edm [...]\" \/>\n<meta property=\"og:url\" content=\"https:\/\/www.hopshop.eu\/cs\/produkt\/micky-do-chladnicky-3-kusy\/\" \/>\n<meta property=\"og:site_name\" content=\"Hopshop.eu\" \/>\n<meta property=\"article:modified_time\" content=\"2023-02-26T20:37:10+00:00\" \/>\n<meta property=\"og:image\" content=\"https:\/\/www.hopshop.eu\/wp-content\/uploads\/2019\/07\/eko-kroglice-za-hladilnik-fresh-fridge-3-kosi.jpeg\" \/>\n\t<meta property=\"og:image:width\" content=\"600\" \/>\n\t<meta property=\"og:image:height\" content=\"600\" \/>\n\t<meta property=\"og:image:type\" content=\"image\/jpeg\" \/>\n<meta name=\"twitter:card\" content=\"summary_large_image\" \/>\n<meta name=\"twitter:label1\" content=\"Odhadovan\u00e1 doba \u010dten\u00ed\" \/>\n\t<meta name=\"twitter:data1\" content=\"1 minuta\" \/>\n<script type=\"application\/ld+json\" class=\"yoast-schema-graph\">{\"@context\":\"https:\/\/schema.org\",\"@graph\":[{\"@type\":\"WebPage\",\"@id\":\"https:\/\/www.hopshop.eu\/cs\/produkt\/micky-do-chladnicky-3-kusy\/\",\"url\":\"https:\/\/www.hopshop.eu\/cs\/produkt\/micky-do-chladnicky-3-kusy\/\",\"name\":\"M\u00ed\u010dky do chladni\u010dky (3 kusy) - Hopshop.eu\",\"isPartOf\":{\"@id\":\"https:\/\/www.hopshop.eu\/cs\/#website\"},\"primaryImageOfPage\":{\"@id\":\"https:\/\/www.hopshop.eu\/cs\/produkt\/micky-do-chladnicky-3-kusy\/#primaryimage\"},\"image\":{\"@id\":\"https:\/\/www.hopshop.eu\/cs\/produkt\/micky-do-chladnicky-3-kusy\/#primaryimage\"},\"thumbnailUrl\":\"https:\/\/www.hopshop.eu\/wp-content\/uploads\/2019\/07\/eko-kroglice-za-hladilnik-fresh-fridge-3-kosi.jpeg\",\"datePublished\":\"2019-07-13T08:42:05+00:00\",\"dateModified\":\"2023-02-26T20:37:10+00:00\",\"breadcrumb\":{\"@id\":\"https:\/\/www.hopshop.eu\/cs\/produkt\/micky-do-chladnicky-3-kusy\/#breadcrumb\"},\"inLanguage\":\"cs\",\"potentialAction\":[{\"@type\":\"ReadAction\",\"target\":[\"https:\/\/www.hopshop.eu\/cs\/produkt\/micky-do-chladnicky-3-kusy\/\"]}]},{\"@type\":\"ImageObject\",\"inLanguage\":\"cs\",\"@id\":\"https:\/\/www.hopshop.eu\/cs\/produkt\/micky-do-chladnicky-3-kusy\/#primaryimage\",\"url\":\"https:\/\/www.hopshop.eu\/wp-content\/uploads\/2019\/07\/eko-kroglice-za-hladilnik-fresh-fridge-3-kosi.jpeg\",\"contentUrl\":\"https:\/\/www.hopshop.eu\/wp-content\/uploads\/2019\/07\/eko-kroglice-za-hladilnik-fresh-fridge-3-kosi.jpeg\",\"width\":600,\"height\":600},{\"@type\":\"BreadcrumbList\",\"@id\":\"https:\/\/www.hopshop.eu\/cs\/produkt\/micky-do-chladnicky-3-kusy\/#breadcrumb\",\"itemListElement\":[{\"@type\":\"ListItem\",\"position\":1,\"name\":\"Home\",\"item\":\"https:\/\/www.hopshop.eu\/cs\/\"},{\"@type\":\"ListItem\",\"position\":2,\"name\":\"Obchod\",\"item\":\"https:\/\/www.hopshop.eu\/cs\/obchod\/\"},{\"@type\":\"ListItem\",\"position\":3,\"name\":\"M\u00ed\u010dky do chladni\u010dky (3 kusy)\"}]},{\"@type\":\"WebSite\",\"@id\":\"https:\/\/www.hopshop.eu\/cs\/#website\",\"url\":\"https:\/\/www.hopshop.eu\/cs\/\",\"name\":\"Hopshop.eu\",\"description\":\"Spletni center ugodnih nakupov\",\"potentialAction\":[{\"@type\":\"SearchAction\",\"target\":{\"@type\":\"EntryPoint\",\"urlTemplate\":\"https:\/\/www.hopshop.eu\/cs\/?s={search_term_string}\"},\"query-input\":{\"@type\":\"PropertyValueSpecification\",\"valueRequired\":true,\"valueName\":\"search_term_string\"}}],\"inLanguage\":\"cs\"}]}<\/script>\n<!-- \/ Yoast SEO plugin. -->","yoast_head_json":{"title":"M\u00ed\u010dky do chladni\u010dky (3 kusy) - Hopshop.eu","robots":{"index":"index","follow":"follow","max-snippet":"max-snippet:-1","max-image-preview":"max-image-preview:large","max-video-preview":"max-video-preview:-1"},"canonical":"https:\/\/www.hopshop.eu\/cs\/produkt\/micky-do-chladnicky-3-kusy\/","og_locale":"cs_CZ","og_type":"article","og_title":"M\u00ed\u010dky do chladni\u010dky (3 kusy) - Hopshop.eu","og_description":"M\u00e1te pocit, \u017ee j\u00eddlo ve va\u0161\u00ed chladni\u010dce je rychle zka\u017een\u00e9? M\u00ed\u010dky do chladni\u010dky prodlu\u017euj\u00ed \u017eivotnost potravin ulo\u017een\u00fdch v chladni\u010dce, zvl\u00e1\u0161t\u011b ovoce a zeleniny. Sta\u010d\u00ed m\u00ed\u010dky vlo\u017eit do chladni\u010dky, kde pohlcuj\u00ed plyny, kter\u00e9 se uvol\u0148uj\u00ed z potravin a zp\u016fsobuj\u00ed jejich rychlej\u0161\u00ed ka\u017een\u00ed. Nav\u00edc pohlcuj\u00ed tak\u00e9 nep\u0159\u00edjemn\u00e9 pachy v chladni\u010dce. Vyroben\u00e9 z ABS (bez BPA) S aktivn\u00edm [...]","og_url":"https:\/\/www.hopshop.eu\/cs\/produkt\/micky-do-chladnicky-3-kusy\/","og_site_name":"Hopshop.eu","article_modified_time":"2023-02-26T20:37:10+00:00","og_image":[{"width":600,"height":600,"url":"https:\/\/www.hopshop.eu\/wp-content\/uploads\/2019\/07\/eko-kroglice-za-hladilnik-fresh-fridge-3-kosi.jpeg","type":"image\/jpeg"}],"twitter_card":"summary_large_image","twitter_misc":{"Odhadovan\u00e1 doba \u010dten\u00ed":"1 minuta"},"schema":{"@context":"https:\/\/schema.org","@graph":[{"@type":"WebPage","@id":"https:\/\/www.hopshop.eu\/cs\/produkt\/micky-do-chladnicky-3-kusy\/","url":"https:\/\/www.hopshop.eu\/cs\/produkt\/micky-do-chladnicky-3-kusy\/","name":"M\u00ed\u010dky do chladni\u010dky (3 kusy) - Hopshop.eu","isPartOf":{"@id":"https:\/\/www.hopshop.eu\/cs\/#website"},"primaryImageOfPage":{"@id":"https:\/\/www.hopshop.eu\/cs\/produkt\/micky-do-chladnicky-3-kusy\/#primaryimage"},"image":{"@id":"https:\/\/www.hopshop.eu\/cs\/produkt\/micky-do-chladnicky-3-kusy\/#primaryimage"},"thumbnailUrl":"https:\/\/www.hopshop.eu\/wp-content\/uploads\/2019\/07\/eko-kroglice-za-hladilnik-fresh-fridge-3-kosi.jpeg","datePublished":"2019-07-13T08:42:05+00:00","dateModified":"2023-02-26T20:37:10+00:00","breadcrumb":{"@id":"https:\/\/www.hopshop.eu\/cs\/produkt\/micky-do-chladnicky-3-kusy\/#breadcrumb"},"inLanguage":"cs","potentialAction":[{"@type":"ReadAction","target":["https:\/\/www.hopshop.eu\/cs\/produkt\/micky-do-chladnicky-3-kusy\/"]}]},{"@type":"ImageObject","inLanguage":"cs","@id":"https:\/\/www.hopshop.eu\/cs\/produkt\/micky-do-chladnicky-3-kusy\/#primaryimage","url":"https:\/\/www.hopshop.eu\/wp-content\/uploads\/2019\/07\/eko-kroglice-za-hladilnik-fresh-fridge-3-kosi.jpeg","contentUrl":"https:\/\/www.hopshop.eu\/wp-content\/uploads\/2019\/07\/eko-kroglice-za-hladilnik-fresh-fridge-3-kosi.jpeg","width":600,"height":600},{"@type":"BreadcrumbList","@id":"https:\/\/www.hopshop.eu\/cs\/produkt\/micky-do-chladnicky-3-kusy\/#breadcrumb","itemListElement":[{"@type":"ListItem","position":1,"name":"Home","item":"https:\/\/www.hopshop.eu\/cs\/"},{"@type":"ListItem","position":2,"name":"Obchod","item":"https:\/\/www.hopshop.eu\/cs\/obchod\/"},{"@type":"ListItem","position":3,"name":"M\u00ed\u010dky do chladni\u010dky (3 kusy)"}]},{"@type":"WebSite","@id":"https:\/\/www.hopshop.eu\/cs\/#website","url":"https:\/\/www.hopshop.eu\/cs\/","name":"Hopshop.eu","description":"Spletni center ugodnih nakupov","potentialAction":[{"@type":"SearchAction","target":{"@type":"EntryPoint","urlTemplate":"https:\/\/www.hopshop.eu\/cs\/?s={search_term_string}"},"query-input":{"@type":"PropertyValueSpecification","valueRequired":true,"valueName":"search_term_string"}}],"inLanguage":"cs"}]}},"_links":{"self":[{"href":"https:\/\/www.hopshop.eu\/cs\/wp-json\/wp\/v2\/product\/1723","targetHints":{"allow":["GET"]}}],"collection":[{"href":"https:\/\/www.hopshop.eu\/cs\/wp-json\/wp\/v2\/product"}],"about":[{"href":"https:\/\/www.hopshop.eu\/cs\/wp-json\/wp\/v2\/types\/product"}],"replies":[{"embeddable":true,"href":"https:\/\/www.hopshop.eu\/cs\/wp-json\/wp\/v2\/comments?post=1723"}],"wp:featuredmedia":[{"embeddable":true,"href":"https:\/\/www.hopshop.eu\/cs\/wp-json\/wp\/v2\/media\/874"}],"wp:attachment":[{"href":"https:\/\/www.hopshop.eu\/cs\/wp-json\/wp\/v2\/media?parent=1723"}],"wp:term":[{"taxonomy":"product_brand","embeddable":true,"href":"https:\/\/www.hopshop.eu\/cs\/wp-json\/wp\/v2\/product_brand?post=1723"},{"taxonomy":"product_cat","embeddable":true,"href":"https:\/\/www.hopshop.eu\/cs\/wp-json\/wp\/v2\/product_cat?post=1723"},{"taxonomy":"product_tag","embeddable":true,"href":"https:\/\/www.hopshop.eu\/cs\/wp-json\/wp\/v2\/product_tag?post=1723"}],"curies":[{"name":"wp","href":"https:\/\/api.w.org\/{rel}","templated":true}]}}