{"id":1774,"date":"2019-07-13T17:25:41","date_gmt":"2019-07-13T15:33:12","guid":{"rendered":"https:\/\/www.hopshop.eu\/?post_type=product&#038;p=1774"},"modified":"2022-11-11T21:07:30","modified_gmt":"2022-11-11T20:07:30","slug":"chytry-roboticky-vysavac-rovac-1000","status":"publish","type":"product","link":"https:\/\/www.hopshop.eu\/cs\/produkt\/chytry-roboticky-vysavac-rovac-1000\/","title":{"rendered":"Chytr\u00fd robotick\u00fd vysava\u010d Rovac 1000"},"content":{"rendered":"<h3><span style=\"color: #000000;\"><strong>Chytr\u00fd robotick\u00fd vysava\u010d Rovac 1000 je skv\u011bl\u00fd pomocn\u00edk na rychl\u00fd a pohodln\u00fd \u00faklid podlahy.<\/strong> <\/span><\/h3>\n<p><span style=\"color: #000000;\">D\u00edky modern\u00edmu a funk\u010dn\u00edmu designu m\u011bn\u00ed sm\u011br, kdy\u017e naraz\u00ed na p\u0159ek\u00e1\u017eku a dostane se pod v\u011bt\u0161inu n\u00e1bytku.<\/span><\/p>\n<ul>\n<li><span style=\"color: #000000;\">Vyroben\u00fd z ABS<\/span><\/li>\n<li><span style=\"color: #000000;\">Nab\u00edjec\u00ed<\/span><\/li>\n<li><span style=\"color: #000000;\">Kompaktn\u00ed superploch\u00fd design<\/span><\/li>\n<li><span style=\"color: #000000;\">Automaticky m\u011bn\u00ed sm\u011br<\/span><\/li>\n<li><span style=\"color: #000000;\">Vyj\u00edmateln\u00e1 n\u00e1doba na ne\u010distoty<\/span><\/li>\n<li><span style=\"color: #000000;\">Velkokapacitn\u00ed lithiov\u00e1 baterie (3,7 V \/ 1500 mAh)<\/span><\/li>\n<li><span style=\"color: #000000;\">V\u010detn\u011b USB kabelu na nab\u00edjen\u00ed<\/span><\/li>\n<li><span style=\"color: #000000;\">P\u0159ibli\u017en\u00e1 doba nab\u00edjen\u00ed: 2 h<\/span><\/li>\n<li><span style=\"color: #000000;\">Vydr\u017e: cca 80 min<\/span><\/li>\n<li><span style=\"color: #000000;\">Pr\u016fm\u011br x v\u00fd\u0161ka: cca 23 x 7 cm<\/span><\/li>\n<\/ul>\n<p>&nbsp;<\/p>\n<p><img decoding=\"async\" class=\"alignnone size-full wp-image-1753\" src=\"https:\/\/www.hopshop.eu\/wp-content\/uploads\/2019\/07\/pametni-robotski-sesalnik-rovac-1000.jpg\" alt=\"\" width=\"600\" height=\"600\" srcset=\"https:\/\/www.hopshop.eu\/wp-content\/uploads\/2019\/07\/pametni-robotski-sesalnik-rovac-1000.jpg 600w, https:\/\/www.hopshop.eu\/wp-content\/uploads\/2019\/07\/pametni-robotski-sesalnik-rovac-1000-150x150.jpg 150w, https:\/\/www.hopshop.eu\/wp-content\/uploads\/2019\/07\/pametni-robotski-sesalnik-rovac-1000-300x300.jpg 300w, https:\/\/www.hopshop.eu\/wp-content\/uploads\/2019\/07\/pametni-robotski-sesalnik-rovac-1000-510x510.jpg 510w, https:\/\/www.hopshop.eu\/wp-content\/uploads\/2019\/07\/pametni-robotski-sesalnik-rovac-1000-100x100.jpg 100w\" sizes=\"(max-width: 600px) 100vw, 600px\" \/><\/p>\n","protected":false},"excerpt":{"rendered":"<p>Chytr\u00fd robotick\u00fd vysava\u010d Rovac 1000 je skv\u011bl\u00fd pomocn\u00edk na rychl\u00fd a pohodln\u00fd \u00faklid podlahy. D\u00edky modern\u00edmu a funk\u010dn\u00edmu designu m\u011bn\u00ed sm\u011br, kdy\u017e naraz\u00ed na p\u0159ek\u00e1\u017eku a dostane se pod v\u011bt\u0161inu n\u00e1bytku. Vyroben\u00fd z ABS Nab\u00edjec\u00ed Kompaktn\u00ed superploch\u00fd design Automaticky m\u011bn\u00ed sm\u011br Vyj\u00edmateln\u00e1 n\u00e1doba na ne\u010distoty Velkokapacitn\u00ed lithiov\u00e1 baterie (3,7 V \/ 1500 mAh) V\u010detn\u011b USB [&#8230;]\n","protected":false},"featured_media":1762,"comment_status":"open","ping_status":"closed","template":"","meta":[],"product_brand":[],"product_cat":[43],"product_tag":[],"class_list":{"0":"post-1774","1":"product","2":"type-product","3":"status-publish","4":"has-post-thumbnail","6":"product_cat-dum-a-zahrada","8":"first","9":"outofstock","10":"sale","11":"taxable","12":"shipping-taxable","13":"purchasable","14":"product-type-simple"},"yoast_head":"<!-- This site is optimized with the Yoast SEO plugin v26.9 - https:\/\/yoast.com\/product\/yoast-seo-wordpress\/ -->\n<title>Chytr\u00fd robotick\u00fd vysava\u010d Rovac 1000 - Hopshop.eu<\/title>\n<meta name=\"robots\" content=\"index, follow, max-snippet:-1, max-image-preview:large, max-video-preview:-1\" \/>\n<link rel=\"canonical\" href=\"https:\/\/www.hopshop.eu\/cs\/produkt\/chytry-roboticky-vysavac-rovac-1000\/\" \/>\n<meta property=\"og:locale\" content=\"cs_CZ\" \/>\n<meta property=\"og:type\" content=\"article\" \/>\n<meta property=\"og:title\" content=\"Chytr\u00fd robotick\u00fd vysava\u010d Rovac 1000 - Hopshop.eu\" \/>\n<meta property=\"og:description\" content=\"Chytr\u00fd robotick\u00fd vysava\u010d Rovac 1000 je skv\u011bl\u00fd pomocn\u00edk na rychl\u00fd a pohodln\u00fd \u00faklid podlahy. D\u00edky modern\u00edmu a funk\u010dn\u00edmu designu m\u011bn\u00ed sm\u011br, kdy\u017e naraz\u00ed na p\u0159ek\u00e1\u017eku a dostane se pod v\u011bt\u0161inu n\u00e1bytku. Vyroben\u00fd z ABS Nab\u00edjec\u00ed Kompaktn\u00ed superploch\u00fd design Automaticky m\u011bn\u00ed sm\u011br Vyj\u00edmateln\u00e1 n\u00e1doba na ne\u010distoty Velkokapacitn\u00ed lithiov\u00e1 baterie (3,7 V \/ 1500 mAh) V\u010detn\u011b USB [...]\" \/>\n<meta property=\"og:url\" content=\"https:\/\/www.hopshop.eu\/cs\/produkt\/chytry-roboticky-vysavac-rovac-1000\/\" \/>\n<meta property=\"og:site_name\" content=\"Hopshop.eu\" \/>\n<meta property=\"article:modified_time\" content=\"2022-11-11T20:07:30+00:00\" \/>\n<meta property=\"og:image\" content=\"https:\/\/www.hopshop.eu\/wp-content\/uploads\/2019\/07\/pametni-robotski-sesalnik-rovac-1000-3.jpg\" \/>\n\t<meta property=\"og:image:width\" content=\"600\" \/>\n\t<meta property=\"og:image:height\" content=\"600\" \/>\n\t<meta property=\"og:image:type\" content=\"image\/jpeg\" \/>\n<meta name=\"twitter:card\" content=\"summary_large_image\" \/>\n<script type=\"application\/ld+json\" class=\"yoast-schema-graph\">{\"@context\":\"https:\/\/schema.org\",\"@graph\":[{\"@type\":\"WebPage\",\"@id\":\"https:\/\/www.hopshop.eu\/cs\/produkt\/chytry-roboticky-vysavac-rovac-1000\/\",\"url\":\"https:\/\/www.hopshop.eu\/cs\/produkt\/chytry-roboticky-vysavac-rovac-1000\/\",\"name\":\"Chytr\u00fd robotick\u00fd vysava\u010d Rovac 1000 - Hopshop.eu\",\"isPartOf\":{\"@id\":\"https:\/\/www.hopshop.eu\/cs\/#website\"},\"primaryImageOfPage\":{\"@id\":\"https:\/\/www.hopshop.eu\/cs\/produkt\/chytry-roboticky-vysavac-rovac-1000\/#primaryimage\"},\"image\":{\"@id\":\"https:\/\/www.hopshop.eu\/cs\/produkt\/chytry-roboticky-vysavac-rovac-1000\/#primaryimage\"},\"thumbnailUrl\":\"https:\/\/www.hopshop.eu\/wp-content\/uploads\/2019\/07\/pametni-robotski-sesalnik-rovac-1000-3.jpg\",\"datePublished\":\"2019-07-13T15:33:12+00:00\",\"dateModified\":\"2022-11-11T20:07:30+00:00\",\"breadcrumb\":{\"@id\":\"https:\/\/www.hopshop.eu\/cs\/produkt\/chytry-roboticky-vysavac-rovac-1000\/#breadcrumb\"},\"inLanguage\":\"cs\",\"potentialAction\":[{\"@type\":\"ReadAction\",\"target\":[\"https:\/\/www.hopshop.eu\/cs\/produkt\/chytry-roboticky-vysavac-rovac-1000\/\"]}]},{\"@type\":\"ImageObject\",\"inLanguage\":\"cs\",\"@id\":\"https:\/\/www.hopshop.eu\/cs\/produkt\/chytry-roboticky-vysavac-rovac-1000\/#primaryimage\",\"url\":\"https:\/\/www.hopshop.eu\/wp-content\/uploads\/2019\/07\/pametni-robotski-sesalnik-rovac-1000-3.jpg\",\"contentUrl\":\"https:\/\/www.hopshop.eu\/wp-content\/uploads\/2019\/07\/pametni-robotski-sesalnik-rovac-1000-3.jpg\",\"width\":600,\"height\":600},{\"@type\":\"BreadcrumbList\",\"@id\":\"https:\/\/www.hopshop.eu\/cs\/produkt\/chytry-roboticky-vysavac-rovac-1000\/#breadcrumb\",\"itemListElement\":[{\"@type\":\"ListItem\",\"position\":1,\"name\":\"Home\",\"item\":\"https:\/\/www.hopshop.eu\/cs\/\"},{\"@type\":\"ListItem\",\"position\":2,\"name\":\"Obchod\",\"item\":\"https:\/\/www.hopshop.eu\/cs\/obchod\/\"},{\"@type\":\"ListItem\",\"position\":3,\"name\":\"Chytr\u00fd robotick\u00fd vysava\u010d Rovac 1000\"}]},{\"@type\":\"WebSite\",\"@id\":\"https:\/\/www.hopshop.eu\/cs\/#website\",\"url\":\"https:\/\/www.hopshop.eu\/cs\/\",\"name\":\"Hopshop.eu\",\"description\":\"Spletni center ugodnih nakupov\",\"potentialAction\":[{\"@type\":\"SearchAction\",\"target\":{\"@type\":\"EntryPoint\",\"urlTemplate\":\"https:\/\/www.hopshop.eu\/cs\/?s={search_term_string}\"},\"query-input\":{\"@type\":\"PropertyValueSpecification\",\"valueRequired\":true,\"valueName\":\"search_term_string\"}}],\"inLanguage\":\"cs\"}]}<\/script>\n<!-- \/ Yoast SEO plugin. -->","yoast_head_json":{"title":"Chytr\u00fd robotick\u00fd vysava\u010d Rovac 1000 - Hopshop.eu","robots":{"index":"index","follow":"follow","max-snippet":"max-snippet:-1","max-image-preview":"max-image-preview:large","max-video-preview":"max-video-preview:-1"},"canonical":"https:\/\/www.hopshop.eu\/cs\/produkt\/chytry-roboticky-vysavac-rovac-1000\/","og_locale":"cs_CZ","og_type":"article","og_title":"Chytr\u00fd robotick\u00fd vysava\u010d Rovac 1000 - Hopshop.eu","og_description":"Chytr\u00fd robotick\u00fd vysava\u010d Rovac 1000 je skv\u011bl\u00fd pomocn\u00edk na rychl\u00fd a pohodln\u00fd \u00faklid podlahy. D\u00edky modern\u00edmu a funk\u010dn\u00edmu designu m\u011bn\u00ed sm\u011br, kdy\u017e naraz\u00ed na p\u0159ek\u00e1\u017eku a dostane se pod v\u011bt\u0161inu n\u00e1bytku. Vyroben\u00fd z ABS Nab\u00edjec\u00ed Kompaktn\u00ed superploch\u00fd design Automaticky m\u011bn\u00ed sm\u011br Vyj\u00edmateln\u00e1 n\u00e1doba na ne\u010distoty Velkokapacitn\u00ed lithiov\u00e1 baterie (3,7 V \/ 1500 mAh) V\u010detn\u011b USB [...]","og_url":"https:\/\/www.hopshop.eu\/cs\/produkt\/chytry-roboticky-vysavac-rovac-1000\/","og_site_name":"Hopshop.eu","article_modified_time":"2022-11-11T20:07:30+00:00","og_image":[{"width":600,"height":600,"url":"https:\/\/www.hopshop.eu\/wp-content\/uploads\/2019\/07\/pametni-robotski-sesalnik-rovac-1000-3.jpg","type":"image\/jpeg"}],"twitter_card":"summary_large_image","schema":{"@context":"https:\/\/schema.org","@graph":[{"@type":"WebPage","@id":"https:\/\/www.hopshop.eu\/cs\/produkt\/chytry-roboticky-vysavac-rovac-1000\/","url":"https:\/\/www.hopshop.eu\/cs\/produkt\/chytry-roboticky-vysavac-rovac-1000\/","name":"Chytr\u00fd robotick\u00fd vysava\u010d Rovac 1000 - Hopshop.eu","isPartOf":{"@id":"https:\/\/www.hopshop.eu\/cs\/#website"},"primaryImageOfPage":{"@id":"https:\/\/www.hopshop.eu\/cs\/produkt\/chytry-roboticky-vysavac-rovac-1000\/#primaryimage"},"image":{"@id":"https:\/\/www.hopshop.eu\/cs\/produkt\/chytry-roboticky-vysavac-rovac-1000\/#primaryimage"},"thumbnailUrl":"https:\/\/www.hopshop.eu\/wp-content\/uploads\/2019\/07\/pametni-robotski-sesalnik-rovac-1000-3.jpg","datePublished":"2019-07-13T15:33:12+00:00","dateModified":"2022-11-11T20:07:30+00:00","breadcrumb":{"@id":"https:\/\/www.hopshop.eu\/cs\/produkt\/chytry-roboticky-vysavac-rovac-1000\/#breadcrumb"},"inLanguage":"cs","potentialAction":[{"@type":"ReadAction","target":["https:\/\/www.hopshop.eu\/cs\/produkt\/chytry-roboticky-vysavac-rovac-1000\/"]}]},{"@type":"ImageObject","inLanguage":"cs","@id":"https:\/\/www.hopshop.eu\/cs\/produkt\/chytry-roboticky-vysavac-rovac-1000\/#primaryimage","url":"https:\/\/www.hopshop.eu\/wp-content\/uploads\/2019\/07\/pametni-robotski-sesalnik-rovac-1000-3.jpg","contentUrl":"https:\/\/www.hopshop.eu\/wp-content\/uploads\/2019\/07\/pametni-robotski-sesalnik-rovac-1000-3.jpg","width":600,"height":600},{"@type":"BreadcrumbList","@id":"https:\/\/www.hopshop.eu\/cs\/produkt\/chytry-roboticky-vysavac-rovac-1000\/#breadcrumb","itemListElement":[{"@type":"ListItem","position":1,"name":"Home","item":"https:\/\/www.hopshop.eu\/cs\/"},{"@type":"ListItem","position":2,"name":"Obchod","item":"https:\/\/www.hopshop.eu\/cs\/obchod\/"},{"@type":"ListItem","position":3,"name":"Chytr\u00fd robotick\u00fd vysava\u010d Rovac 1000"}]},{"@type":"WebSite","@id":"https:\/\/www.hopshop.eu\/cs\/#website","url":"https:\/\/www.hopshop.eu\/cs\/","name":"Hopshop.eu","description":"Spletni center ugodnih nakupov","potentialAction":[{"@type":"SearchAction","target":{"@type":"EntryPoint","urlTemplate":"https:\/\/www.hopshop.eu\/cs\/?s={search_term_string}"},"query-input":{"@type":"PropertyValueSpecification","valueRequired":true,"valueName":"search_term_string"}}],"inLanguage":"cs"}]}},"_links":{"self":[{"href":"https:\/\/www.hopshop.eu\/cs\/wp-json\/wp\/v2\/product\/1774","targetHints":{"allow":["GET"]}}],"collection":[{"href":"https:\/\/www.hopshop.eu\/cs\/wp-json\/wp\/v2\/product"}],"about":[{"href":"https:\/\/www.hopshop.eu\/cs\/wp-json\/wp\/v2\/types\/product"}],"replies":[{"embeddable":true,"href":"https:\/\/www.hopshop.eu\/cs\/wp-json\/wp\/v2\/comments?post=1774"}],"wp:featuredmedia":[{"embeddable":true,"href":"https:\/\/www.hopshop.eu\/cs\/wp-json\/wp\/v2\/media\/1762"}],"wp:attachment":[{"href":"https:\/\/www.hopshop.eu\/cs\/wp-json\/wp\/v2\/media?parent=1774"}],"wp:term":[{"taxonomy":"product_brand","embeddable":true,"href":"https:\/\/www.hopshop.eu\/cs\/wp-json\/wp\/v2\/product_brand?post=1774"},{"taxonomy":"product_cat","embeddable":true,"href":"https:\/\/www.hopshop.eu\/cs\/wp-json\/wp\/v2\/product_cat?post=1774"},{"taxonomy":"product_tag","embeddable":true,"href":"https:\/\/www.hopshop.eu\/cs\/wp-json\/wp\/v2\/product_tag?post=1774"}],"curies":[{"name":"wp","href":"https:\/\/api.w.org\/{rel}","templated":true}]}}