{"id":1777,"date":"2019-07-06T20:18:55","date_gmt":"2019-07-13T15:52:40","guid":{"rendered":"https:\/\/www.hopshop.eu\/?post_type=product&#038;p=1777"},"modified":"2019-07-13T17:56:14","modified_gmt":"2019-07-13T15:56:14","slug":"kartac-proti-celulitide","status":"publish","type":"product","link":"https:\/\/www.hopshop.eu\/cs\/produkt\/kartac-proti-celulitide\/","title":{"rendered":"Kart\u00e1\u010d proti celulitid\u011b"},"content":{"rendered":"<h3><span style=\"color: #000000;\"><strong>Kart\u00e1\u010d proti celulitid\u011b, kter\u00fd m\u016f\u017eete snadno p\u0159idat do sv\u00e9ho katalogu produkt\u016f pro kr\u00e1su.<\/strong><\/span><\/h3>\n<p><span style=\"color: #000000;\">T\u011blov\u00fd mas\u00e1\u017en\u00ed kart\u00e1\u010d, kter\u00fd \u00fa\u010dinn\u00fdm a inovativn\u00edm zp\u016fsobem p\u0159isp\u00edv\u00e1 k odbour\u00e1v\u00e1n\u00ed celulitidy, stimuluje poko\u017eku, odvod\u0148uje a odv\u00e1d\u00ed toxiny. <\/span><br \/>\n<span style=\"color: #000000;\">Jemn\u011b mas\u00edrujte vybranou oblast a brzy uvid\u00edte prvn\u00ed v\u00fdsledky.<\/span><\/p>\n<ul>\n<li><span style=\"color: #000000;\">Vyroben\u00fd z ABS a TPE<\/span><\/li>\n<li><span style=\"color: #000000;\">Pohodln\u00e9 a snadn\u00e9 pou\u017eit\u00ed<\/span><\/li>\n<li><span style=\"color: #000000;\">Pou\u017e\u00edvat na navlh\u010denou poko\u017eku (ve spr\u0161e nebo v kombinaci s t\u011blov\u00fdmi ml\u00e9ky)<\/span><\/li>\n<li><span style=\"color: #000000;\">Pr\u016fm\u011br x v\u00fd\u0161ka: cca 11 x 7 cm<\/span><\/li>\n<\/ul>\n<p>&nbsp;<\/p>\n<p><iframe title=\"Innovagoods Wellness Care Stimulating Anti Cellulite Brush\" width=\"1020\" height=\"574\" src=\"https:\/\/www.youtube.com\/embed\/0SGRFRwnTrI?feature=oembed\" frameborder=\"0\" allow=\"accelerometer; autoplay; encrypted-media; gyroscope; picture-in-picture\" allowfullscreen><\/iframe><\/p>\n<p>&nbsp;<\/p>\n<p>&nbsp;<\/p>\n","protected":false},"excerpt":{"rendered":"<p>Kart\u00e1\u010d proti celulitid\u011b, kter\u00fd m\u016f\u017eete snadno p\u0159idat do sv\u00e9ho katalogu produkt\u016f pro kr\u00e1su. T\u011blov\u00fd mas\u00e1\u017en\u00ed kart\u00e1\u010d, kter\u00fd \u00fa\u010dinn\u00fdm a inovativn\u00edm zp\u016fsobem p\u0159isp\u00edv\u00e1 k odbour\u00e1v\u00e1n\u00ed celulitidy, stimuluje poko\u017eku, odvod\u0148uje a odv\u00e1d\u00ed toxiny. Jemn\u011b mas\u00edrujte vybranou oblast a brzy uvid\u00edte prvn\u00ed v\u00fdsledky. Vyroben\u00fd z ABS a TPE Pohodln\u00e9 a snadn\u00e9 pou\u017eit\u00ed Pou\u017e\u00edvat na navlh\u010denou poko\u017eku (ve spr\u0161e [&#8230;]\n","protected":false},"featured_media":1096,"comment_status":"open","ping_status":"closed","template":"","meta":[],"product_brand":[],"product_cat":[44],"product_tag":[46],"class_list":{"0":"post-1777","1":"product","2":"type-product","3":"status-publish","4":"has-post-thumbnail","6":"product_cat-zdravi-a-krasa","7":"product_tag-top-cs","9":"first","10":"instock","11":"sale","12":"taxable","13":"shipping-taxable","14":"purchasable","15":"product-type-simple"},"yoast_head":"<!-- This site is optimized with the Yoast SEO plugin v26.9 - https:\/\/yoast.com\/product\/yoast-seo-wordpress\/ -->\n<title>Kart\u00e1\u010d proti celulitid\u011b - Hopshop.eu<\/title>\n<meta name=\"robots\" content=\"index, follow, max-snippet:-1, max-image-preview:large, max-video-preview:-1\" \/>\n<link rel=\"canonical\" href=\"https:\/\/www.hopshop.eu\/cs\/produkt\/kartac-proti-celulitide\/\" \/>\n<meta property=\"og:locale\" content=\"cs_CZ\" \/>\n<meta property=\"og:type\" content=\"article\" \/>\n<meta property=\"og:title\" content=\"Kart\u00e1\u010d proti celulitid\u011b - Hopshop.eu\" \/>\n<meta property=\"og:description\" content=\"Kart\u00e1\u010d proti celulitid\u011b, kter\u00fd m\u016f\u017eete snadno p\u0159idat do sv\u00e9ho katalogu produkt\u016f pro kr\u00e1su. T\u011blov\u00fd mas\u00e1\u017en\u00ed kart\u00e1\u010d, kter\u00fd \u00fa\u010dinn\u00fdm a inovativn\u00edm zp\u016fsobem p\u0159isp\u00edv\u00e1 k odbour\u00e1v\u00e1n\u00ed celulitidy, stimuluje poko\u017eku, odvod\u0148uje a odv\u00e1d\u00ed toxiny. Jemn\u011b mas\u00edrujte vybranou oblast a brzy uvid\u00edte prvn\u00ed v\u00fdsledky. Vyroben\u00fd z ABS a TPE Pohodln\u00e9 a snadn\u00e9 pou\u017eit\u00ed Pou\u017e\u00edvat na navlh\u010denou poko\u017eku (ve spr\u0161e [...]\" \/>\n<meta property=\"og:url\" content=\"https:\/\/www.hopshop.eu\/cs\/produkt\/kartac-proti-celulitide\/\" \/>\n<meta property=\"og:site_name\" content=\"Hopshop.eu\" \/>\n<meta property=\"article:modified_time\" content=\"2019-07-13T15:56:14+00:00\" \/>\n<meta property=\"og:image\" content=\"https:\/\/www.hopshop.eu\/wp-content\/uploads\/2019\/07\/anticelulitna-krtaca-stimulator-innovagoods.jpg\" \/>\n\t<meta property=\"og:image:width\" content=\"600\" \/>\n\t<meta property=\"og:image:height\" content=\"600\" \/>\n\t<meta property=\"og:image:type\" content=\"image\/jpeg\" \/>\n<meta name=\"twitter:card\" content=\"summary_large_image\" \/>\n<meta name=\"twitter:label1\" content=\"Odhadovan\u00e1 doba \u010dten\u00ed\" \/>\n\t<meta name=\"twitter:data1\" content=\"1 minuta\" \/>\n<script type=\"application\/ld+json\" class=\"yoast-schema-graph\">{\"@context\":\"https:\/\/schema.org\",\"@graph\":[{\"@type\":\"WebPage\",\"@id\":\"https:\/\/www.hopshop.eu\/cs\/produkt\/kartac-proti-celulitide\/\",\"url\":\"https:\/\/www.hopshop.eu\/cs\/produkt\/kartac-proti-celulitide\/\",\"name\":\"Kart\u00e1\u010d proti celulitid\u011b - Hopshop.eu\",\"isPartOf\":{\"@id\":\"https:\/\/www.hopshop.eu\/cs\/#website\"},\"primaryImageOfPage\":{\"@id\":\"https:\/\/www.hopshop.eu\/cs\/produkt\/kartac-proti-celulitide\/#primaryimage\"},\"image\":{\"@id\":\"https:\/\/www.hopshop.eu\/cs\/produkt\/kartac-proti-celulitide\/#primaryimage\"},\"thumbnailUrl\":\"https:\/\/www.hopshop.eu\/wp-content\/uploads\/2019\/07\/anticelulitna-krtaca-stimulator-innovagoods.jpg\",\"datePublished\":\"2019-07-13T15:52:40+00:00\",\"dateModified\":\"2019-07-13T15:56:14+00:00\",\"breadcrumb\":{\"@id\":\"https:\/\/www.hopshop.eu\/cs\/produkt\/kartac-proti-celulitide\/#breadcrumb\"},\"inLanguage\":\"cs\",\"potentialAction\":[{\"@type\":\"ReadAction\",\"target\":[\"https:\/\/www.hopshop.eu\/cs\/produkt\/kartac-proti-celulitide\/\"]}]},{\"@type\":\"ImageObject\",\"inLanguage\":\"cs\",\"@id\":\"https:\/\/www.hopshop.eu\/cs\/produkt\/kartac-proti-celulitide\/#primaryimage\",\"url\":\"https:\/\/www.hopshop.eu\/wp-content\/uploads\/2019\/07\/anticelulitna-krtaca-stimulator-innovagoods.jpg\",\"contentUrl\":\"https:\/\/www.hopshop.eu\/wp-content\/uploads\/2019\/07\/anticelulitna-krtaca-stimulator-innovagoods.jpg\",\"width\":600,\"height\":600},{\"@type\":\"BreadcrumbList\",\"@id\":\"https:\/\/www.hopshop.eu\/cs\/produkt\/kartac-proti-celulitide\/#breadcrumb\",\"itemListElement\":[{\"@type\":\"ListItem\",\"position\":1,\"name\":\"Home\",\"item\":\"https:\/\/www.hopshop.eu\/cs\/\"},{\"@type\":\"ListItem\",\"position\":2,\"name\":\"Obchod\",\"item\":\"https:\/\/www.hopshop.eu\/cs\/obchod\/\"},{\"@type\":\"ListItem\",\"position\":3,\"name\":\"Kart\u00e1\u010d proti celulitid\u011b\"}]},{\"@type\":\"WebSite\",\"@id\":\"https:\/\/www.hopshop.eu\/cs\/#website\",\"url\":\"https:\/\/www.hopshop.eu\/cs\/\",\"name\":\"Hopshop.eu\",\"description\":\"Spletni center ugodnih nakupov\",\"potentialAction\":[{\"@type\":\"SearchAction\",\"target\":{\"@type\":\"EntryPoint\",\"urlTemplate\":\"https:\/\/www.hopshop.eu\/cs\/?s={search_term_string}\"},\"query-input\":{\"@type\":\"PropertyValueSpecification\",\"valueRequired\":true,\"valueName\":\"search_term_string\"}}],\"inLanguage\":\"cs\"}]}<\/script>\n<!-- \/ Yoast SEO plugin. -->","yoast_head_json":{"title":"Kart\u00e1\u010d proti celulitid\u011b - Hopshop.eu","robots":{"index":"index","follow":"follow","max-snippet":"max-snippet:-1","max-image-preview":"max-image-preview:large","max-video-preview":"max-video-preview:-1"},"canonical":"https:\/\/www.hopshop.eu\/cs\/produkt\/kartac-proti-celulitide\/","og_locale":"cs_CZ","og_type":"article","og_title":"Kart\u00e1\u010d proti celulitid\u011b - Hopshop.eu","og_description":"Kart\u00e1\u010d proti celulitid\u011b, kter\u00fd m\u016f\u017eete snadno p\u0159idat do sv\u00e9ho katalogu produkt\u016f pro kr\u00e1su. T\u011blov\u00fd mas\u00e1\u017en\u00ed kart\u00e1\u010d, kter\u00fd \u00fa\u010dinn\u00fdm a inovativn\u00edm zp\u016fsobem p\u0159isp\u00edv\u00e1 k odbour\u00e1v\u00e1n\u00ed celulitidy, stimuluje poko\u017eku, odvod\u0148uje a odv\u00e1d\u00ed toxiny. Jemn\u011b mas\u00edrujte vybranou oblast a brzy uvid\u00edte prvn\u00ed v\u00fdsledky. Vyroben\u00fd z ABS a TPE Pohodln\u00e9 a snadn\u00e9 pou\u017eit\u00ed Pou\u017e\u00edvat na navlh\u010denou poko\u017eku (ve spr\u0161e [...]","og_url":"https:\/\/www.hopshop.eu\/cs\/produkt\/kartac-proti-celulitide\/","og_site_name":"Hopshop.eu","article_modified_time":"2019-07-13T15:56:14+00:00","og_image":[{"width":600,"height":600,"url":"https:\/\/www.hopshop.eu\/wp-content\/uploads\/2019\/07\/anticelulitna-krtaca-stimulator-innovagoods.jpg","type":"image\/jpeg"}],"twitter_card":"summary_large_image","twitter_misc":{"Odhadovan\u00e1 doba \u010dten\u00ed":"1 minuta"},"schema":{"@context":"https:\/\/schema.org","@graph":[{"@type":"WebPage","@id":"https:\/\/www.hopshop.eu\/cs\/produkt\/kartac-proti-celulitide\/","url":"https:\/\/www.hopshop.eu\/cs\/produkt\/kartac-proti-celulitide\/","name":"Kart\u00e1\u010d proti celulitid\u011b - Hopshop.eu","isPartOf":{"@id":"https:\/\/www.hopshop.eu\/cs\/#website"},"primaryImageOfPage":{"@id":"https:\/\/www.hopshop.eu\/cs\/produkt\/kartac-proti-celulitide\/#primaryimage"},"image":{"@id":"https:\/\/www.hopshop.eu\/cs\/produkt\/kartac-proti-celulitide\/#primaryimage"},"thumbnailUrl":"https:\/\/www.hopshop.eu\/wp-content\/uploads\/2019\/07\/anticelulitna-krtaca-stimulator-innovagoods.jpg","datePublished":"2019-07-13T15:52:40+00:00","dateModified":"2019-07-13T15:56:14+00:00","breadcrumb":{"@id":"https:\/\/www.hopshop.eu\/cs\/produkt\/kartac-proti-celulitide\/#breadcrumb"},"inLanguage":"cs","potentialAction":[{"@type":"ReadAction","target":["https:\/\/www.hopshop.eu\/cs\/produkt\/kartac-proti-celulitide\/"]}]},{"@type":"ImageObject","inLanguage":"cs","@id":"https:\/\/www.hopshop.eu\/cs\/produkt\/kartac-proti-celulitide\/#primaryimage","url":"https:\/\/www.hopshop.eu\/wp-content\/uploads\/2019\/07\/anticelulitna-krtaca-stimulator-innovagoods.jpg","contentUrl":"https:\/\/www.hopshop.eu\/wp-content\/uploads\/2019\/07\/anticelulitna-krtaca-stimulator-innovagoods.jpg","width":600,"height":600},{"@type":"BreadcrumbList","@id":"https:\/\/www.hopshop.eu\/cs\/produkt\/kartac-proti-celulitide\/#breadcrumb","itemListElement":[{"@type":"ListItem","position":1,"name":"Home","item":"https:\/\/www.hopshop.eu\/cs\/"},{"@type":"ListItem","position":2,"name":"Obchod","item":"https:\/\/www.hopshop.eu\/cs\/obchod\/"},{"@type":"ListItem","position":3,"name":"Kart\u00e1\u010d proti celulitid\u011b"}]},{"@type":"WebSite","@id":"https:\/\/www.hopshop.eu\/cs\/#website","url":"https:\/\/www.hopshop.eu\/cs\/","name":"Hopshop.eu","description":"Spletni center ugodnih nakupov","potentialAction":[{"@type":"SearchAction","target":{"@type":"EntryPoint","urlTemplate":"https:\/\/www.hopshop.eu\/cs\/?s={search_term_string}"},"query-input":{"@type":"PropertyValueSpecification","valueRequired":true,"valueName":"search_term_string"}}],"inLanguage":"cs"}]}},"_links":{"self":[{"href":"https:\/\/www.hopshop.eu\/cs\/wp-json\/wp\/v2\/product\/1777","targetHints":{"allow":["GET"]}}],"collection":[{"href":"https:\/\/www.hopshop.eu\/cs\/wp-json\/wp\/v2\/product"}],"about":[{"href":"https:\/\/www.hopshop.eu\/cs\/wp-json\/wp\/v2\/types\/product"}],"replies":[{"embeddable":true,"href":"https:\/\/www.hopshop.eu\/cs\/wp-json\/wp\/v2\/comments?post=1777"}],"wp:featuredmedia":[{"embeddable":true,"href":"https:\/\/www.hopshop.eu\/cs\/wp-json\/wp\/v2\/media\/1096"}],"wp:attachment":[{"href":"https:\/\/www.hopshop.eu\/cs\/wp-json\/wp\/v2\/media?parent=1777"}],"wp:term":[{"taxonomy":"product_brand","embeddable":true,"href":"https:\/\/www.hopshop.eu\/cs\/wp-json\/wp\/v2\/product_brand?post=1777"},{"taxonomy":"product_cat","embeddable":true,"href":"https:\/\/www.hopshop.eu\/cs\/wp-json\/wp\/v2\/product_cat?post=1777"},{"taxonomy":"product_tag","embeddable":true,"href":"https:\/\/www.hopshop.eu\/cs\/wp-json\/wp\/v2\/product_tag?post=1777"}],"curies":[{"name":"wp","href":"https:\/\/api.w.org\/{rel}","templated":true}]}}