{"id":1870,"date":"2019-07-14T23:42:11","date_gmt":"2019-07-14T21:45:28","guid":{"rendered":"https:\/\/www.hopshop.eu\/?post_type=product&#038;p=1870"},"modified":"2019-12-04T21:57:10","modified_gmt":"2019-12-04T20:57:10","slug":"univerzalni-nuzky-3v1","status":"publish","type":"product","link":"https:\/\/www.hopshop.eu\/cs\/produkt\/univerzalni-nuzky-3v1\/","title":{"rendered":"Univerz\u00e1ln\u00ed n\u016f\u017eky 3v1"},"content":{"rendered":"<h3>Pohodln\u00fd a praktick\u00fd <strong>univerz\u00e1ln\u00ed n\u016f\u017eky 3v1<\/strong>, kter\u00fd se d\u00e1 pou\u017e\u00edvat jako <strong>univerz\u00e1ln\u00ed n\u016f\u017eky<\/strong>, <strong>kle\u0161t\u011b<\/strong> <strong>na kabely<\/strong> a <strong>odlamovac\u00ed no\u017e\u00edk<\/strong>.<\/h3>\n<p>Jist\u011b najde uplatn\u011bn\u00ed v d\u00edln\u011b i na zahrad\u011b.<\/p>\n<ul>\n<li>Vyroben\u00fd z <strong>PVC, kovu a titanu<\/strong><\/li>\n<li><strong>Bezpe\u010dnostn\u00ed z\u00e1mek<\/strong><\/li>\n<li>V\u010detn\u011b 4 n\u00e1hradn\u00edch \u010depel\u00ed<\/li>\n<li>D\u00e1 se s n\u00edm \u0159ezat <strong>koberec, s\u00e1dra, lepenka, provazy, k\u016f\u017ee, d\u0159evo, guma, hlin\u00edk\u2026<\/strong><\/li>\n<li>P\u0159ibli\u017en\u00e9 rozm\u011bry: 13 x 25 x 2 cm<\/li>\n<\/ul>\n<p>&nbsp;<\/p>\n<p><img decoding=\"async\" class=\"alignnone size-full wp-image-1637\" src=\"https:\/\/www.hopshop.eu\/wp-content\/uploads\/2019\/07\/3-in-1-cutting-tool.jpg\" alt=\"\" width=\"600\" height=\"600\" srcset=\"https:\/\/www.hopshop.eu\/wp-content\/uploads\/2019\/07\/3-in-1-cutting-tool.jpg 600w, https:\/\/www.hopshop.eu\/wp-content\/uploads\/2019\/07\/3-in-1-cutting-tool-150x150.jpg 150w, https:\/\/www.hopshop.eu\/wp-content\/uploads\/2019\/07\/3-in-1-cutting-tool-300x300.jpg 300w, https:\/\/www.hopshop.eu\/wp-content\/uploads\/2019\/07\/3-in-1-cutting-tool-510x510.jpg 510w, https:\/\/www.hopshop.eu\/wp-content\/uploads\/2019\/07\/3-in-1-cutting-tool-100x100.jpg 100w\" sizes=\"(max-width: 600px) 100vw, 600px\" \/><\/p>\n<p>&nbsp;<\/p>\n<p><iframe title=\"Univerz\u00e1ln\u00ed n\u016f\u017eky 3v1\" width=\"1020\" height=\"765\" src=\"https:\/\/www.youtube.com\/embed\/qpH8jb7OB10?feature=oembed\" frameborder=\"0\" allow=\"accelerometer; autoplay; encrypted-media; gyroscope; picture-in-picture\" allowfullscreen><\/iframe><\/p>\n","protected":false},"excerpt":{"rendered":"<p>Pohodln\u00fd a praktick\u00fd univerz\u00e1ln\u00ed n\u016f\u017eky 3v1, kter\u00fd se d\u00e1 pou\u017e\u00edvat jako univerz\u00e1ln\u00ed n\u016f\u017eky, kle\u0161t\u011b na kabely a odlamovac\u00ed no\u017e\u00edk. Jist\u011b najde uplatn\u011bn\u00ed v d\u00edln\u011b i na zahrad\u011b. Vyroben\u00fd z PVC, kovu a titanu Bezpe\u010dnostn\u00ed z\u00e1mek V\u010detn\u011b 4 n\u00e1hradn\u00edch \u010depel\u00ed D\u00e1 se s n\u00edm \u0159ezat koberec, s\u00e1dra, lepenka, provazy, k\u016f\u017ee, d\u0159evo, guma, hlin\u00edk\u2026 P\u0159ibli\u017en\u00e9 rozm\u011bry: 13 [&#8230;]\n","protected":false},"featured_media":1656,"comment_status":"open","ping_status":"closed","template":"","meta":[],"product_brand":[],"product_cat":[43],"product_tag":[],"class_list":{"0":"post-1870","1":"product","2":"type-product","3":"status-publish","4":"has-post-thumbnail","6":"product_cat-dum-a-zahrada","8":"first","9":"outofstock","10":"sale","11":"taxable","12":"shipping-taxable","13":"purchasable","14":"product-type-simple"},"yoast_head":"<!-- This site is optimized with the Yoast SEO plugin v26.9 - https:\/\/yoast.com\/product\/yoast-seo-wordpress\/ -->\n<title>Univerz\u00e1ln\u00ed n\u016f\u017eky 3v1 - Hopshop.eu<\/title>\n<meta name=\"robots\" content=\"index, follow, max-snippet:-1, max-image-preview:large, max-video-preview:-1\" \/>\n<link rel=\"canonical\" href=\"https:\/\/www.hopshop.eu\/cs\/produkt\/univerzalni-nuzky-3v1\/\" \/>\n<meta property=\"og:locale\" content=\"cs_CZ\" \/>\n<meta property=\"og:type\" content=\"article\" \/>\n<meta property=\"og:title\" content=\"Univerz\u00e1ln\u00ed n\u016f\u017eky 3v1 - Hopshop.eu\" \/>\n<meta property=\"og:description\" content=\"Pohodln\u00fd a praktick\u00fd univerz\u00e1ln\u00ed n\u016f\u017eky 3v1, kter\u00fd se d\u00e1 pou\u017e\u00edvat jako univerz\u00e1ln\u00ed n\u016f\u017eky, kle\u0161t\u011b na kabely a odlamovac\u00ed no\u017e\u00edk. Jist\u011b najde uplatn\u011bn\u00ed v d\u00edln\u011b i na zahrad\u011b. Vyroben\u00fd z PVC, kovu a titanu Bezpe\u010dnostn\u00ed z\u00e1mek V\u010detn\u011b 4 n\u00e1hradn\u00edch \u010depel\u00ed D\u00e1 se s n\u00edm \u0159ezat koberec, s\u00e1dra, lepenka, provazy, k\u016f\u017ee, d\u0159evo, guma, hlin\u00edk\u2026 P\u0159ibli\u017en\u00e9 rozm\u011bry: 13 [...]\" \/>\n<meta property=\"og:url\" content=\"https:\/\/www.hopshop.eu\/cs\/produkt\/univerzalni-nuzky-3v1\/\" \/>\n<meta property=\"og:site_name\" content=\"Hopshop.eu\" \/>\n<meta property=\"article:modified_time\" content=\"2019-12-04T20:57:10+00:00\" \/>\n<meta property=\"og:image\" content=\"https:\/\/www.hopshop.eu\/wp-content\/uploads\/2019\/07\/3-in-1-cutting-tool-7.jpg\" \/>\n\t<meta property=\"og:image:width\" content=\"600\" \/>\n\t<meta property=\"og:image:height\" content=\"600\" \/>\n\t<meta property=\"og:image:type\" content=\"image\/jpeg\" \/>\n<meta name=\"twitter:card\" content=\"summary_large_image\" \/>\n<script type=\"application\/ld+json\" class=\"yoast-schema-graph\">{\"@context\":\"https:\/\/schema.org\",\"@graph\":[{\"@type\":\"WebPage\",\"@id\":\"https:\/\/www.hopshop.eu\/cs\/produkt\/univerzalni-nuzky-3v1\/\",\"url\":\"https:\/\/www.hopshop.eu\/cs\/produkt\/univerzalni-nuzky-3v1\/\",\"name\":\"Univerz\u00e1ln\u00ed n\u016f\u017eky 3v1 - Hopshop.eu\",\"isPartOf\":{\"@id\":\"https:\/\/www.hopshop.eu\/cs\/#website\"},\"primaryImageOfPage\":{\"@id\":\"https:\/\/www.hopshop.eu\/cs\/produkt\/univerzalni-nuzky-3v1\/#primaryimage\"},\"image\":{\"@id\":\"https:\/\/www.hopshop.eu\/cs\/produkt\/univerzalni-nuzky-3v1\/#primaryimage\"},\"thumbnailUrl\":\"https:\/\/www.hopshop.eu\/wp-content\/uploads\/2019\/07\/3-in-1-cutting-tool-7.jpg\",\"datePublished\":\"2019-07-14T21:45:28+00:00\",\"dateModified\":\"2019-12-04T20:57:10+00:00\",\"breadcrumb\":{\"@id\":\"https:\/\/www.hopshop.eu\/cs\/produkt\/univerzalni-nuzky-3v1\/#breadcrumb\"},\"inLanguage\":\"cs\",\"potentialAction\":[{\"@type\":\"ReadAction\",\"target\":[\"https:\/\/www.hopshop.eu\/cs\/produkt\/univerzalni-nuzky-3v1\/\"]}]},{\"@type\":\"ImageObject\",\"inLanguage\":\"cs\",\"@id\":\"https:\/\/www.hopshop.eu\/cs\/produkt\/univerzalni-nuzky-3v1\/#primaryimage\",\"url\":\"https:\/\/www.hopshop.eu\/wp-content\/uploads\/2019\/07\/3-in-1-cutting-tool-7.jpg\",\"contentUrl\":\"https:\/\/www.hopshop.eu\/wp-content\/uploads\/2019\/07\/3-in-1-cutting-tool-7.jpg\",\"width\":600,\"height\":600},{\"@type\":\"BreadcrumbList\",\"@id\":\"https:\/\/www.hopshop.eu\/cs\/produkt\/univerzalni-nuzky-3v1\/#breadcrumb\",\"itemListElement\":[{\"@type\":\"ListItem\",\"position\":1,\"name\":\"Home\",\"item\":\"https:\/\/www.hopshop.eu\/cs\/\"},{\"@type\":\"ListItem\",\"position\":2,\"name\":\"Obchod\",\"item\":\"https:\/\/www.hopshop.eu\/cs\/obchod\/\"},{\"@type\":\"ListItem\",\"position\":3,\"name\":\"Univerz\u00e1ln\u00ed n\u016f\u017eky 3v1\"}]},{\"@type\":\"WebSite\",\"@id\":\"https:\/\/www.hopshop.eu\/cs\/#website\",\"url\":\"https:\/\/www.hopshop.eu\/cs\/\",\"name\":\"Hopshop.eu\",\"description\":\"Spletni center ugodnih nakupov\",\"potentialAction\":[{\"@type\":\"SearchAction\",\"target\":{\"@type\":\"EntryPoint\",\"urlTemplate\":\"https:\/\/www.hopshop.eu\/cs\/?s={search_term_string}\"},\"query-input\":{\"@type\":\"PropertyValueSpecification\",\"valueRequired\":true,\"valueName\":\"search_term_string\"}}],\"inLanguage\":\"cs\"}]}<\/script>\n<!-- \/ Yoast SEO plugin. -->","yoast_head_json":{"title":"Univerz\u00e1ln\u00ed n\u016f\u017eky 3v1 - Hopshop.eu","robots":{"index":"index","follow":"follow","max-snippet":"max-snippet:-1","max-image-preview":"max-image-preview:large","max-video-preview":"max-video-preview:-1"},"canonical":"https:\/\/www.hopshop.eu\/cs\/produkt\/univerzalni-nuzky-3v1\/","og_locale":"cs_CZ","og_type":"article","og_title":"Univerz\u00e1ln\u00ed n\u016f\u017eky 3v1 - Hopshop.eu","og_description":"Pohodln\u00fd a praktick\u00fd univerz\u00e1ln\u00ed n\u016f\u017eky 3v1, kter\u00fd se d\u00e1 pou\u017e\u00edvat jako univerz\u00e1ln\u00ed n\u016f\u017eky, kle\u0161t\u011b na kabely a odlamovac\u00ed no\u017e\u00edk. Jist\u011b najde uplatn\u011bn\u00ed v d\u00edln\u011b i na zahrad\u011b. Vyroben\u00fd z PVC, kovu a titanu Bezpe\u010dnostn\u00ed z\u00e1mek V\u010detn\u011b 4 n\u00e1hradn\u00edch \u010depel\u00ed D\u00e1 se s n\u00edm \u0159ezat koberec, s\u00e1dra, lepenka, provazy, k\u016f\u017ee, d\u0159evo, guma, hlin\u00edk\u2026 P\u0159ibli\u017en\u00e9 rozm\u011bry: 13 [...]","og_url":"https:\/\/www.hopshop.eu\/cs\/produkt\/univerzalni-nuzky-3v1\/","og_site_name":"Hopshop.eu","article_modified_time":"2019-12-04T20:57:10+00:00","og_image":[{"width":600,"height":600,"url":"https:\/\/www.hopshop.eu\/wp-content\/uploads\/2019\/07\/3-in-1-cutting-tool-7.jpg","type":"image\/jpeg"}],"twitter_card":"summary_large_image","schema":{"@context":"https:\/\/schema.org","@graph":[{"@type":"WebPage","@id":"https:\/\/www.hopshop.eu\/cs\/produkt\/univerzalni-nuzky-3v1\/","url":"https:\/\/www.hopshop.eu\/cs\/produkt\/univerzalni-nuzky-3v1\/","name":"Univerz\u00e1ln\u00ed n\u016f\u017eky 3v1 - Hopshop.eu","isPartOf":{"@id":"https:\/\/www.hopshop.eu\/cs\/#website"},"primaryImageOfPage":{"@id":"https:\/\/www.hopshop.eu\/cs\/produkt\/univerzalni-nuzky-3v1\/#primaryimage"},"image":{"@id":"https:\/\/www.hopshop.eu\/cs\/produkt\/univerzalni-nuzky-3v1\/#primaryimage"},"thumbnailUrl":"https:\/\/www.hopshop.eu\/wp-content\/uploads\/2019\/07\/3-in-1-cutting-tool-7.jpg","datePublished":"2019-07-14T21:45:28+00:00","dateModified":"2019-12-04T20:57:10+00:00","breadcrumb":{"@id":"https:\/\/www.hopshop.eu\/cs\/produkt\/univerzalni-nuzky-3v1\/#breadcrumb"},"inLanguage":"cs","potentialAction":[{"@type":"ReadAction","target":["https:\/\/www.hopshop.eu\/cs\/produkt\/univerzalni-nuzky-3v1\/"]}]},{"@type":"ImageObject","inLanguage":"cs","@id":"https:\/\/www.hopshop.eu\/cs\/produkt\/univerzalni-nuzky-3v1\/#primaryimage","url":"https:\/\/www.hopshop.eu\/wp-content\/uploads\/2019\/07\/3-in-1-cutting-tool-7.jpg","contentUrl":"https:\/\/www.hopshop.eu\/wp-content\/uploads\/2019\/07\/3-in-1-cutting-tool-7.jpg","width":600,"height":600},{"@type":"BreadcrumbList","@id":"https:\/\/www.hopshop.eu\/cs\/produkt\/univerzalni-nuzky-3v1\/#breadcrumb","itemListElement":[{"@type":"ListItem","position":1,"name":"Home","item":"https:\/\/www.hopshop.eu\/cs\/"},{"@type":"ListItem","position":2,"name":"Obchod","item":"https:\/\/www.hopshop.eu\/cs\/obchod\/"},{"@type":"ListItem","position":3,"name":"Univerz\u00e1ln\u00ed n\u016f\u017eky 3v1"}]},{"@type":"WebSite","@id":"https:\/\/www.hopshop.eu\/cs\/#website","url":"https:\/\/www.hopshop.eu\/cs\/","name":"Hopshop.eu","description":"Spletni center ugodnih nakupov","potentialAction":[{"@type":"SearchAction","target":{"@type":"EntryPoint","urlTemplate":"https:\/\/www.hopshop.eu\/cs\/?s={search_term_string}"},"query-input":{"@type":"PropertyValueSpecification","valueRequired":true,"valueName":"search_term_string"}}],"inLanguage":"cs"}]}},"_links":{"self":[{"href":"https:\/\/www.hopshop.eu\/cs\/wp-json\/wp\/v2\/product\/1870","targetHints":{"allow":["GET"]}}],"collection":[{"href":"https:\/\/www.hopshop.eu\/cs\/wp-json\/wp\/v2\/product"}],"about":[{"href":"https:\/\/www.hopshop.eu\/cs\/wp-json\/wp\/v2\/types\/product"}],"replies":[{"embeddable":true,"href":"https:\/\/www.hopshop.eu\/cs\/wp-json\/wp\/v2\/comments?post=1870"}],"wp:featuredmedia":[{"embeddable":true,"href":"https:\/\/www.hopshop.eu\/cs\/wp-json\/wp\/v2\/media\/1656"}],"wp:attachment":[{"href":"https:\/\/www.hopshop.eu\/cs\/wp-json\/wp\/v2\/media?parent=1870"}],"wp:term":[{"taxonomy":"product_brand","embeddable":true,"href":"https:\/\/www.hopshop.eu\/cs\/wp-json\/wp\/v2\/product_brand?post=1870"},{"taxonomy":"product_cat","embeddable":true,"href":"https:\/\/www.hopshop.eu\/cs\/wp-json\/wp\/v2\/product_cat?post=1870"},{"taxonomy":"product_tag","embeddable":true,"href":"https:\/\/www.hopshop.eu\/cs\/wp-json\/wp\/v2\/product_tag?post=1870"}],"curies":[{"name":"wp","href":"https:\/\/api.w.org\/{rel}","templated":true}]}}