{"id":1977,"date":"2019-07-19T23:50:20","date_gmt":"2019-07-19T21:54:04","guid":{"rendered":"https:\/\/www.hopshop.eu\/?post_type=product&#038;p=1977"},"modified":"2020-01-27T08:56:03","modified_gmt":"2020-01-27T07:56:03","slug":"elektromagneticky-masazni-pristroj-na-krk-a-zada","status":"publish","type":"product","link":"https:\/\/www.hopshop.eu\/cs\/produkt\/elektromagneticky-masazni-pristroj-na-krk-a-zada\/","title":{"rendered":"Elektromagnetick\u00fd mas\u00e1\u017en\u00ed p\u0159\u00edstroj na krk a z\u00e1da"},"content":{"rendered":"<p><strong>Elektromagnetick\u00fd mas\u00e1\u017en\u00ed p\u0159\u00edstroj na krk a z\u00e1da<\/strong> p\u0159evratn\u00fd mas\u00e1\u017en\u00ed p\u0159\u00edstroj, kter\u00fd uvol\u0148uje a do hloubky mas\u00edruje prost\u0159ednictv\u00edm p\u0159esn\u00fdch a \u00fa\u010dinn\u00fdch n\u00edzkofrekven\u010dn\u00edch elektromagnetick\u00fdch impuls\u016f.<br \/>\n\u00da\u010dinkuje na kl\u00ed\u010dov\u00e1 m\u00edsta na krku a z\u00e1dech, a to bu\u010f samostatn\u011b, nebo sou\u010dasn\u011b, \u010d\u00edm\u017e se dosahuje pocitu uvoln\u011bn\u00ed.<\/p>\n<ul>\n<li>Vyroben\u00fd z ABS a nerezov\u00e9 oceli<\/li>\n<li>Magnetick\u00fd efekt<\/li>\n<li>Ergonomick\u00fd, lehk\u00e1 a p\u0159izp\u016fsobiv\u00fd<\/li>\n<li>Pohodln\u00e9 a snadn\u00e9 pou\u017eit\u00ed<\/li>\n<li>6 druh\u016f mas\u00e1\u017ee<\/li>\n<li>16 stup\u0148\u016f intenzity<\/li>\n<li>2 elektrody na mas\u00edrov\u00e1n\u00ed ramen a krku<\/li>\n<li>Se 4 n\u00e1plastmi na p\u0159ipevn\u011bn\u00ed elektrod<\/li>\n<li>Na baterie (2x AAA, nejsou sou\u010d\u00e1st\u00ed)<\/li>\n<li>Frekvence pulz\u016f: 0\u20131000 Hz<\/li>\n<li>\u0160\u00ed\u0159ka pulz\u016f: 20\u2013400 \u00b5s<\/li>\n<li>Maxim\u00e1ln\u00ed s\u00edla pulzu: \u2264300 mJ<\/li>\n<li>Intenzita magnetick\u00e9ho pole: 0,01 T<\/li>\n<li>P\u0159ibli\u017en\u00e9 rozm\u011bry: 17 x 14 x 5 cm<\/li>\n<\/ul>\n<p>&nbsp;<\/p>\n<p>&nbsp;<\/p>\n<p><img decoding=\"async\" class=\"alignnone size-medium wp-image-1971\" src=\"https:\/\/www.hopshop.eu\/wp-content\/uploads\/2019\/07\/electromagnetic-neck-and-back-massager-3a-300x300.jpg\" alt=\"\" width=\"300\" height=\"300\" srcset=\"https:\/\/www.hopshop.eu\/wp-content\/uploads\/2019\/07\/electromagnetic-neck-and-back-massager-3a-300x300.jpg 300w, https:\/\/www.hopshop.eu\/wp-content\/uploads\/2019\/07\/electromagnetic-neck-and-back-massager-3a-150x150.jpg 150w, https:\/\/www.hopshop.eu\/wp-content\/uploads\/2019\/07\/electromagnetic-neck-and-back-massager-3a-510x510.jpg 510w, https:\/\/www.hopshop.eu\/wp-content\/uploads\/2019\/07\/electromagnetic-neck-and-back-massager-3a-100x100.jpg 100w, https:\/\/www.hopshop.eu\/wp-content\/uploads\/2019\/07\/electromagnetic-neck-and-back-massager-3a.jpg 600w\" sizes=\"(max-width: 300px) 100vw, 300px\" \/><img decoding=\"async\" class=\"alignnone size-medium wp-image-1965\" src=\"https:\/\/www.hopshop.eu\/wp-content\/uploads\/2019\/07\/electromagnetic-neck-and-back-massager-1a-300x300.jpg\" alt=\"\" width=\"300\" height=\"300\" srcset=\"https:\/\/www.hopshop.eu\/wp-content\/uploads\/2019\/07\/electromagnetic-neck-and-back-massager-1a-300x300.jpg 300w, https:\/\/www.hopshop.eu\/wp-content\/uploads\/2019\/07\/electromagnetic-neck-and-back-massager-1a-150x150.jpg 150w, https:\/\/www.hopshop.eu\/wp-content\/uploads\/2019\/07\/electromagnetic-neck-and-back-massager-1a-510x510.jpg 510w, https:\/\/www.hopshop.eu\/wp-content\/uploads\/2019\/07\/electromagnetic-neck-and-back-massager-1a-100x100.jpg 100w, https:\/\/www.hopshop.eu\/wp-content\/uploads\/2019\/07\/electromagnetic-neck-and-back-massager-1a.jpg 600w\" sizes=\"(max-width: 300px) 100vw, 300px\" \/><\/p>\n","protected":false},"excerpt":{"rendered":"<p>Elektromagnetick\u00fd mas\u00e1\u017en\u00ed p\u0159\u00edstroj na krk a z\u00e1da p\u0159evratn\u00fd mas\u00e1\u017en\u00ed p\u0159\u00edstroj, kter\u00fd uvol\u0148uje a do hloubky mas\u00edruje prost\u0159ednictv\u00edm p\u0159esn\u00fdch a \u00fa\u010dinn\u00fdch n\u00edzkofrekven\u010dn\u00edch elektromagnetick\u00fdch impuls\u016f. \u00da\u010dinkuje na kl\u00ed\u010dov\u00e1 m\u00edsta na krku a z\u00e1dech, a to bu\u010f samostatn\u011b, nebo sou\u010dasn\u011b, \u010d\u00edm\u017e se dosahuje pocitu uvoln\u011bn\u00ed. Vyroben\u00fd z ABS a nerezov\u00e9 oceli Magnetick\u00fd efekt Ergonomick\u00fd, lehk\u00e1 a p\u0159izp\u016fsobiv\u00fd Pohodln\u00e9 [&#8230;]\n","protected":false},"featured_media":1975,"comment_status":"open","ping_status":"closed","template":"","meta":[],"product_brand":[],"product_cat":[44],"product_tag":[],"class_list":{"0":"post-1977","1":"product","2":"type-product","3":"status-publish","4":"has-post-thumbnail","6":"product_cat-zdravi-a-krasa","8":"first","9":"outofstock","10":"sale","11":"taxable","12":"shipping-taxable","13":"purchasable","14":"product-type-simple"},"yoast_head":"<!-- This site is optimized with the Yoast SEO plugin v26.9 - https:\/\/yoast.com\/product\/yoast-seo-wordpress\/ -->\n<title>Elektromagnetick\u00fd mas\u00e1\u017en\u00ed p\u0159\u00edstroj na krk a z\u00e1da - Hopshop.eu<\/title>\n<meta name=\"robots\" content=\"index, follow, max-snippet:-1, max-image-preview:large, max-video-preview:-1\" \/>\n<link rel=\"canonical\" href=\"https:\/\/www.hopshop.eu\/cs\/produkt\/elektromagneticky-masazni-pristroj-na-krk-a-zada\/\" \/>\n<meta property=\"og:locale\" content=\"cs_CZ\" \/>\n<meta property=\"og:type\" content=\"article\" \/>\n<meta property=\"og:title\" content=\"Elektromagnetick\u00fd mas\u00e1\u017en\u00ed p\u0159\u00edstroj na krk a z\u00e1da - Hopshop.eu\" \/>\n<meta property=\"og:description\" content=\"Elektromagnetick\u00fd mas\u00e1\u017en\u00ed p\u0159\u00edstroj na krk a z\u00e1da p\u0159evratn\u00fd mas\u00e1\u017en\u00ed p\u0159\u00edstroj, kter\u00fd uvol\u0148uje a do hloubky mas\u00edruje prost\u0159ednictv\u00edm p\u0159esn\u00fdch a \u00fa\u010dinn\u00fdch n\u00edzkofrekven\u010dn\u00edch elektromagnetick\u00fdch impuls\u016f. \u00da\u010dinkuje na kl\u00ed\u010dov\u00e1 m\u00edsta na krku a z\u00e1dech, a to bu\u010f samostatn\u011b, nebo sou\u010dasn\u011b, \u010d\u00edm\u017e se dosahuje pocitu uvoln\u011bn\u00ed. Vyroben\u00fd z ABS a nerezov\u00e9 oceli Magnetick\u00fd efekt Ergonomick\u00fd, lehk\u00e1 a p\u0159izp\u016fsobiv\u00fd Pohodln\u00e9 [...]\" \/>\n<meta property=\"og:url\" content=\"https:\/\/www.hopshop.eu\/cs\/produkt\/elektromagneticky-masazni-pristroj-na-krk-a-zada\/\" \/>\n<meta property=\"og:site_name\" content=\"Hopshop.eu\" \/>\n<meta property=\"article:modified_time\" content=\"2020-01-27T07:56:03+00:00\" \/>\n<meta property=\"og:image\" content=\"https:\/\/www.hopshop.eu\/wp-content\/uploads\/2019\/07\/electromagnetic-neck-and-back-massager-4a.jpg\" \/>\n\t<meta property=\"og:image:width\" content=\"1875\" \/>\n\t<meta property=\"og:image:height\" content=\"1875\" \/>\n\t<meta property=\"og:image:type\" content=\"image\/jpeg\" \/>\n<meta name=\"twitter:card\" content=\"summary_large_image\" \/>\n<meta name=\"twitter:label1\" content=\"Odhadovan\u00e1 doba \u010dten\u00ed\" \/>\n\t<meta name=\"twitter:data1\" content=\"1 minuta\" \/>\n<script type=\"application\/ld+json\" class=\"yoast-schema-graph\">{\"@context\":\"https:\/\/schema.org\",\"@graph\":[{\"@type\":\"WebPage\",\"@id\":\"https:\/\/www.hopshop.eu\/cs\/produkt\/elektromagneticky-masazni-pristroj-na-krk-a-zada\/\",\"url\":\"https:\/\/www.hopshop.eu\/cs\/produkt\/elektromagneticky-masazni-pristroj-na-krk-a-zada\/\",\"name\":\"Elektromagnetick\u00fd mas\u00e1\u017en\u00ed p\u0159\u00edstroj na krk a z\u00e1da - Hopshop.eu\",\"isPartOf\":{\"@id\":\"https:\/\/www.hopshop.eu\/cs\/#website\"},\"primaryImageOfPage\":{\"@id\":\"https:\/\/www.hopshop.eu\/cs\/produkt\/elektromagneticky-masazni-pristroj-na-krk-a-zada\/#primaryimage\"},\"image\":{\"@id\":\"https:\/\/www.hopshop.eu\/cs\/produkt\/elektromagneticky-masazni-pristroj-na-krk-a-zada\/#primaryimage\"},\"thumbnailUrl\":\"https:\/\/www.hopshop.eu\/wp-content\/uploads\/2019\/07\/electromagnetic-neck-and-back-massager-4a.jpg\",\"datePublished\":\"2019-07-19T21:54:04+00:00\",\"dateModified\":\"2020-01-27T07:56:03+00:00\",\"breadcrumb\":{\"@id\":\"https:\/\/www.hopshop.eu\/cs\/produkt\/elektromagneticky-masazni-pristroj-na-krk-a-zada\/#breadcrumb\"},\"inLanguage\":\"cs\",\"potentialAction\":[{\"@type\":\"ReadAction\",\"target\":[\"https:\/\/www.hopshop.eu\/cs\/produkt\/elektromagneticky-masazni-pristroj-na-krk-a-zada\/\"]}]},{\"@type\":\"ImageObject\",\"inLanguage\":\"cs\",\"@id\":\"https:\/\/www.hopshop.eu\/cs\/produkt\/elektromagneticky-masazni-pristroj-na-krk-a-zada\/#primaryimage\",\"url\":\"https:\/\/www.hopshop.eu\/wp-content\/uploads\/2019\/07\/electromagnetic-neck-and-back-massager-4a.jpg\",\"contentUrl\":\"https:\/\/www.hopshop.eu\/wp-content\/uploads\/2019\/07\/electromagnetic-neck-and-back-massager-4a.jpg\",\"width\":1875,\"height\":1875},{\"@type\":\"BreadcrumbList\",\"@id\":\"https:\/\/www.hopshop.eu\/cs\/produkt\/elektromagneticky-masazni-pristroj-na-krk-a-zada\/#breadcrumb\",\"itemListElement\":[{\"@type\":\"ListItem\",\"position\":1,\"name\":\"Home\",\"item\":\"https:\/\/www.hopshop.eu\/cs\/\"},{\"@type\":\"ListItem\",\"position\":2,\"name\":\"Obchod\",\"item\":\"https:\/\/www.hopshop.eu\/cs\/obchod\/\"},{\"@type\":\"ListItem\",\"position\":3,\"name\":\"Elektromagnetick\u00fd mas\u00e1\u017en\u00ed p\u0159\u00edstroj na krk a z\u00e1da\"}]},{\"@type\":\"WebSite\",\"@id\":\"https:\/\/www.hopshop.eu\/cs\/#website\",\"url\":\"https:\/\/www.hopshop.eu\/cs\/\",\"name\":\"Hopshop.eu\",\"description\":\"Spletni center ugodnih nakupov\",\"potentialAction\":[{\"@type\":\"SearchAction\",\"target\":{\"@type\":\"EntryPoint\",\"urlTemplate\":\"https:\/\/www.hopshop.eu\/cs\/?s={search_term_string}\"},\"query-input\":{\"@type\":\"PropertyValueSpecification\",\"valueRequired\":true,\"valueName\":\"search_term_string\"}}],\"inLanguage\":\"cs\"}]}<\/script>\n<!-- \/ Yoast SEO plugin. -->","yoast_head_json":{"title":"Elektromagnetick\u00fd mas\u00e1\u017en\u00ed p\u0159\u00edstroj na krk a z\u00e1da - Hopshop.eu","robots":{"index":"index","follow":"follow","max-snippet":"max-snippet:-1","max-image-preview":"max-image-preview:large","max-video-preview":"max-video-preview:-1"},"canonical":"https:\/\/www.hopshop.eu\/cs\/produkt\/elektromagneticky-masazni-pristroj-na-krk-a-zada\/","og_locale":"cs_CZ","og_type":"article","og_title":"Elektromagnetick\u00fd mas\u00e1\u017en\u00ed p\u0159\u00edstroj na krk a z\u00e1da - Hopshop.eu","og_description":"Elektromagnetick\u00fd mas\u00e1\u017en\u00ed p\u0159\u00edstroj na krk a z\u00e1da p\u0159evratn\u00fd mas\u00e1\u017en\u00ed p\u0159\u00edstroj, kter\u00fd uvol\u0148uje a do hloubky mas\u00edruje prost\u0159ednictv\u00edm p\u0159esn\u00fdch a \u00fa\u010dinn\u00fdch n\u00edzkofrekven\u010dn\u00edch elektromagnetick\u00fdch impuls\u016f. \u00da\u010dinkuje na kl\u00ed\u010dov\u00e1 m\u00edsta na krku a z\u00e1dech, a to bu\u010f samostatn\u011b, nebo sou\u010dasn\u011b, \u010d\u00edm\u017e se dosahuje pocitu uvoln\u011bn\u00ed. Vyroben\u00fd z ABS a nerezov\u00e9 oceli Magnetick\u00fd efekt Ergonomick\u00fd, lehk\u00e1 a p\u0159izp\u016fsobiv\u00fd Pohodln\u00e9 [...]","og_url":"https:\/\/www.hopshop.eu\/cs\/produkt\/elektromagneticky-masazni-pristroj-na-krk-a-zada\/","og_site_name":"Hopshop.eu","article_modified_time":"2020-01-27T07:56:03+00:00","og_image":[{"width":1875,"height":1875,"url":"https:\/\/www.hopshop.eu\/wp-content\/uploads\/2019\/07\/electromagnetic-neck-and-back-massager-4a.jpg","type":"image\/jpeg"}],"twitter_card":"summary_large_image","twitter_misc":{"Odhadovan\u00e1 doba \u010dten\u00ed":"1 minuta"},"schema":{"@context":"https:\/\/schema.org","@graph":[{"@type":"WebPage","@id":"https:\/\/www.hopshop.eu\/cs\/produkt\/elektromagneticky-masazni-pristroj-na-krk-a-zada\/","url":"https:\/\/www.hopshop.eu\/cs\/produkt\/elektromagneticky-masazni-pristroj-na-krk-a-zada\/","name":"Elektromagnetick\u00fd mas\u00e1\u017en\u00ed p\u0159\u00edstroj na krk a z\u00e1da - Hopshop.eu","isPartOf":{"@id":"https:\/\/www.hopshop.eu\/cs\/#website"},"primaryImageOfPage":{"@id":"https:\/\/www.hopshop.eu\/cs\/produkt\/elektromagneticky-masazni-pristroj-na-krk-a-zada\/#primaryimage"},"image":{"@id":"https:\/\/www.hopshop.eu\/cs\/produkt\/elektromagneticky-masazni-pristroj-na-krk-a-zada\/#primaryimage"},"thumbnailUrl":"https:\/\/www.hopshop.eu\/wp-content\/uploads\/2019\/07\/electromagnetic-neck-and-back-massager-4a.jpg","datePublished":"2019-07-19T21:54:04+00:00","dateModified":"2020-01-27T07:56:03+00:00","breadcrumb":{"@id":"https:\/\/www.hopshop.eu\/cs\/produkt\/elektromagneticky-masazni-pristroj-na-krk-a-zada\/#breadcrumb"},"inLanguage":"cs","potentialAction":[{"@type":"ReadAction","target":["https:\/\/www.hopshop.eu\/cs\/produkt\/elektromagneticky-masazni-pristroj-na-krk-a-zada\/"]}]},{"@type":"ImageObject","inLanguage":"cs","@id":"https:\/\/www.hopshop.eu\/cs\/produkt\/elektromagneticky-masazni-pristroj-na-krk-a-zada\/#primaryimage","url":"https:\/\/www.hopshop.eu\/wp-content\/uploads\/2019\/07\/electromagnetic-neck-and-back-massager-4a.jpg","contentUrl":"https:\/\/www.hopshop.eu\/wp-content\/uploads\/2019\/07\/electromagnetic-neck-and-back-massager-4a.jpg","width":1875,"height":1875},{"@type":"BreadcrumbList","@id":"https:\/\/www.hopshop.eu\/cs\/produkt\/elektromagneticky-masazni-pristroj-na-krk-a-zada\/#breadcrumb","itemListElement":[{"@type":"ListItem","position":1,"name":"Home","item":"https:\/\/www.hopshop.eu\/cs\/"},{"@type":"ListItem","position":2,"name":"Obchod","item":"https:\/\/www.hopshop.eu\/cs\/obchod\/"},{"@type":"ListItem","position":3,"name":"Elektromagnetick\u00fd mas\u00e1\u017en\u00ed p\u0159\u00edstroj na krk a z\u00e1da"}]},{"@type":"WebSite","@id":"https:\/\/www.hopshop.eu\/cs\/#website","url":"https:\/\/www.hopshop.eu\/cs\/","name":"Hopshop.eu","description":"Spletni center ugodnih nakupov","potentialAction":[{"@type":"SearchAction","target":{"@type":"EntryPoint","urlTemplate":"https:\/\/www.hopshop.eu\/cs\/?s={search_term_string}"},"query-input":{"@type":"PropertyValueSpecification","valueRequired":true,"valueName":"search_term_string"}}],"inLanguage":"cs"}]}},"_links":{"self":[{"href":"https:\/\/www.hopshop.eu\/cs\/wp-json\/wp\/v2\/product\/1977","targetHints":{"allow":["GET"]}}],"collection":[{"href":"https:\/\/www.hopshop.eu\/cs\/wp-json\/wp\/v2\/product"}],"about":[{"href":"https:\/\/www.hopshop.eu\/cs\/wp-json\/wp\/v2\/types\/product"}],"replies":[{"embeddable":true,"href":"https:\/\/www.hopshop.eu\/cs\/wp-json\/wp\/v2\/comments?post=1977"}],"wp:featuredmedia":[{"embeddable":true,"href":"https:\/\/www.hopshop.eu\/cs\/wp-json\/wp\/v2\/media\/1975"}],"wp:attachment":[{"href":"https:\/\/www.hopshop.eu\/cs\/wp-json\/wp\/v2\/media?parent=1977"}],"wp:term":[{"taxonomy":"product_brand","embeddable":true,"href":"https:\/\/www.hopshop.eu\/cs\/wp-json\/wp\/v2\/product_brand?post=1977"},{"taxonomy":"product_cat","embeddable":true,"href":"https:\/\/www.hopshop.eu\/cs\/wp-json\/wp\/v2\/product_cat?post=1977"},{"taxonomy":"product_tag","embeddable":true,"href":"https:\/\/www.hopshop.eu\/cs\/wp-json\/wp\/v2\/product_tag?post=1977"}],"curies":[{"name":"wp","href":"https:\/\/api.w.org\/{rel}","templated":true}]}}